{"id":9563,"date":"2023-03-28T11:01:08","date_gmt":"2023-03-28T09:01:08","guid":{"rendered":"https:\/\/science-teaching.org\/?page_id=9563"},"modified":"2023-04-18T12:32:07","modified_gmt":"2023-04-18T10:32:07","slug":"evaluar-para-aprender","status":"publish","type":"page","link":"https:\/\/science-teaching.org\/es\/landings\/evaluar-para-aprender","title":{"rendered":""},"content":{"rendered":"\n<script type=\"application\/ld+json\">\n    {\n      \"@context\": \"https:\/\/schema.org\",\n      \"@type\": \"Event\",\n      \"name\": \"Evaluar para aprender. Una aproximaci\u00f3n basada en la investigaci\u00f3n de c\u00f3mo aprendemos\",\n      \"startDate\": \"2023-05-11T16:00\",\n      \"endDate\": \"2023-05-11T21:00\",\n      \"eventAttendanceMode\": \"https:\/\/schema.org\/OfflineEventAttendanceMode\",\n      \"eventStatus\": \"https:\/\/schema.org\/EventScheduled\",\n      \"location\": {\n        \"@type\": \"Place\",\n        \"name\": \"Auditorio de la Universidad de Deusto\",\n        \"address\": {\n          \"@type\": \"PostalAddress\",\n          \"streetAddress\": \"Avenida de las Universidades, 24\",\n          \"addressLocality\": \"Bilbao\",\n          \"postalCode\": \"48007\",\n          \"addressRegion\": \"Bizkaia\",\n          \"addressCountry\": \"ES\"\n        }\n      },\n\t  \"image\": \"https:\/\/science-teaching.org\/wp-content\/uploads\/2023\/04\/banner-istf-hector-bilbao.jpg\",\n      \"description\": \"El encuentro, dirigido a docentes y miembros de la comunidad educativa, se llevar\u00e1 a cabo en el Auditorio de la Universidad de Deusto (Bilbao), y tiene como objetivo dar a conocer c\u00f3mo la evaluaci\u00f3n influye en el aprendizaje, partiendo de la base de las \u00faltimas investigaciones sobre c\u00f3mo aprendemos.\",\n      \"offers\": {\n        \"@type\": \"Offer\",\n        \"url\": \"https:\/\/science-teaching.org\/es\/landings\/evaluar-para-aprender\",\n        \"price\": \"13.42\",\n        \"priceCurrency\": \"EUR\",\n        \"availability\": \"https:\/\/schema.org\/InStock\",\n        \"validFrom\": \"2023-04-15T09:00\"\n      },\n      \"performer\": [\n\t  {\n        \"@type\": \"Person\",\n        \"name\": \"H\u00e9ctor Ruiz Mart\u00edn\",\n\t\t\"image\": \"https:\/\/science-teaching.org\/researched\/wp-content\/uploads\/2023\/03\/hector-ruiz-azul.webp\",\n\t\t\"url\": \"https:\/\/science-teaching.org\/es\/\",\n\t\t\"sameAs\": [\n\t\t\t\"https:\/\/twitter.com\/hruizmartin\",\n\t\t\t\"https:\/\/www.linkedin.com\/in\/h%C3%A9ctor-ruiz-mart%C3%ADn-a61b7511\/\"\n\t\t\t],\n\t\t\"knows\": \"Director de International Science Teaching Foundation. Investigador y divulgador especializado en la neurociencia y la psicolog\u00eda cognitiva de la memoria y el aprendizaje.\"\n      }\n\t  ],\n      \"organizer\": {\n        \"@type\": \"Organization\",\n        \"name\": \"Science Teaching Foundation\",\n        \"url\": \"https:\/\/science-teaching.org\/\"\n      }\n    }\n    <\/script>\n\n\n\n<h1 class=\"wp-block-heading has-text-align-center has-x-large-font-size\">H\u00e9ctor Ruiz Mart\u00edn<br><mark style=\"background-color: rgba(0, 0, 0, 0); color: #24709c;\" class=\"has-inline-color\">Evaluar para aprender. Una aproximaci\u00f3n basada en la investigaci\u00f3n de c\u00f3mo aprendemos<\/mark><\/h1>\n\n\n\n<p class=\"has-medium-font-size\">El <strong>jueves 11 de mayo a las 16 horas, <\/strong>la International Science Teaching Foundation (ISTF) organiza un encuentro educativo en el que <strong>H\u00e9ctor Ruiz Mart\u00edn<\/strong> impartir\u00e1 la conferencia <strong><em>\u201cEvaluar para aprender: Una aproximaci\u00f3n basada en la investigaci\u00f3n de c\u00f3mo aprendemos\u201d<\/em><\/strong>.\u00a0.<\/p>\n\n\n\n<p class=\"has-medium-font-size\">El encuentro, dirigido a docentes y miembros de la comunidad educativa, se llevar\u00e1 a cabo en el <strong>Auditorio de la Universidad de Deusto (Bilbao)<\/strong>, y tiene como objetivo dar a conocer c\u00f3mo la evaluaci\u00f3n influye en el aprendizaje, partiendo de la base de las \u00faltimas investigaciones sobre c\u00f3mo aprendemos.<\/p>\n\n\n\n<div style=\"height:20px\" aria-hidden=\"true\" class=\"wp-block-spacer\"><\/div>\n\n\n\n<div class=\"wp-block-buttons is-layout-flex wp-block-buttons-is-layout-flex\">\n<div class=\"wp-block-button aligncenter\"><a class=\"wp-block-button__link has-white-color has-text-color has-background wp-element-button\" href=\"https:\/\/www.eventbrite.es\/e\/entradas-conferencia-hector-ruiz-martin-evaluar-para-aprender-580273452517\" style=\"background-color:#24709c\" target=\"_blank\" rel=\"noreferrer noopener\"><strong>INSCR\u00cdBETE<\/strong><\/a><\/div>\n<\/div>\n\n\n\n<div style=\"height:40px\" aria-hidden=\"true\" class=\"wp-block-spacer\"><\/div>\n\n\n\n<hr class=\"wp-block-separator has-text-color has-cyan-bluish-gray-color has-alpha-channel-opacity has-cyan-bluish-gray-background-color has-background\"\/>\n\n\n\n<div style=\"height:50px\" aria-hidden=\"true\" class=\"wp-block-spacer\"><\/div>\n\n\n\n<div class=\"wp-block-columns is-layout-flex wp-container-core-columns-is-layout-9d6595d7 wp-block-columns-is-layout-flex\">\n<div class=\"wp-block-column is-layout-flow wp-block-column-is-layout-flow\">\n<figure class=\"wp-block-image size-full is-resized\"><img loading=\"lazy\" decoding=\"async\" src=\"https:\/\/science-teaching.org\/wp-content\/uploads\/2022\/06\/hector-ruiz-martin.jpg\" alt=\"hector-ruiz-martin\" class=\"wp-image-6374\" width=\"404\" height=\"404\" srcset=\"https:\/\/science-teaching.org\/wp-content\/uploads\/2022\/06\/hector-ruiz-martin.jpg 909w, https:\/\/science-teaching.org\/wp-content\/uploads\/2022\/06\/hector-ruiz-martin-300x300.jpg 300w, https:\/\/science-teaching.org\/wp-content\/uploads\/2022\/06\/hector-ruiz-martin-150x150.jpg 150w, https:\/\/science-teaching.org\/wp-content\/uploads\/2022\/06\/hector-ruiz-martin-768x768.jpg 768w, https:\/\/science-teaching.org\/wp-content\/uploads\/2022\/06\/hector-ruiz-martin-525x525.jpg 525w, https:\/\/science-teaching.org\/wp-content\/uploads\/2022\/06\/hector-ruiz-martin-120x120.jpg 120w, https:\/\/science-teaching.org\/wp-content\/uploads\/2022\/06\/hector-ruiz-martin-125x125.jpg 125w\" sizes=\"auto, (max-width: 404px) 100vw, 404px\" \/><\/figure>\n<\/div>\n\n\n\n<div class=\"wp-block-column is-layout-flow wp-block-column-is-layout-flow\">\n<p class=\"has-medium-font-size\">El director de la International Science Teaching Foundation, H\u00e9ctor Ruiz Mart\u00edn, es bi\u00f3logo, investigador y divulgador especialista en los campos de la psicolog\u00eda cognitiva de la memoria y del aprendizaje, con un especial inter\u00e9s en su aplicaci\u00f3n en los contextos educativos. <\/p>\n\n\n\n<p class=\"has-medium-font-size\">En los \u00faltimos a\u00f1os ha trabajado en el desarrollo de recursos educativos fundamentados en la evidencia cient\u00edfica en torno al aprendizaje, ayudando a centenares de miles de estudiantes de Europa y Am\u00e9rica.<\/p>\n<\/div>\n<\/div>\n\n\n\n<p class=\"has-text-align-left has-medium-font-size\">H\u00e9ctor Ruiz Mart\u00edn ha sido, adem\u00e1s, asesor de diversos gobiernos e instituciones educativas en Espa\u00f1a, Latinoam\u00e9rica y Asia. Es autor de los libros <a rel=\"noreferrer noopener\" href=\"https:\/\/science-teaching.org\/es\/libros\/libro-como-aprendemos\" target=\"_blank\"><em><strong>\u00bfC\u00f3mo aprendemos?<\/strong><\/em><\/a><em>, <\/em><a rel=\"noreferrer noopener\" href=\"https:\/\/science-teaching.org\/es\/libros\/libro-conoce-tu-cerebro-para-aprender-a-aprender\" target=\"_blank\"><em><strong>Conoce tu cerebro para aprender a aprender<\/strong><\/em><\/a><em>, <\/em><a rel=\"noreferrer noopener\" href=\"https:\/\/www.amazon.es\/Aprendiendo-aprender-pr%C3%A1ctico-H%C3%A9ctor-Mart%C3%ADn\/dp\/8418045302\/ref=sr_1_2?adgrpid=71055904275&amp;gclid=CjwKCAiAu5agBhBzEiwAdiR5tJFv7vDxSUeVSRFDN8f9LYvJq8DprW_fT7rm-j1M6kIo3hd0905oLRoC_34QAvD_BwE&amp;hvadid=348084710592&amp;hvdev=c&amp;hvlocphy=9047033&amp;hvnetw=g&amp;hvqmt=e&amp;hvrand=2003227691573509312&amp;hvtargid=kwd-922698132158&amp;hydadcr=2006_1823650&amp;keywords=aprender+a+aprender+hector+ruiz&amp;qid=1678115106&amp;sr=8-2\" target=\"_blank\"><em><strong>Aprendiendo a aprender<\/strong><\/em><\/a> y <a rel=\"noreferrer noopener\" href=\"https:\/\/science-teaching.org\/es\/libros\/los-secretos-de-la-memoria\" target=\"_blank\"><em><strong>Los secretos de la memoria<\/strong><\/em><\/a>.<\/p>\n\n\n\n<div style=\"height:20px\" aria-hidden=\"true\" class=\"wp-block-spacer\"><\/div>\n\n\n\n<hr class=\"wp-block-separator has-text-color has-cyan-bluish-gray-color has-alpha-channel-opacity has-cyan-bluish-gray-background-color has-background\"\/>\n\n\n\n<h2 class=\"wp-block-heading has-text-align-left\"><mark style=\"background-color:rgba(0, 0, 0, 0);color:#24709c\" class=\"has-inline-color\"><strong>C\u00f3mo llegar<\/strong><\/mark><\/h2>\n\n\n\n<div class=\"wp-block-columns is-layout-flex wp-container-core-columns-is-layout-9d6595d7 wp-block-columns-is-layout-flex\">\n<div class=\"wp-block-column is-layout-flow wp-block-column-is-layout-flow\" style=\"flex-basis:33.33%\">\n<p class=\"has-medium-font-size\">Auditorio<br>Universidad de Deusto<br>Avenida de las Universidades, 24<br>48007 Bilbao<\/p>\n<\/div>\n\n\n\n<div class=\"wp-block-column is-layout-flow wp-block-column-is-layout-flow\" style=\"flex-basis:66.66%\">\n<figure class=\"wp-block-image size-full\"><a href=\"https:\/\/www.google.com\/maps\/place\/Universidad+de+Deusto\/@43.2712452,-2.9385576,17z\/data=!3m1!4b1!4m6!3m5!1s0xd4e50207f52c445:0x6ea1bd3e8bae3141!8m2!3d43.2712452!4d-2.9385576!16zL20vMDUxYnlu\" target=\"_blank\" rel=\"noreferrer noopener\"><img loading=\"lazy\" decoding=\"async\" width=\"961\" height=\"543\" src=\"https:\/\/science-teaching.org\/wp-content\/uploads\/2023\/03\/maps.jpg\" alt=\"\" class=\"wp-image-9571\" srcset=\"https:\/\/science-teaching.org\/wp-content\/uploads\/2023\/03\/maps.jpg 961w, https:\/\/science-teaching.org\/wp-content\/uploads\/2023\/03\/maps-300x170.jpg 300w, https:\/\/science-teaching.org\/wp-content\/uploads\/2023\/03\/maps-768x434.jpg 768w, https:\/\/science-teaching.org\/wp-content\/uploads\/2023\/03\/maps-700x396.jpg 700w\" sizes=\"auto, (max-width: 961px) 100vw, 961px\" \/><\/a><\/figure>\n<\/div>\n<\/div>\n\n\n\n<div style=\"height:27px\" aria-hidden=\"true\" class=\"wp-block-spacer\"><\/div>\n\n\n\n<div class=\"wp-block-buttons is-content-justification-center is-layout-flex wp-container-core-buttons-is-layout-16018d1d wp-block-buttons-is-layout-flex\">\n<div class=\"wp-block-button\"><a class=\"wp-block-button__link has-white-color has-text-color has-background wp-element-button\" href=\"https:\/\/www.eventbrite.es\/e\/entradas-conferencia-hector-ruiz-martin-evaluar-para-aprender-580273452517\" style=\"background-color:#24709c\" target=\"_blank\" rel=\"noreferrer noopener\"><strong>FORMULARIO DE INSCRIPCI\u00d3N<\/strong><\/a><\/div>\n<\/div>\n\n\n\n<div style=\"height:27px\" aria-hidden=\"true\" class=\"wp-block-spacer\"><\/div>\n\n\n\n<p class=\"has-text-align-center\" style=\"font-size:16px\">*Si tienes alg\u00fan problema para ver el formulario, por favor contacta con nosotros en&nbsp;<a rel=\"noreferrer noopener\" href=\"mailto:communication@science-teaching.org\" target=\"_blank\"><strong>communication@science-teaching.org<\/strong><\/a><\/p>\n\n\n\n<div style=\"height:27px\" aria-hidden=\"true\" class=\"wp-block-spacer\"><\/div>\n\n\n\n<hr class=\"wp-block-separator has-text-color has-cyan-bluish-gray-color has-alpha-channel-opacity has-cyan-bluish-gray-background-color has-background\"\/>\n\n\n\n<div style=\"height:27px\" aria-hidden=\"true\" class=\"wp-block-spacer\"><\/div>\n\n\n\n<p><strong>Con la colaboraci\u00f3n de<\/strong><\/p>\n\n\n\n<figure class=\"wp-block-image size-full is-resized\"><img loading=\"lazy\" decoding=\"async\" src=\"https:\/\/science-teaching.org\/wp-content\/uploads\/2022\/04\/SB-banner-logo-landing-form-webinar-raul-febles.png\" alt=\"\" class=\"wp-image-5866\" width=\"251\" height=\"105\" srcset=\"https:\/\/science-teaching.org\/wp-content\/uploads\/2022\/04\/SB-banner-logo-landing-form-webinar-raul-febles.png 501w, https:\/\/science-teaching.org\/wp-content\/uploads\/2022\/04\/SB-banner-logo-landing-form-webinar-raul-febles-300x125.png 300w\" sizes=\"auto, (max-width: 251px) 100vw, 251px\" \/><\/figure>\n\n\n\n<p style=\"font-size:17px\"><a rel=\"noreferrer noopener\" href=\"https:\/\/science-teaching.org\/es\/ciencia\/didactica-ciencia\/activa-tus-clases-de-ciencias\" target=\"_blank\"><strong><mark style=\"background-color:rgba(0, 0, 0, 0);color:#24709c\" class=\"has-inline-color\">Science Bits<\/mark><\/strong><\/a> es un proyecto curricular para la ense\u00f1anza y el aprendizaje de las ciencias en Educaci\u00f3n Secundaria dise\u00f1ado a partir de evidencias sobre c\u00f3mo aprendemos que aumentan la motivaci\u00f3n y mejoran el aprendizaje de los estudiantes.<\/p>\n\n\n\n<div style=\"height:30px\" aria-hidden=\"true\" class=\"wp-block-spacer\"><\/div>\n\n\n\n<figure class=\"wp-block-image size-full is-resized\"><img loading=\"lazy\" decoding=\"async\" src=\"https:\/\/science-teaching.org\/wp-content\/uploads\/2022\/03\/MB-banner-logo-landing-form-webinar-pablo-fracciones-decimales.png\" alt=\"\" class=\"wp-image-4978\" width=\"235\" height=\"120\" srcset=\"https:\/\/science-teaching.org\/wp-content\/uploads\/2022\/03\/MB-banner-logo-landing-form-webinar-pablo-fracciones-decimales.png 469w, https:\/\/science-teaching.org\/wp-content\/uploads\/2022\/03\/MB-banner-logo-landing-form-webinar-pablo-fracciones-decimales-300x154.png 300w\" sizes=\"auto, (max-width: 235px) 100vw, 235px\" \/><\/figure>\n\n\n\n<p style=\"font-size:17px\"><strong><a rel=\"noreferrer noopener\" href=\"https:\/\/science-teaching.org\/es\/matematicas\/didactica-matematicas\/activa-tus-clases-de-matematicas\" target=\"_blank\"><mark style=\"background-color:rgba(0, 0, 0, 0);color:#24709c\" class=\"has-inline-color\">Math Bits<\/mark><\/a><\/strong> es un proyecto para la ense\u00f1anza y el aprendizaje de las matem\u00e1ticas en Educaci\u00f3n Secundaria, basado en la investigaci\u00f3n en did\u00e1ctica de las matem\u00e1ticas y en ciencias del aprendizaje, por un equipo interdisciplinar de reconocidos investigadores en estas \u00e1reas, profesores y desarrolladores de tecnolog\u00eda educativa.<\/p>\n\n\n\n<div style=\"height:30px\" aria-hidden=\"true\" class=\"wp-block-spacer\"><\/div>\n","protected":false},"excerpt":{"rendered":"<p>H\u00e9ctor Ruiz Mart\u00ednEvaluar para aprender. Una aproximaci\u00f3n basada en la investigaci\u00f3n de c\u00f3mo aprendemos El jueves 11 de mayo a las 16 horas, la International Science Teaching Foundation (ISTF) organiza un encuentro educativo en el que H\u00e9ctor Ruiz Mart\u00edn impartir\u00e1 la conferencia \u201cEvaluar para aprender: Una aproximaci\u00f3n basada en la investigaci\u00f3n de c\u00f3mo aprendemos\u201d.\u00a0. El1<\/p>\n","protected":false},"author":2,"featured_media":0,"parent":9540,"menu_order":0,"comment_status":"closed","ping_status":"closed","template":"","meta":{"footnotes":""},"class_list":["post-9563","page","type-page","status-publish","hentry"],"_links":{"self":[{"href":"https:\/\/science-teaching.org\/es\/wp-json\/wp\/v2\/pages\/9563","targetHints":{"allow":["GET"]}}],"collection":[{"href":"https:\/\/science-teaching.org\/es\/wp-json\/wp\/v2\/pages"}],"about":[{"href":"https:\/\/science-teaching.org\/es\/wp-json\/wp\/v2\/types\/page"}],"author":[{"embeddable":true,"href":"https:\/\/science-teaching.org\/es\/wp-json\/wp\/v2\/users\/2"}],"replies":[{"embeddable":true,"href":"https:\/\/science-teaching.org\/es\/wp-json\/wp\/v2\/comments?post=9563"}],"version-history":[{"count":27,"href":"https:\/\/science-teaching.org\/es\/wp-json\/wp\/v2\/pages\/9563\/revisions"}],"predecessor-version":[{"id":9629,"href":"https:\/\/science-teaching.org\/es\/wp-json\/wp\/v2\/pages\/9563\/revisions\/9629"}],"up":[{"embeddable":true,"href":"https:\/\/science-teaching.org\/es\/wp-json\/wp\/v2\/pages\/9540"}],"wp:attachment":[{"href":"https:\/\/science-teaching.org\/es\/wp-json\/wp\/v2\/media?parent=9563"}],"curies":[{"name":"wp","href":"https:\/\/api.w.org\/{rel}","templated":true}]}}