{"id":6784,"date":"2022-10-07T06:36:40","date_gmt":"2022-10-07T04:36:40","guid":{"rendered":"https:\/\/science-teaching.org\/?page_id=6784"},"modified":"2022-11-16T11:10:22","modified_gmt":"2022-11-16T10:10:22","slug":"nuevos-horizontes-para-la-ensenanza-motivacion-y-tecnologia","status":"publish","type":"page","link":"https:\/\/science-teaching.org\/es\/nuevos-horizontes-para-la-ensenanza-motivacion-y-tecnologia","title":{"rendered":"Jornada educativa \u00b7 14 de Noviembre \u00b7 Espacio CEA (Chile)"},"content":{"rendered":"\n<figure class=\"wp-block-image size-full\"><img loading=\"lazy\" decoding=\"async\" width=\"2438\" height=\"596\" src=\"https:\/\/science-teaching.org\/wp-content\/uploads\/2022\/11\/banner-landing-EVENTO-Santiago-de-Chile-4.jpg\" alt=\"\" class=\"wp-image-8394\" srcset=\"https:\/\/science-teaching.org\/wp-content\/uploads\/2022\/11\/banner-landing-EVENTO-Santiago-de-Chile-4.jpg 2438w, https:\/\/science-teaching.org\/wp-content\/uploads\/2022\/11\/banner-landing-EVENTO-Santiago-de-Chile-4-300x73.jpg 300w, https:\/\/science-teaching.org\/wp-content\/uploads\/2022\/11\/banner-landing-EVENTO-Santiago-de-Chile-4-1024x250.jpg 1024w, https:\/\/science-teaching.org\/wp-content\/uploads\/2022\/11\/banner-landing-EVENTO-Santiago-de-Chile-4-768x188.jpg 768w, https:\/\/science-teaching.org\/wp-content\/uploads\/2022\/11\/banner-landing-EVENTO-Santiago-de-Chile-4-1536x375.jpg 1536w, https:\/\/science-teaching.org\/wp-content\/uploads\/2022\/11\/banner-landing-EVENTO-Santiago-de-Chile-4-2048x501.jpg 2048w, https:\/\/science-teaching.org\/wp-content\/uploads\/2022\/11\/banner-landing-EVENTO-Santiago-de-Chile-4-700x171.jpg 700w\" sizes=\"auto, (max-width: 2438px) 100vw, 2438px\" \/><\/figure>\n\n\n\n<p style=\"font-size:14px\">ISTF, 10 de octubre de 2022<\/p>\n\n\n\n<div style=\"height:10px\" aria-hidden=\"true\" class=\"wp-block-spacer\"><\/div>\n\n\n\n<p class=\"has-text-align-left\" style=\"font-size:21px\">El lunes 14 de noviembre, de 15 a 18.30 h, la International Science Teaching Foundation (ISTF) organiza la Jornada Educativa \u2018Nuevos Horizontes para la Ense\u00f1anza: Motivaci\u00f3n y Tecnolog\u00eda\u2019<mark style=\"background-color:rgba(0, 0, 0, 0);color:#24709c\" class=\"has-inline-color\"> <\/mark>en el Espacio CEA, Antonio Bellet 314, Providencia (Chile), con el objetivo de dar a conocer herramientas, recursos y estrategias tanto pedag\u00f3gicas como tecnol\u00f3gicas a todos los miembros de la comunidad educativa.<\/p>\n\n\n\n<p class=\"has-text-align-left\" style=\"font-size:21px\">Los participantes tendr\u00e1n la oportunidad de conocer, de la mano de destacados profesionales de la educaci\u00f3n, las nuevas perspectivas y enfoques punteros en la ense\u00f1anza relacionados con la motivaci\u00f3n y con la incorporaci\u00f3n de las \u00faltimas tecnolog\u00edas en el d\u00eda a d\u00eda del aula a trav\u00e9s de conferencias y talleres.<\/p>\n\n\n\n<div style=\"height:25px\" aria-hidden=\"true\" class=\"wp-block-spacer\"><\/div>\n\n\n\n<p class=\"has-text-align-center has-vivid-cyan-blue-color has-text-color\" style=\"font-size:23px\"><strong><mark style=\"background-color:rgba(0, 0, 0, 0)\" class=\"has-inline-color has-cyan-bluish-gray-color\">\u00a1PLAZAS AGOTADAS!<\/mark><\/strong> No se aceptan m\u00e1s inscripciones.<\/p>\n\n\n\n<div style=\"height:20px\" aria-hidden=\"true\" class=\"wp-block-spacer\"><\/div>\n\n\n\n<div style=\"height:40px\" aria-hidden=\"true\" class=\"wp-block-spacer\"><\/div>\n\n\n\n<p style=\"font-size:26px\"><strong><mark style=\"background-color:rgba(0, 0, 0, 0);color:#24709c\" class=\"has-inline-color\">PROGRAMA DE LA JORNADA EDUCATIVA<\/mark><\/strong><\/p>\n\n\n\n<hr class=\"wp-block-separator has-text-color has-alpha-channel-opacity has-background is-style-wide\" style=\"background-color:#24709c;color:#24709c\"\/>\n\n\n\n<div style=\"height:30px\" aria-hidden=\"true\" class=\"wp-block-spacer\"><\/div>\n\n\n\n<div class=\"wp-block-columns is-layout-flex wp-container-core-columns-is-layout-9d6595d7 wp-block-columns-is-layout-flex\">\n<div class=\"wp-block-column is-layout-flow wp-block-column-is-layout-flow\" style=\"flex-basis:33.33%\">\n<figure class=\"wp-block-image size-full\"><img loading=\"lazy\" decoding=\"async\" width=\"709\" height=\"473\" src=\"https:\/\/science-teaching.org\/wp-content\/uploads\/2022\/10\/landing-foto-hector-ruiz-martin.jpg\" alt=\"\" class=\"wp-image-8354\" srcset=\"https:\/\/science-teaching.org\/wp-content\/uploads\/2022\/10\/landing-foto-hector-ruiz-martin.jpg 709w, https:\/\/science-teaching.org\/wp-content\/uploads\/2022\/10\/landing-foto-hector-ruiz-martin-300x200.jpg 300w, https:\/\/science-teaching.org\/wp-content\/uploads\/2022\/10\/landing-foto-hector-ruiz-martin-700x467.jpg 700w\" sizes=\"auto, (max-width: 709px) 100vw, 709px\" \/><\/figure>\n<\/div>\n\n\n\n<div class=\"wp-block-column is-layout-flow wp-block-column-is-layout-flow\" style=\"flex-basis:66.66%\">\n<p style=\"font-size:23px\"><strong><mark style=\"background-color:rgba(0, 0, 0, 0)\" class=\"has-inline-color has-cyan-bluish-gray-color\">CONFERENCIA INAUGURAL<\/mark><\/strong><\/p>\n\n\n\n<p style=\"font-size:19px\">El director de la ISTF, H\u00e9ctor Ruiz Mart\u00edn, bi\u00f3logo e investigador en los campos de la psicolog\u00eda cognitiva de la memoria y del aprendizaje, impartir\u00e1 la conferencia \u2018Qu\u00e9 nos dice la ciencia sobre c\u00f3mo motivar a los estudiantes\u2019, en la que reflexionar\u00e1 sobre c\u00f3mo la investigaci\u00f3n educativa avala la necesidad de incorporar estrategias motivadoras en nuestras clases. <\/p>\n<\/div>\n<\/div>\n\n\n\n<p class=\"has-text-align-left\" style=\"font-size:19px\">H\u00e9ctor Ruiz Mart\u00edn ha trabajado en el desarrollo de recursos educativos fundamentados en la evidencia cient\u00edfica en torno al aprendizaje, que han alcanzado a centenares de miles de estudiantes en Europa y Am\u00e9rica. Adem\u00e1s, ha sido asesor de diversos gobiernos e instituciones educativas en Espa\u00f1a, Asia y Latinoam\u00e9rica. Es tambi\u00e9n autor de <strong><a href=\"https:\/\/science-teaching.org\/es\/didactica\/libro-como-aprendemos\" target=\"_blank\" rel=\"noreferrer noopener\">\u00bfC\u00f3mo aprendemos?<\/a><\/strong> (Editorial Gra\u00f3 y ISTF), <strong><a href=\"https:\/\/www.penguinlibros.com\/es\/ciencia-y-tecnologia\/38963-libro-aprendiendo-a-aprender-9788418045301\" target=\"_blank\" rel=\"noreferrer noopener\">Aprendiendo a aprender<\/a><\/strong> (Editorial Vergara) y <strong><a href=\"https:\/\/science-teaching.org\/es\/didactica\/libro-conoce-tu-cerebro-para-aprender-a-aprender\" target=\"_blank\" rel=\"noreferrer noopener\">Conoce tu cerebro para aprender a aprender<\/a><\/strong> (ISTF).<\/p>\n\n\n\n<div style=\"height:29px\" aria-hidden=\"true\" class=\"wp-block-spacer\"><\/div>\n\n\n\n<div class=\"wp-block-columns is-layout-flex wp-container-core-columns-is-layout-9d6595d7 wp-block-columns-is-layout-flex\">\n<div class=\"wp-block-column is-layout-flow wp-block-column-is-layout-flow\" style=\"flex-basis:33.33%\">\n<figure class=\"wp-block-image size-full\"><img loading=\"lazy\" decoding=\"async\" width=\"700\" height=\"467\" src=\"https:\/\/science-teaching.org\/wp-content\/uploads\/2022\/10\/Juan-cita-2.jpg\" alt=\"\" class=\"wp-image-6915\" srcset=\"https:\/\/science-teaching.org\/wp-content\/uploads\/2022\/10\/Juan-cita-2.jpg 700w, https:\/\/science-teaching.org\/wp-content\/uploads\/2022\/10\/Juan-cita-2-300x200.jpg 300w\" sizes=\"auto, (max-width: 700px) 100vw, 700px\" \/><\/figure>\n<\/div>\n\n\n\n<div class=\"wp-block-column is-layout-flow wp-block-column-is-layout-flow\" style=\"flex-basis:66.66%\">\n<p style=\"font-size:23px\"><strong><mark style=\"background-color:rgba(0, 0, 0, 0)\" class=\"has-inline-color has-cyan-bluish-gray-color\">TALLERES DE INNOVACI\u00d3N<\/mark><\/strong><\/p>\n\n\n\n<p style=\"font-size:19px\">Science Bits y Nivel A incidir\u00e1n en la importancia de integrar tecnolog\u00eda con sentido pedag\u00f3gico en clase y en los beneficios que ello comporta. Science Bits expondr\u00e1 su <strong><a href=\"https:\/\/science-teaching.org\/es\/didactica\/un-nuevo-estudio-avala-la-eficacia-de-science-bits?utm_source=istf&amp;utm_medium=post&amp;utm_campaign=nuevos-horizontes\" target=\"_blank\" rel=\"noreferrer noopener\">\u2018Propuesta curricular para aprender ciencia haciendo ciencia\u2019, cuya eficacia se ha validado cient\u00edficamente<\/a><\/strong>; y Nivel A, por su parte, dar\u00e1 el <strong>coloquio \u2018Innovando para la integraci\u00f3n y apropiaci\u00f3n tecnol\u00f3gica en el aula\u2019<\/strong>, que analiza el rol del docente ante las nuevas tecnolog\u00edas.<\/p>\n<\/div>\n<\/div>\n\n\n\n<div class=\"wp-block-columns is-layout-flex wp-container-core-columns-is-layout-9d6595d7 wp-block-columns-is-layout-flex\">\n<div class=\"wp-block-column is-layout-flow wp-block-column-is-layout-flow\" style=\"flex-basis:33.33%\">\n<figure class=\"wp-block-image size-large\"><img loading=\"lazy\" decoding=\"async\" width=\"1024\" height=\"683\" src=\"https:\/\/science-teaching.org\/wp-content\/uploads\/2022\/10\/Makerspace_von_Hohenloher_-_die_Bildungseinrichtungen_von_Waldner-1024x683.jpeg\" alt=\"\" class=\"wp-image-6922\" srcset=\"https:\/\/science-teaching.org\/wp-content\/uploads\/2022\/10\/Makerspace_von_Hohenloher_-_die_Bildungseinrichtungen_von_Waldner-1024x683.jpeg 1024w, https:\/\/science-teaching.org\/wp-content\/uploads\/2022\/10\/Makerspace_von_Hohenloher_-_die_Bildungseinrichtungen_von_Waldner-300x200.jpeg 300w, https:\/\/science-teaching.org\/wp-content\/uploads\/2022\/10\/Makerspace_von_Hohenloher_-_die_Bildungseinrichtungen_von_Waldner-768x512.jpeg 768w, https:\/\/science-teaching.org\/wp-content\/uploads\/2022\/10\/Makerspace_von_Hohenloher_-_die_Bildungseinrichtungen_von_Waldner-700x467.jpeg 700w, https:\/\/science-teaching.org\/wp-content\/uploads\/2022\/10\/Makerspace_von_Hohenloher_-_die_Bildungseinrichtungen_von_Waldner.jpeg 1200w\" sizes=\"auto, (max-width: 1024px) 100vw, 1024px\" \/><\/figure>\n<\/div>\n\n\n\n<div class=\"wp-block-column is-layout-flow wp-block-column-is-layout-flow\" style=\"flex-basis:66.66%\">\n<p style=\"font-size:23px\"><strong><mark style=\"background-color:rgba(0, 0, 0, 0)\" class=\"has-inline-color has-cyan-bluish-gray-color\">ESPACIO MAKER<\/mark><\/strong><\/p>\n\n\n\n<p style=\"font-size:19px\">La Jornada dispondr\u00e1 de un Espacio Maker, dise\u00f1ado para que puedan conocer las \u00faltimas tendencias en equipamiento tecnol\u00f3gico, materiales y mobiliario para un aula dise\u00f1ada especialmente para crear, construir, pensar y ejecutar proyectos.<\/p>\n<\/div>\n<\/div>\n\n\n\n<div class=\"wp-block-columns is-layout-flex wp-container-core-columns-is-layout-9d6595d7 wp-block-columns-is-layout-flex\">\n<div class=\"wp-block-column is-layout-flow wp-block-column-is-layout-flow\" style=\"flex-basis:33.33%\">\n<figure class=\"wp-block-image size-full\"><img loading=\"lazy\" decoding=\"async\" width=\"1024\" height=\"683\" src=\"https:\/\/science-teaching.org\/wp-content\/uploads\/2022\/10\/sorteo-iStock-1386967138.jpg\" alt=\"\" class=\"wp-image-8258\" srcset=\"https:\/\/science-teaching.org\/wp-content\/uploads\/2022\/10\/sorteo-iStock-1386967138.jpg 1024w, https:\/\/science-teaching.org\/wp-content\/uploads\/2022\/10\/sorteo-iStock-1386967138-300x200.jpg 300w, https:\/\/science-teaching.org\/wp-content\/uploads\/2022\/10\/sorteo-iStock-1386967138-768x512.jpg 768w, https:\/\/science-teaching.org\/wp-content\/uploads\/2022\/10\/sorteo-iStock-1386967138-700x467.jpg 700w\" sizes=\"auto, (max-width: 1024px) 100vw, 1024px\" \/><\/figure>\n<\/div>\n\n\n\n<div class=\"wp-block-column is-layout-flow wp-block-column-is-layout-flow\" style=\"flex-basis:66.66%\">\n<p style=\"font-size:23px\"><strong><mark style=\"background-color:rgba(0, 0, 0, 0)\" class=\"has-inline-color has-cyan-bluish-gray-color\">SORTEO.<\/mark><\/strong> Los asistentes participar\u00e1n en el&nbsp;Sorteo&nbsp;de:<\/p>\n\n\n\n<ul class=\"wp-block-list\" style=\"font-size:17px\"><li>Tablet Hyundai de 10&#8243; modelo 10WB1.<\/li><li>Varios libros de H\u00e9ctor Ruiz Mart\u00edn.<\/li><li>Suscripciones a Science Bits. <\/li><li>2 sillas modelo Node.<\/li><li>1 Chromebook. <\/li><li>Kit de rob\u00f3tica evita obst\u00e1culo.<\/li><\/ul>\n<\/div>\n<\/div>\n\n\n\n<div style=\"height:25px\" aria-hidden=\"true\" class=\"wp-block-spacer\"><\/div>\n\n\n\n<figure class=\"wp-block-image size-full\"><a href=\"https:\/\/science-teaching.org\/wp-content\/uploads\/2022\/11\/Cronograma-EVENTO-Santiago-de-Chile-.jpg\" target=\"_blank\" rel=\"noreferrer noopener\"><img loading=\"lazy\" decoding=\"async\" width=\"1170\" height=\"200\" src=\"https:\/\/science-teaching.org\/wp-content\/uploads\/2022\/11\/descarga-el-programa-aqui.png\" alt=\"\" class=\"wp-image-8409\" srcset=\"https:\/\/science-teaching.org\/wp-content\/uploads\/2022\/11\/descarga-el-programa-aqui.png 1170w, https:\/\/science-teaching.org\/wp-content\/uploads\/2022\/11\/descarga-el-programa-aqui-300x51.png 300w, https:\/\/science-teaching.org\/wp-content\/uploads\/2022\/11\/descarga-el-programa-aqui-1024x175.png 1024w, https:\/\/science-teaching.org\/wp-content\/uploads\/2022\/11\/descarga-el-programa-aqui-768x131.png 768w, https:\/\/science-teaching.org\/wp-content\/uploads\/2022\/11\/descarga-el-programa-aqui-700x120.png 700w\" sizes=\"auto, (max-width: 1170px) 100vw, 1170px\" \/><\/a><\/figure>\n\n\n\n<div style=\"height:80px\" aria-hidden=\"true\" class=\"wp-block-spacer\"><\/div>\n\n\n\n<p class=\"has-medium-font-size\"><mark style=\"background-color:rgba(0, 0, 0, 0);color:#24709c\" class=\"has-inline-color\"><strong>C\u00d3MO LLEGAR<\/strong><\/mark><\/p>\n\n\n\n<hr class=\"wp-block-separator has-text-color has-alpha-channel-opacity has-background is-style-wide\" style=\"background-color:#24709c;color:#24709c\"\/>\n\n\n\n<div style=\"height:20px\" aria-hidden=\"true\" class=\"wp-block-spacer\"><\/div>\n\n\n\n<p class=\"has-text-align-left has-medium-font-size\">Espacio CEA, Antonio Bellet 314, Providencia, RM (Chile)<\/p>\n\n\n\n<iframe src=\"https:\/\/www.google.com\/maps\/embed?pb=!1m18!1m12!1m3!1d832.4854295346925!2d-70.61974327063903!3d-33.4247638!2m3!1f0!2f0!3f0!3m2!1i1024!2i768!4f13.1!3m3!1m2!1s0x9662cf6229bd5c05%3A0xa4f2ef66dc6987d1!2sAntonio%20Bellet%20314%2C%20Providencia%2C%20Regi%C3%B3n%20Metropolitana%2C%20Chile!5e0!3m2!1ses!2ses!4v1665136348753!5m2!1ses!2ses\" width=\"100%\" height=\"auto\" style=\"border:0;\" allowfullscreen=\"\" loading=\"lazy\" referrerpolicy=\"no-referrer-when-downgrade\"><\/iframe>\n\n\n\n<div style=\"height:80px\" aria-hidden=\"true\" class=\"wp-block-spacer\"><\/div>\n\n\n<div class=\"wp-block-image\">\n<figure class=\"aligncenter size-large\"><a href=\"https:\/\/science-teaching.org\/wp-content\/uploads\/2022\/10\/Flyer-EVENTO-Santiago-de-Chile-1-1.jpg\" target=\"_blank\" rel=\"noreferrer noopener\"><img loading=\"lazy\" decoding=\"async\" width=\"1024\" height=\"175\" src=\"https:\/\/science-teaching.org\/wp-content\/uploads\/2022\/10\/descarga-el-flyer-aqui-3-1024x175.png\" alt=\"\" class=\"wp-image-8262\" srcset=\"https:\/\/science-teaching.org\/wp-content\/uploads\/2022\/10\/descarga-el-flyer-aqui-3-1024x175.png 1024w, https:\/\/science-teaching.org\/wp-content\/uploads\/2022\/10\/descarga-el-flyer-aqui-3-300x51.png 300w, https:\/\/science-teaching.org\/wp-content\/uploads\/2022\/10\/descarga-el-flyer-aqui-3-768x131.png 768w, https:\/\/science-teaching.org\/wp-content\/uploads\/2022\/10\/descarga-el-flyer-aqui-3-700x120.png 700w, https:\/\/science-teaching.org\/wp-content\/uploads\/2022\/10\/descarga-el-flyer-aqui-3.png 1170w\" sizes=\"auto, (max-width: 1024px) 100vw, 1024px\" \/><\/a><\/figure>\n<\/div>\n\n\n<div style=\"height:40px\" aria-hidden=\"true\" class=\"wp-block-spacer\"><\/div>\n\n\n\n<p class=\"has-medium-font-size\"><strong><mark style=\"background-color:rgba(0, 0, 0, 0);color:#24709c\" class=\"has-inline-color\">ORGANIZA<\/mark><\/strong><\/p>\n\n\n\n<hr class=\"wp-block-separator has-text-color has-alpha-channel-opacity has-background is-style-wide\" style=\"background-color:#24709c;color:#24709c\"\/>\n\n\n\n<figure class=\"wp-block-image size-full is-style-default\"><a href=\"https:\/\/science-teaching.org\/\" target=\"_blank\" rel=\"noreferrer noopener\"><img loading=\"lazy\" decoding=\"async\" width=\"240\" height=\"115\" src=\"https:\/\/science-teaching.org\/wp-content\/uploads\/2022\/03\/ISTF-ok-banner-logo-landing-form-webinar-pablo-fracciones-decimales.png\" alt=\"International Science Teaching Foundation\" class=\"wp-image-4977\"\/><\/a><\/figure>\n\n\n\n<figure class=\"wp-block-image size-full is-resized\"><img loading=\"lazy\" decoding=\"async\" width=\"678\" height=\"190\" src=\"https:\/\/science-teaching.org\/wp-content\/uploads\/2022\/06\/logo_istf_horizontal.png\" alt=\"logo_istf_horizontal\" class=\"wp-image-6380\" style=\"width:261px;height:auto\" srcset=\"https:\/\/science-teaching.org\/wp-content\/uploads\/2022\/06\/logo_istf_horizontal.png 678w, https:\/\/science-teaching.org\/wp-content\/uploads\/2022\/06\/logo_istf_horizontal-300x84.png 300w\" sizes=\"auto, (max-width: 678px) 100vw, 678px\" \/><\/figure>\n\n\n\n<p style=\"font-size:17px\">La <strong><a rel=\"noreferrer noopener\" href=\"https:\/\/science-teaching.org\/es\/\" data-type=\"URL\" data-id=\"https:\/\/science-teaching.org\/es\/\" target=\"_blank\"><span style=\"background-color:rgba(0, 0, 0, 0);color: #24709c;\" class=\"has-inline-color\">International Science Teaching Foundation (ISTF)<\/span><\/a><\/strong> es una organizaci\u00f3n sin \u00e1nimo de lucro con sede en Londres, Reino Unido. Somos una entidad global comprometida con la mejora de la ense\u00f1anza de las materias STEM a escala planetaria. Colaboramos con docentes y educadores expertos en las materias cient\u00edfico-tecnol\u00f3gicas con diferentes bagajes. Nuestra intenci\u00f3n es crear una comunidad internacional de profesionales de la educaci\u00f3n STEM con dedicaci\u00f3n activa y compromiso.<\/p>\n\n\n\n<div style=\"height:15px\" aria-hidden=\"true\" class=\"wp-block-spacer\"><\/div>\n\n\n\n<figure class=\"wp-block-image size-full is-resized\"><a href=\"https:\/\/science-bits.cl\/site\/es\/?utm_source=istf&amp;utm_medium=post&amp;utm_campaign=nuevos-horizontes\" target=\"_blank\" rel=\"noreferrer noopener\"><img loading=\"lazy\" decoding=\"async\" src=\"https:\/\/science-teaching.org\/wp-content\/uploads\/2021\/03\/logo_sb_rgb.png\" alt=\"\" class=\"wp-image-2044\" width=\"211\" height=\"82\" srcset=\"https:\/\/science-teaching.org\/wp-content\/uploads\/2021\/03\/logo_sb_rgb.png 421w, https:\/\/science-teaching.org\/wp-content\/uploads\/2021\/03\/logo_sb_rgb-300x117.png 300w\" sizes=\"auto, (max-width: 211px) 100vw, 211px\" \/><\/a><\/figure>\n\n\n\n<div style=\"height:10px\" aria-hidden=\"true\" class=\"wp-block-spacer\"><\/div>\n\n\n\n<p style=\"font-size:17px\"><a rel=\"noreferrer noopener\" href=\"https:\/\/science-bits.com\/site\/en\/discover-science-bits-curriculum\/?utm_source=istf&amp;utm_medium=post&amp;utm_campaign=the-motivational-mindset\" target=\"_blank\"><strong>Science Bits<\/strong><\/a> es un proyecto curricular para la ense\u00f1anza y el aprendizaje de las ciencias en Educaci\u00f3n Secundaria dise\u00f1ado a partir de evidencias sobre c\u00f3mo aprendemos que aumentan la motivaci\u00f3n y mejoran el aprendizaje de los alumnos.<\/p>\n\n\n\n<div style=\"height:39px\" aria-hidden=\"true\" class=\"wp-block-spacer\"><\/div>\n\n\n\n<p class=\"has-medium-font-size\"><strong><mark style=\"background-color:rgba(0, 0, 0, 0);color:#24709c\" class=\"has-inline-color\">PARTNERS<\/mark><\/strong><\/p>\n\n\n\n<hr class=\"wp-block-separator has-text-color has-alpha-channel-opacity has-background is-style-wide\" style=\"background-color:#24709c;color:#24709c\"\/>\n\n\n\n<div style=\"height:10px\" aria-hidden=\"true\" class=\"wp-block-spacer\"><\/div>\n\n\n\n<figure class=\"wp-block-image size-full is-resized\"><img loading=\"lazy\" decoding=\"async\" src=\"https:\/\/science-teaching.org\/wp-content\/uploads\/2022\/10\/logo_nivelA-web-1.jpg\" alt=\"\" class=\"wp-image-6829\" width=\"225\" height=\"88\"\/><\/figure>\n\n\n\n<p style=\"font-size:15px\"><strong><a href=\"http:\/\/nivelachile.cl\" target=\"_blank\" rel=\"noreferrer noopener\">Nivel A<\/a><\/strong>&nbsp;son partners de Google for Education. Su misi\u00f3n es mejorar los sistemas educativos usando los mejores principios pedag\u00f3gicos y las mejores tecnolog\u00edas.<\/p>\n\n\n\n<div style=\"height:10px\" aria-hidden=\"true\" class=\"wp-block-spacer\"><\/div>\n\n\n\n<figure class=\"wp-block-image size-full is-resized\"><img loading=\"lazy\" decoding=\"async\" src=\"https:\/\/science-teaching.org\/wp-content\/uploads\/2022\/10\/logo_cayman-videocorp-web-1.jpg\" alt=\"\" class=\"wp-image-6846\" width=\"200\" height=\"88\"\/><\/figure>\n\n\n\n<p style=\"font-size:15px\"><strong><a rel=\"noreferrer noopener\" href=\"https:\/\/www.videocorp.com\/soluciones\/soluciones-educacion\/\" target=\"_blank\">Videocorp<\/a><\/strong> es una empresa que mejora y potencia la comunicaci\u00f3n en las escuelas con carteler\u00eda digital y monitores profesionales.<\/p>\n\n\n\n<div style=\"height:10px\" aria-hidden=\"true\" class=\"wp-block-spacer\"><\/div>\n\n\n\n<figure class=\"wp-block-image size-full is-resized\"><img loading=\"lazy\" decoding=\"async\" src=\"https:\/\/science-teaching.org\/wp-content\/uploads\/2022\/10\/logo_rev-colegio-web.jpg\" alt=\"\" class=\"wp-image-6849\" width=\"197\" height=\"88\"\/><\/figure>\n\n\n\n<p style=\"font-size:15px\"><a rel=\"noreferrer noopener\" href=\"https:\/\/revistacolegio.com\/\" target=\"_blank\"><strong>Revista Colegio<\/strong><\/a> es una publicaci\u00f3n gratuita que se ha posicionado como un medio referente de la innovaci\u00f3n educativa para aquellas familias o profesionales que quieren informarse sobre tendencias y sirve como una poderosa herramienta de marketing para las instituciones educativas y las empresas.<\/p>\n\n\n\n<div style=\"height:10px\" aria-hidden=\"true\" class=\"wp-block-spacer\"><\/div>\n\n\n\n<figure class=\"wp-block-image size-full is-resized\"><img loading=\"lazy\" decoding=\"async\" src=\"https:\/\/science-teaching.org\/wp-content\/uploads\/2022\/10\/logo_nahuel-web.jpg\" alt=\"\" class=\"wp-image-6854\" width=\"203\" height=\"88\"\/><\/figure>\n\n\n\n<p style=\"font-size:15px\"><strong><a rel=\"noreferrer noopener\" href=\"https:\/\/comercialnahuel.cl\/\" target=\"_blank\">Nahuel<\/a><\/strong> es una empresa especializada en productos y soluciones para la educaci\u00f3n en Chile.<\/p>\n\n\n\n<div style=\"height:10px\" aria-hidden=\"true\" class=\"wp-block-spacer\"><\/div>\n\n\n\n<figure class=\"wp-block-image size-full is-resized\"><img loading=\"lazy\" decoding=\"async\" src=\"https:\/\/science-teaching.org\/wp-content\/uploads\/2022\/10\/logo_robotica-web.jpg\" alt=\"\" class=\"wp-image-6858\" width=\"149\" height=\"113\"\/><\/figure>\n\n\n\n<p style=\"font-size:15px\"><strong><a rel=\"noreferrer noopener\" href=\"https:\/\/roboticatecnociencia.cl\/\" target=\"_blank\">Rob\u00f3tica<\/a><\/strong> es una empresa especializada en la venta de productos de rob\u00f3tica.<\/p>\n\n\n\n<div style=\"height:10px\" aria-hidden=\"true\" class=\"wp-block-spacer\"><\/div>\n\n\n\n<figure class=\"wp-block-image size-full is-resized\"><img loading=\"lazy\" decoding=\"async\" src=\"https:\/\/science-teaching.org\/wp-content\/uploads\/2022\/10\/logo_bash-web.jpg\" alt=\"\" class=\"wp-image-8190\" width=\"168\" height=\"88\"\/><\/figure>\n\n\n\n<p style=\"font-size:15px\"><strong><a rel=\"noreferrer noopener\" href=\"http:\/\/www.bash.cl\/index.php\/interiorismo\/index\" target=\"_blank\">Bash<\/a> <\/strong>es una empresa especializada en el dise\u00f1o e implementaci\u00f3n de equipamiento y soluciones integrales para la educaci\u00f3n.<\/p>\n\n\n\n<div style=\"height:10px\" aria-hidden=\"true\" class=\"wp-block-spacer\"><\/div>\n\n\n\n<figure class=\"wp-block-image size-full is-resized\"><img loading=\"lazy\" decoding=\"async\" src=\"https:\/\/science-teaching.org\/wp-content\/uploads\/2022\/10\/logo_steelcase-web.jpg\" alt=\"\" class=\"wp-image-8194\" width=\"200\" height=\"88\"\/><\/figure>\n\n\n\n<p style=\"font-size:15px\"><strong><a href=\"https:\/\/www.steelcase.com\/eu-es\/consultoria-espacios\/servicios-consultoria-espacios\/\" target=\"_blank\" rel=\"noreferrer noopener\">Steelcase<\/a> <\/strong>es una empresa de servicios de consultor\u00eda estrat\u00e9gica de espacios.<\/p>\n\n\n\n<div style=\"height:10px\" aria-hidden=\"true\" class=\"wp-block-spacer\"><\/div>\n\n\n\n<div style=\"height:22px\" aria-hidden=\"true\" class=\"wp-block-spacer\"><\/div>\n\n\n<div class=\"wp-block-button align-right\" style=\"text-align: center;\"><a class=\"wp-block-button__link has-text-color has-very-light-gray-color has-background botonescuelas CTA-blau\" style=\"margin: 10px 0; background-color: #0071a1;\" href=\"#prueba-gratuita\" rel=\"noreferrer noopener\"><strong>IR AL FORMULARIO DE REGISTRO<\/strong><\/a><\/div>\n\n\n<div style=\"height:40px\" aria-hidden=\"true\" class=\"wp-block-spacer\"><\/div>\n\n\n\n<p><\/p>\n","protected":false},"excerpt":{"rendered":"<p>ISTF, 10 de octubre de 2022 El lunes 14 de noviembre, de 15 a 18.30 h, la International Science Teaching Foundation (ISTF) organiza la Jornada Educativa \u2018Nuevos Horizontes para la Ense\u00f1anza: Motivaci\u00f3n y Tecnolog\u00eda\u2019 en el Espacio CEA, Antonio Bellet 314, Providencia (Chile), con el objetivo de dar a conocer herramientas, recursos y estrategias tanto1<\/p>\n","protected":false},"author":2,"featured_media":0,"parent":0,"menu_order":0,"comment_status":"closed","ping_status":"closed","template":"","meta":{"footnotes":""},"class_list":["post-6784","page","type-page","status-publish","hentry"],"_links":{"self":[{"href":"https:\/\/science-teaching.org\/es\/wp-json\/wp\/v2\/pages\/6784","targetHints":{"allow":["GET"]}}],"collection":[{"href":"https:\/\/science-teaching.org\/es\/wp-json\/wp\/v2\/pages"}],"about":[{"href":"https:\/\/science-teaching.org\/es\/wp-json\/wp\/v2\/types\/page"}],"author":[{"embeddable":true,"href":"https:\/\/science-teaching.org\/es\/wp-json\/wp\/v2\/users\/2"}],"replies":[{"embeddable":true,"href":"https:\/\/science-teaching.org\/es\/wp-json\/wp\/v2\/comments?post=6784"}],"version-history":[{"count":180,"href":"https:\/\/science-teaching.org\/es\/wp-json\/wp\/v2\/pages\/6784\/revisions"}],"predecessor-version":[{"id":8426,"href":"https:\/\/science-teaching.org\/es\/wp-json\/wp\/v2\/pages\/6784\/revisions\/8426"}],"wp:attachment":[{"href":"https:\/\/science-teaching.org\/es\/wp-json\/wp\/v2\/media?parent=6784"}],"curies":[{"name":"wp","href":"https:\/\/api.w.org\/{rel}","templated":true}]}}