{"id":3926,"date":"2021-12-17T11:15:13","date_gmt":"2021-12-17T10:15:13","guid":{"rendered":"https:\/\/science-teaching.org\/?page_id=3926"},"modified":"2025-12-17T11:57:12","modified_gmt":"2025-12-17T10:57:12","slug":"los-6-articulos-mas-leidos-de-2021","status":"publish","type":"page","link":"https:\/\/science-teaching.org\/es\/los-6-articulos-mas-leidos-de-2021","title":{"rendered":"Los 5 art\u00edculos m\u00e1s le\u00eddos de 2021"},"content":{"rendered":"\n<figure class=\"wp-block-image size-full is-style-default\"><a href=\"https:\/\/science-teaching.org\/wp-content\/uploads\/2021\/12\/ISTF-banner-los-mejores-articulos-2021.jpg\"><img loading=\"lazy\" decoding=\"async\" width=\"1170\" height=\"253\" src=\"https:\/\/science-teaching.org\/wp-content\/uploads\/2021\/12\/ISTF-banner-los-mejores-articulos-2021.jpg\" alt=\"\" class=\"wp-image-3991\" srcset=\"https:\/\/science-teaching.org\/wp-content\/uploads\/2021\/12\/ISTF-banner-los-mejores-articulos-2021.jpg 1170w, https:\/\/science-teaching.org\/wp-content\/uploads\/2021\/12\/ISTF-banner-los-mejores-articulos-2021-300x65.jpg 300w, https:\/\/science-teaching.org\/wp-content\/uploads\/2021\/12\/ISTF-banner-los-mejores-articulos-2021-1024x221.jpg 1024w, https:\/\/science-teaching.org\/wp-content\/uploads\/2021\/12\/ISTF-banner-los-mejores-articulos-2021-768x166.jpg 768w, https:\/\/science-teaching.org\/wp-content\/uploads\/2021\/12\/ISTF-banner-los-mejores-articulos-2021-700x151.jpg 700w\" sizes=\"auto, (max-width: 1170px) 100vw, 1170px\" \/><\/a><\/figure>\n\n\n\n<h4 class=\"has-text-align-left wp-block-heading\"><a href=\"https:\/\/science-teaching.org\/es\/ciencia\/la-prueba-del-crimen\" data-type=\"URL\" data-id=\"https:\/\/science-teaching.org\/es\/ciencia\/la-prueba-del-crimen\"><strong>1. La prueba del crimen<\/strong><\/a><\/h4>\n\n\n\n<h4 class=\"has-text-align-left wp-block-heading\"><a href=\"https:\/\/science-teaching.org\/es\/ciencia\/la-madre-de-la-vacuna-contra-la-covid-19\" data-type=\"URL\" data-id=\"https:\/\/science-teaching.org\/es\/ciencia\/la-madre-de-la-vacuna-contra-la-covid-19\"><strong>2. La madre de la vacuna contra la covid-19<\/strong><\/a><\/h4>\n\n\n\n<h4 class=\"has-text-align-left wp-block-heading\"><a href=\"https:\/\/science-teaching.org\/es\/didactica\/un-nuevo-estudio-avala-la-eficacia-de-science-bits\" data-type=\"URL\" data-id=\"https:\/\/science-teaching.org\/es\/didactica\/un-nuevo-estudio-avala-la-eficacia-de-science-bits\"><strong>3. Un nuevo estudio avala la eficacia de Science Bits<\/strong><\/a><\/h4>\n\n\n\n<h4 class=\"has-text-align-left wp-block-heading\"><a href=\"https:\/\/science-teaching.org\/es\/ciencia\/superpoderes-animales\" data-type=\"URL\" data-id=\"https:\/\/science-teaching.org\/es\/ciencia\/superpoderes-animales\"><strong>4. \u00abSuperpoderes\u00bb animales<\/strong><\/a><\/h4>\n\n\n\n<h4 class=\"has-text-align-left wp-block-heading\"><a href=\"https:\/\/science-teaching.org\/es\/didactica\/enfoque-didactico-para-los-enteros-en-math-bits\" data-type=\"URL\" data-id=\"https:\/\/science-teaching.org\/es\/didactica\/enfoque-didactico-para-los-enteros-en-math-bits\"><strong>5. Enfoque did\u00e1ctico para los enteros en Math Bits<\/strong><\/a><\/h4>\n\n\n\n<div class=\"wp-block-spacer\" style=\"height: 30px;\" aria-hidden=\"true\">\u00a0<\/div>\n\n\n\n<p>&nbsp;<\/p>\n","protected":false},"excerpt":{"rendered":"<p>1. La prueba del crimen 2. La madre de la vacuna contra la covid-19 3. Un nuevo estudio avala la eficacia de Science Bits 4. \u00abSuperpoderes\u00bb animales 5. Enfoque did\u00e1ctico para los enteros en Math Bits &nbsp;<\/p>\n","protected":false},"author":2,"featured_media":0,"parent":0,"menu_order":0,"comment_status":"closed","ping_status":"closed","template":"","meta":{"footnotes":""},"class_list":["post-3926","page","type-page","status-publish","hentry"],"_links":{"self":[{"href":"https:\/\/science-teaching.org\/es\/wp-json\/wp\/v2\/pages\/3926","targetHints":{"allow":["GET"]}}],"collection":[{"href":"https:\/\/science-teaching.org\/es\/wp-json\/wp\/v2\/pages"}],"about":[{"href":"https:\/\/science-teaching.org\/es\/wp-json\/wp\/v2\/types\/page"}],"author":[{"embeddable":true,"href":"https:\/\/science-teaching.org\/es\/wp-json\/wp\/v2\/users\/2"}],"replies":[{"embeddable":true,"href":"https:\/\/science-teaching.org\/es\/wp-json\/wp\/v2\/comments?post=3926"}],"version-history":[{"count":68,"href":"https:\/\/science-teaching.org\/es\/wp-json\/wp\/v2\/pages\/3926\/revisions"}],"predecessor-version":[{"id":19717,"href":"https:\/\/science-teaching.org\/es\/wp-json\/wp\/v2\/pages\/3926\/revisions\/19717"}],"wp:attachment":[{"href":"https:\/\/science-teaching.org\/es\/wp-json\/wp\/v2\/media?parent=3926"}],"curies":[{"name":"wp","href":"https:\/\/api.w.org\/{rel}","templated":true}]}}