{"id":3855,"date":"2021-12-03T11:24:34","date_gmt":"2021-12-03T10:24:34","guid":{"rendered":"https:\/\/science-teaching.org\/?page_id=3855"},"modified":"2022-03-18T10:29:16","modified_gmt":"2022-03-18T09:29:16","slug":"el-futuro-de-la-educacion-stem","status":"publish","type":"page","link":"https:\/\/science-teaching.org\/es\/el-futuro-de-la-educacion-stem","title":{"rendered":"El futuro de la educaci\u00f3n STEM en SIMO 2021"},"content":{"rendered":"\n<figure class=\"wp-block-image size-full is-style-default\"><a href=\"https:\/\/science-teaching.org\/wp-content\/uploads\/2021\/11\/istf-banner-simo2021-.jpg\"><img loading=\"lazy\" decoding=\"async\" width=\"1170\" height=\"253\" src=\"https:\/\/science-teaching.org\/wp-content\/uploads\/2021\/11\/istf-banner-simo2021-.jpg\" alt=\"\" class=\"wp-image-3781\" srcset=\"https:\/\/science-teaching.org\/wp-content\/uploads\/2021\/11\/istf-banner-simo2021-.jpg 1170w, https:\/\/science-teaching.org\/wp-content\/uploads\/2021\/11\/istf-banner-simo2021--300x65.jpg 300w, https:\/\/science-teaching.org\/wp-content\/uploads\/2021\/11\/istf-banner-simo2021--1024x221.jpg 1024w, https:\/\/science-teaching.org\/wp-content\/uploads\/2021\/11\/istf-banner-simo2021--768x166.jpg 768w, https:\/\/science-teaching.org\/wp-content\/uploads\/2021\/11\/istf-banner-simo2021--700x151.jpg 700w\" sizes=\"auto, (max-width: 1170px) 100vw, 1170px\" \/><\/a><\/figure>\n\n\n\n<div style=\"height:20px\" aria-hidden=\"true\" class=\"wp-block-spacer\"><\/div>\n\n\n\n<p class=\"has-medium-font-size\">La <strong>International Science Teaching Foundation<\/strong> (ISTF) ha participado en el encuentro internacional <strong>SIMO EDUCACI\u00d3N, <\/strong>el Sal\u00f3n Internacional de Tecnolog\u00eda e Innovaci\u00f3n Educativa, que se ha celebrado del 30 de noviembre al 1 de diciembre.<\/p>\n\n\n\n<div style=\"height:10px\" aria-hidden=\"true\" class=\"wp-block-spacer\"><\/div>\n\n\n\n<p class=\"has-text-align-center has-medium-font-size\">Visita el stand de la ISTF en el Sal\u00f3n <strong><a href=\"https:\/\/liveconnect.ifema.es\/widget\/event\/simo-educacion\/exhibitor\/RXhoaWJpdG9yXzU3MzM1MA%3D%3D\" target=\"_blank\" rel=\"noreferrer noopener\">aqu\u00ed<\/a> <\/strong>(disponible hasta enero 2023)<\/p>\n\n\n\n<div style=\"height:10px\" aria-hidden=\"true\" class=\"wp-block-spacer\"><\/div>\n\n\n\n<p class=\"has-medium-font-size\">Adem\u00e1s, la ISTF ha inaugurado el ciclo de conferencias de SIMO Educaci\u00f3n 2021 con la ponencia a cargo de <strong>H\u00e9ctor Ruiz Mart\u00edn<\/strong>, director de la ISTF, \u00ab<strong>Ense\u00f1anza y aprendizaje basados en evidencias<\/strong>\u201d.<\/p>\n\n\n\n<div style=\"height:10px\" aria-hidden=\"true\" class=\"wp-block-spacer\"><\/div>\n\n\n\n<h3 class=\"wp-block-heading\"><span class=\"has-inline-color\" style=\"color: #24709c;\">LA ISTF PRESENTA MATH BITS, MATEM\u00c1TICAS PARA SECUNDARIA<\/span><\/h3>\n\n\n\n<p style=\"font-size:18px\">Tras la consolidaci\u00f3n de <strong>Science Bits<\/strong> como el proyecto de ense\u00f1anza de las ciencias m\u00e1s premiado del mundo, con <strong>20 galardones internacionales <\/strong>y <strong>250.000 estudiantes <\/strong>en<strong> 30 pa\u00edses<\/strong>, la<strong> ISTF<\/strong> ampl\u00eda su propuesta integrando un equipo de reconocidos investigadores en did\u00e1ctica de las matem\u00e1ticas y ciencias del aprendizaje para dar forma y presentar a <strong>Math Bits<\/strong>.<\/p>\n\n\n\n<p class=\"has-text-align-left\" style=\"font-size:18px\">Si quieres recibir en exclusiva una <strong>DEMO gratuita de Math Bits <\/strong>o de <strong>Science Bits<\/strong>, completa el siguiente formulario:<\/p>\n\n\n\n<div style=\"height:10px\" aria-hidden=\"true\" class=\"wp-block-spacer\"><\/div>\n\n\n\n<script data-b24-form=\"inline\/60\/uats27\" data-skip-moving=\"true\">\n\t(function(w,d,u){\n\t\tvar s=d.createElement('script');s.async=true;s.src=u+'?'+(Date.now()\/180000|0);\n\t\tvar h=d.getElementsByTagName('script')[0];h.parentNode.insertBefore(s,h);\n\t})(window,document,'https:\/\/cdn.bitrix24.es\/b16802787\/crm\/form\/loader_60.js');\n<\/script>\n\n\n\n<div style=\"height:20px\" aria-hidden=\"true\" class=\"wp-block-spacer\"><\/div>\n\n\n\n<h3 class=\"wp-block-heading\"><span class=\"has-inline-color\" style=\"color: #24709c;\">DOS PROYECTOS, MISMO MODELO DE APRENDIZAJE<\/span><\/h3>\n\n\n\n<p style=\"font-size:18px\"><a href=\"https:\/\/science-bits.com\/site\/es\/?utm_source=istf&amp;utm_medium=post&amp;utm_campaign=SIMO2021\" data-type=\"URL\" data-id=\"https:\/\/science-bits.com\/site\/es\/?utm_source=istf&amp;utm_medium=post&amp;utm_campaign=SIMO2021\" target=\"_blank\" rel=\"noreferrer noopener\"><strong>Science Bits<\/strong><\/a> y <a href=\"https:\/\/math-bits.com\/mb\/es\/?utm_source=istf&amp;utm_medium=post&amp;utm_campaign=SIMO2021\" data-type=\"URL\" data-id=\"https:\/\/math-bits.com\/mb\/es\/?utm_source=istf&amp;utm_medium=post&amp;utm_campaign=SIMO2021\" target=\"_blank\" rel=\"noreferrer noopener\"><strong>Math Bits<\/strong><\/a> comparten modelo de aprendizaje, basado en los \u00faltimos descubrimientos cient\u00edficos acerca de c\u00f3mo aprenden las personas, y herramientas pedag\u00f3gicas destinadas a promover una educaci\u00f3n cient\u00edfico-tecnol\u00f3gica de calidad.<\/p>\n\n\n\n<ul class=\"has-text-color wp-block-list\" style=\"color:#24709c;font-size:17px\"><li><span class=\"has-inline-color\" style=\"color: #24709c;\"><strong>RECURSOS MULTIMEDIA INTERACTIVOS<\/strong><\/span>.<\/li><li><span class=\"has-inline-color\" style=\"color: #24709c;\"><strong>ACTIVIDADES AUTOCORRECTIVAS<\/strong><\/span>.<\/li><li><span class=\"has-inline-color\" style=\"color: #24709c;\"><strong>EVALUACI\u00d3N DE APRENDIZAJES COMPRENSIVOS<\/strong><\/span>.<\/li><li><strong>PLATAFORMA INTEGRADA MUY F\u00c1CIL DE EMPLEAR QUE PERMITE A LOS DOCENTES ASIGNAR ACTIVIDADES Y CONTENIDOS PERSONALIZADOS, PROGRAMAR EX\u00c1MENES, MONITORIZAR LOS RESULTADOS Y EVALUAR LAS RESPUESTAS DE LAS PREGUNTAS ABIERTAS, ENTRE OTRAS FUNCIONALIDADES.<\/strong><\/li><li><strong>GU\u00cdAS DID\u00c1CTICAS PARA EL PROFESORADO<\/strong>.<\/li><li><strong>VERSI\u00d3N IMPRIMIBLE<\/strong>.<\/li><\/ul>\n\n\n\n<p style=\"font-size:18px\">Tambi\u00e9n en Math Bits:<\/p>\n\n\n\n<ul class=\"has-text-color wp-block-list\" style=\"color:#24709c;font-size:17px\"><li><span class=\"has-inline-color\" style=\"font-family: -apple-system, BlinkMacSystemFont, 'Segoe UI', Roboto, Oxygen-Sans, Ubuntu, Cantarell, 'Helvetica Neue', sans-serif;\"><strong><strong>FEEDBACK GENERATIVO<\/strong><\/strong><\/span><span style=\"font-family: -apple-system, BlinkMacSystemFont, 'Segoe UI', Roboto, Oxygen-Sans, Ubuntu, Cantarell, 'Helvetica Neue', sans-serif;\">.<\/span><\/li><\/ul>\n\n\n\n<div style=\"height:20px\" aria-hidden=\"true\" class=\"wp-block-spacer\"><\/div>\n\n\n\n<figure class=\"wp-block-embed aligncenter is-type-video is-provider-youtube wp-block-embed-youtube wp-embed-aspect-16-9 wp-has-aspect-ratio\"><div class=\"wp-block-embed__wrapper\">\n<div class=\"videowrapper\"><iframe loading=\"lazy\" title=\"Activa tus clases de matem\u00e1ticas\" width=\"680\" height=\"383\" src=\"https:\/\/www.youtube.com\/embed\/f2Ek8MXORJ0?feature=oembed\" frameborder=\"0\" allow=\"accelerometer; autoplay; clipboard-write; encrypted-media; gyroscope; picture-in-picture\" allowfullscreen><\/iframe><\/div>\n<\/div><\/figure>\n\n\n\n<figure class=\"wp-block-embed is-type-video is-provider-youtube wp-block-embed-youtube wp-embed-aspect-16-9 wp-has-aspect-ratio\"><div class=\"wp-block-embed__wrapper\">\n<div class=\"videowrapper\"><iframe loading=\"lazy\" title=\"Science Bits: Activa tus clases de ciencias\" width=\"680\" height=\"383\" src=\"https:\/\/www.youtube.com\/embed\/_FjmnqoNTro?feature=oembed\" frameborder=\"0\" allow=\"accelerometer; autoplay; clipboard-write; encrypted-media; gyroscope; picture-in-picture\" allowfullscreen><\/iframe><\/div>\n<\/div><\/figure>\n\n\n\n<div style=\"height:20px\" aria-hidden=\"true\" class=\"wp-block-spacer\"><\/div>\n\n\n\n<h3 class=\"wp-block-heading\"><span class=\"has-inline-color\" style=\"color: #24709c;\">\u00bfQU\u00c9 PIENSAN LOS PROFESORES DE SCIENCE BITS?<\/span><\/h3>\n\n\n\n<div class=\"wp-block-image is-style-default\"><figure class=\"alignleft size-full is-resized\"><a href=\"https:\/\/science-teaching.org\/wp-content\/uploads\/2021\/11\/decroly.jpg\"><img loading=\"lazy\" decoding=\"async\" src=\"https:\/\/science-teaching.org\/wp-content\/uploads\/2021\/11\/decroly.jpg\" alt=\"\" class=\"wp-image-3743\" width=\"131\" height=\"131\" srcset=\"https:\/\/science-teaching.org\/wp-content\/uploads\/2021\/11\/decroly.jpg 679w, https:\/\/science-teaching.org\/wp-content\/uploads\/2021\/11\/decroly-300x300.jpg 300w, https:\/\/science-teaching.org\/wp-content\/uploads\/2021\/11\/decroly-150x150.jpg 150w, https:\/\/science-teaching.org\/wp-content\/uploads\/2021\/11\/decroly-524x525.jpg 524w, https:\/\/science-teaching.org\/wp-content\/uploads\/2021\/11\/decroly-120x120.jpg 120w, https:\/\/science-teaching.org\/wp-content\/uploads\/2021\/11\/decroly-125x125.jpg 125w\" sizes=\"auto, (max-width: 131px) 100vw, 131px\" \/><\/a><\/figure><\/div>\n\n\n\n<p style=\"font-size:18px\">\u00abLa metodolog\u00eda que plantea Science Bits nos proporciona una herramienta muy \u00fatil para despertar este inter\u00e9s en el alumnado en cualquiera de las disciplinas cient\u00edficas que se trabajan en el aula.\u00bb\n<strong>Silvia Cabeza y Alexandra Hern\u00e1ndez\n<\/strong><em><strong><span class=\"has-inline-color has-cyan-bluish-gray-color\">PROFESORA BIOLOG\u00cdA-GEOLOG\u00cdA Y PROFESORA F\u00cdSICA-QU\u00cdMICA, COLEGIO DECROLY (MADRID)<\/span><\/strong><\/em><\/p>\n\n\n\n<div style=\"height:10px\" aria-hidden=\"true\" class=\"wp-block-spacer\"><\/div>\n\n\n\n<hr class=\"wp-block-separator has-text-color has-background is-style-default\" style=\"background-color:#e1e1e1;color:#e1e1e1\"\/>\n\n\n\n<div style=\"height:10px\" aria-hidden=\"true\" class=\"wp-block-spacer\"><\/div>\n\n\n\n<div class=\"wp-block-image is-style-default\"><figure class=\"alignleft size-full is-resized\"><a href=\"https:\/\/science-teaching.org\/wp-content\/uploads\/2021\/11\/jen.jpg\"><img loading=\"lazy\" decoding=\"async\" src=\"https:\/\/science-teaching.org\/wp-content\/uploads\/2021\/11\/jen.jpg\" alt=\"\" class=\"wp-image-3745\" width=\"131\" height=\"129\"\/><\/a><\/figure><\/div>\n\n\n\n<p style=\"font-size:18px\">\u00abEs el mejor material adicional que he incorporado a mi plan de estudios en los 11 a\u00f1os que llevo ense\u00f1ando.\u00bb\n<strong>Jen Taylor<\/strong>\n<em><strong><span class=\"has-inline-color has-cyan-bluish-gray-color\">PROFESORA DE CIENCIAS EN LA LAKEVIEW ACADEMY, SARATOGA SPRINGS, UTAH, ESTADOS UNIDOS<\/span><\/strong><\/em><\/p>\n\n\n\n<div style=\"height:30px\" aria-hidden=\"true\" class=\"wp-block-spacer\"><\/div>\n\n\n\n<p class=\"has-text-align-center\"><a href=\"https:\/\/science-bits.com\/site\/es\/testimonios\/?utm_source=istf&amp;utm_medium=post&amp;utm_campaign=SIMO2021\" target=\"_blank\" rel=\"noreferrer noopener\" data-type=\"URL\" data-id=\"https:\/\/science-bits.com\/site\/es\/testimonios\/?utm_source=istf&amp;utm_medium=post&amp;utm_campaign=SIMO2021\">Conoce m\u00e1s testimonios de Science Bits<\/a><\/p>\n\n\n\n<div style=\"height:10px\" aria-hidden=\"true\" class=\"wp-block-spacer\"><\/div>\n\n\n\n<hr class=\"wp-block-separator has-text-color has-background is-style-default\" style=\"background-color:#e1e1e1;color:#e1e1e1\"\/>\n\n\n\n<div style=\"height:10px\" aria-hidden=\"true\" class=\"wp-block-spacer\"><\/div>\n\n\n\n<h3 class=\"has-text-align-center wp-block-heading\"><span class=\"has-inline-color\" style=\"color: #24709c;\"><strong>\u00bfPREFIERES HABLAR DIRECTAMENTE CON NOSOTROS?<\/strong> <\/span><\/h3>\n\n\n\n<p class=\"has-text-align-center\" style=\"font-size:18px\">Puedes escribir a nuestra asesora educativa <strong>Carolina Lamelas<\/strong> <a href=\"mailto:carolina.lamelas@science-bits.com\" data-type=\"mailto\" data-id=\"mailto:carolina.lamelas@science-bits.com\">carolina.lamelas@science-bits.com<\/a> o llamarla al (+34) 610 455 140 para resolver cualquier duda que puedas tener o para conocer en profundidad nuestros proyectos did\u00e1cticos.<\/p>\n\n\n\n<div style=\"height:30px\" aria-hidden=\"true\" class=\"wp-block-spacer\"><\/div>\n\n\n\n<p>&nbsp;<\/p>\n\n\n\n<p>&nbsp;<\/p>\n","protected":false},"excerpt":{"rendered":"<p>La International Science Teaching Foundation (ISTF) ha participado en el encuentro internacional SIMO EDUCACI\u00d3N, el Sal\u00f3n Internacional de Tecnolog\u00eda e Innovaci\u00f3n Educativa, que se ha celebrado del 30 de noviembre al 1 de diciembre. Visita el stand de la ISTF en el Sal\u00f3n aqu\u00ed (disponible hasta enero 2023) Adem\u00e1s, la ISTF ha inaugurado el ciclo1<\/p>\n","protected":false},"author":2,"featured_media":0,"parent":0,"menu_order":0,"comment_status":"closed","ping_status":"closed","template":"","meta":{"footnotes":""},"class_list":["post-3855","page","type-page","status-publish","hentry"],"_links":{"self":[{"href":"https:\/\/science-teaching.org\/es\/wp-json\/wp\/v2\/pages\/3855","targetHints":{"allow":["GET"]}}],"collection":[{"href":"https:\/\/science-teaching.org\/es\/wp-json\/wp\/v2\/pages"}],"about":[{"href":"https:\/\/science-teaching.org\/es\/wp-json\/wp\/v2\/types\/page"}],"author":[{"embeddable":true,"href":"https:\/\/science-teaching.org\/es\/wp-json\/wp\/v2\/users\/2"}],"replies":[{"embeddable":true,"href":"https:\/\/science-teaching.org\/es\/wp-json\/wp\/v2\/comments?post=3855"}],"version-history":[{"count":4,"href":"https:\/\/science-teaching.org\/es\/wp-json\/wp\/v2\/pages\/3855\/revisions"}],"predecessor-version":[{"id":5292,"href":"https:\/\/science-teaching.org\/es\/wp-json\/wp\/v2\/pages\/3855\/revisions\/5292"}],"wp:attachment":[{"href":"https:\/\/science-teaching.org\/es\/wp-json\/wp\/v2\/media?parent=3855"}],"curies":[{"name":"wp","href":"https:\/\/api.w.org\/{rel}","templated":true}]}}