{"id":3619,"date":"2021-11-22T10:27:31","date_gmt":"2021-11-22T09:27:31","guid":{"rendered":"https:\/\/science-teaching.org\/?page_id=3619"},"modified":"2021-11-22T11:19:49","modified_gmt":"2021-11-22T10:19:49","slug":"i-encuentro-de-docentes-usuarios-de-science-bits","status":"publish","type":"page","link":"https:\/\/science-teaching.org\/es\/i-encuentro-de-docentes-usuarios-de-science-bits","title":{"rendered":"I Encuentro de Docentes usuarios de Science Bits"},"content":{"rendered":"\n<p><\/p>\n\n\n\n<figure class=\"wp-block-image size-full is-style-default\"><a href=\"https:\/\/science-teaching.org\/wp-content\/uploads\/2021\/11\/landing-istf-I-encuentro-docentes_ScienceBits.jpg\"><img loading=\"lazy\" decoding=\"async\" width=\"2400\" height=\"450\" src=\"https:\/\/science-teaching.org\/wp-content\/uploads\/2021\/11\/landing-istf-I-encuentro-docentes_ScienceBits.jpg\" alt=\"\" class=\"wp-image-3645\" srcset=\"https:\/\/science-teaching.org\/wp-content\/uploads\/2021\/11\/landing-istf-I-encuentro-docentes_ScienceBits.jpg 2400w, https:\/\/science-teaching.org\/wp-content\/uploads\/2021\/11\/landing-istf-I-encuentro-docentes_ScienceBits-300x56.jpg 300w, https:\/\/science-teaching.org\/wp-content\/uploads\/2021\/11\/landing-istf-I-encuentro-docentes_ScienceBits-1024x192.jpg 1024w, https:\/\/science-teaching.org\/wp-content\/uploads\/2021\/11\/landing-istf-I-encuentro-docentes_ScienceBits-768x144.jpg 768w, https:\/\/science-teaching.org\/wp-content\/uploads\/2021\/11\/landing-istf-I-encuentro-docentes_ScienceBits-1536x288.jpg 1536w, https:\/\/science-teaching.org\/wp-content\/uploads\/2021\/11\/landing-istf-I-encuentro-docentes_ScienceBits-2048x384.jpg 2048w, https:\/\/science-teaching.org\/wp-content\/uploads\/2021\/11\/landing-istf-I-encuentro-docentes_ScienceBits-700x131.jpg 700w\" sizes=\"auto, (max-width: 2400px) 100vw, 2400px\" \/><\/a><\/figure>\n\n\n\n<p class=\"has-text-align-center\" style=\"font-size:23px\">El encuentro tendr\u00e1 lugar el <strong>mi\u00e9rcoles 1 de diciembre a las 18:00 horas<\/strong>, y se podr\u00e1 seguir en modalidad on-line.&nbsp;Si est\u00e1s interesado en participar rellena este formulario:<\/p>\n\n\n\n<p><script data-b24-form=\"inline\/56\/nt4blt\" data-skip-moving=\"true\">\n(function(w,d,u){\nvar s=d.createElement('script');s.async=true;s.src=u+'?'+(Date.now()\/180000|0);\nvar h=d.getElementsByTagName('script')[0];h.parentNode.insertBefore(s,h);\n})(window,document,'https:\/\/cdn.bitrix24.es\/b16802787\/crm\/form\/loader_56.js');\n<\/script><\/p>\n\n\n\n<p class=\"has-text-align-center\">Si tienes alg\u00fan problema con el formulario contacta conmigo en<strong> <a href=\"mailto:enara.larralde@science-bits.com\">enara.larralde@science-bits.com<\/a><\/strong><\/p>\n\n\n\n<p><\/p>\n\n\n\n<div style=\"height:40px\" aria-hidden=\"true\" class=\"wp-block-spacer\"><\/div>\n\n\n\n<div class=\"wp-block-image is-style-default\"><figure class=\"aligncenter size-full\"><a href=\"https:\/\/science-teaching.org\/wp-content\/uploads\/2021\/11\/landing-istf-I-encuentro-docentes-logo-ScienceBits.png\"><img loading=\"lazy\" decoding=\"async\" width=\"2400\" height=\"450\" src=\"https:\/\/science-teaching.org\/wp-content\/uploads\/2021\/11\/landing-istf-I-encuentro-docentes-logo-ScienceBits.png\" alt=\"\" class=\"wp-image-3674\" srcset=\"https:\/\/science-teaching.org\/wp-content\/uploads\/2021\/11\/landing-istf-I-encuentro-docentes-logo-ScienceBits.png 2400w, https:\/\/science-teaching.org\/wp-content\/uploads\/2021\/11\/landing-istf-I-encuentro-docentes-logo-ScienceBits-300x56.png 300w, https:\/\/science-teaching.org\/wp-content\/uploads\/2021\/11\/landing-istf-I-encuentro-docentes-logo-ScienceBits-1024x192.png 1024w, https:\/\/science-teaching.org\/wp-content\/uploads\/2021\/11\/landing-istf-I-encuentro-docentes-logo-ScienceBits-768x144.png 768w, https:\/\/science-teaching.org\/wp-content\/uploads\/2021\/11\/landing-istf-I-encuentro-docentes-logo-ScienceBits-1536x288.png 1536w, https:\/\/science-teaching.org\/wp-content\/uploads\/2021\/11\/landing-istf-I-encuentro-docentes-logo-ScienceBits-2048x384.png 2048w, https:\/\/science-teaching.org\/wp-content\/uploads\/2021\/11\/landing-istf-I-encuentro-docentes-logo-ScienceBits-700x131.png 700w\" sizes=\"auto, (max-width: 2400px) 100vw, 2400px\" \/><\/a><\/figure><\/div>\n\n\n\n<div style=\"height:11px\" aria-hidden=\"true\" class=\"wp-block-spacer\"><\/div>\n\n\n\n<p><\/p>\n\n\n\n<p><\/p>\n","protected":false},"excerpt":{"rendered":"<p>El encuentro tendr\u00e1 lugar el mi\u00e9rcoles 1 de diciembre a las 18:00 horas, y se podr\u00e1 seguir en modalidad on-line.&nbsp;Si est\u00e1s interesado en participar rellena este formulario: Si tienes alg\u00fan problema con el formulario contacta conmigo en enara.larralde@science-bits.com<\/p>\n","protected":false},"author":2,"featured_media":0,"parent":0,"menu_order":0,"comment_status":"closed","ping_status":"closed","template":"","meta":{"footnotes":""},"class_list":["post-3619","page","type-page","status-publish","hentry"],"_links":{"self":[{"href":"https:\/\/science-teaching.org\/es\/wp-json\/wp\/v2\/pages\/3619","targetHints":{"allow":["GET"]}}],"collection":[{"href":"https:\/\/science-teaching.org\/es\/wp-json\/wp\/v2\/pages"}],"about":[{"href":"https:\/\/science-teaching.org\/es\/wp-json\/wp\/v2\/types\/page"}],"author":[{"embeddable":true,"href":"https:\/\/science-teaching.org\/es\/wp-json\/wp\/v2\/users\/2"}],"replies":[{"embeddable":true,"href":"https:\/\/science-teaching.org\/es\/wp-json\/wp\/v2\/comments?post=3619"}],"version-history":[{"count":40,"href":"https:\/\/science-teaching.org\/es\/wp-json\/wp\/v2\/pages\/3619\/revisions"}],"predecessor-version":[{"id":3677,"href":"https:\/\/science-teaching.org\/es\/wp-json\/wp\/v2\/pages\/3619\/revisions\/3677"}],"wp:attachment":[{"href":"https:\/\/science-teaching.org\/es\/wp-json\/wp\/v2\/media?parent=3619"}],"curies":[{"name":"wp","href":"https:\/\/api.w.org\/{rel}","templated":true}]}}