{"id":302,"date":"2016-01-22T12:12:53","date_gmt":"2016-01-22T11:12:53","guid":{"rendered":"http:\/\/blog.science-teaching.org\/wp\/es\/?page_id=302"},"modified":"2024-02-27T13:33:21","modified_gmt":"2024-02-27T12:33:21","slug":"contacto","status":"publish","type":"page","link":"https:\/\/science-teaching.org\/es\/contacto","title":{"rendered":"Contacto"},"content":{"rendered":"<h4>Comparta con nosotros sus pensamientos y experiencias sobre la ense\u00f1anza STEM<\/h4>\n<p>Uno de nuestros objetivos es actuar como punto de encuentro para los profesionales de la educaci\u00f3n cient\u00edfica de todo el mundo. La comunicaci\u00f3n entre los profesionales de la ense\u00f1anza STEM es para nosotros una prioridad. As\u00ed pues, si desea compartir sus reflexiones sobre la ense\u00f1anza STEM o quiere saber m\u00e1s sobre la International Science Teaching Foundation, no dude en ponerse en contacto con nosotros a trav\u00e9s del siguiente formulario y le responderemos con la mayor brevedad posible.<\/p>\n<p><script data-b24-form=\"inline\/142\/tkxvgs\" data-skip-moving=\"true\">(function(w,d,u){var s=d.createElement('script');s.async=true;s.src=u+'?'+(Date.now()\/180000|0);var h=d.getElementsByTagName('script')[0];h.parentNode.insertBefore(s,h);})(window,document,'https:\/\/cdn.bitrix24.es\/b16802787\/crm\/form\/loader_142.js');<\/script><\/p>\n<p class=\"txt-tratamiento\" style=\"text-align: center;\">*Si tiene alg\u00fan problema para ver el formulario, por favor contacte con nosotros en <a href=\"mailto:info@science-teaching.org\" data-type=\"mailto\" data-id=\"mailto:communication@science-teaching.org\">info@science-teaching.org<\/a><\/p>\n<p class=\"txt-tratamiento\"><b>Informaci\u00f3n b\u00e1sica sobre el tratamiento de sus datos:<\/b> Le informamos que sus datos ser\u00e1n tratados por la ISTF con la finalidad de atender y gestionar adecuadamente las consultas, solicitudes, incidencias o sugerencias remitidas de acuerdo con su naturaleza. Puede ejercer sus derechos de protecci\u00f3n de datos enviando un correo a <a href=\"mailto:lopd@science-teaching.org\" target=\"_blank\" rel=\"noopener\">lopd@science-teaching.org<\/a> y obtener m\u00e1s informaci\u00f3n sobre el tratamiento de sus datos en el apartado \u00abGesti\u00f3n web\u00bb de nuestra <a class=\"link-active\" href=\"terminos-legales\/politica-de-privacidad\" rel=\"noopener\">Pol\u00edtica de Privacidad<\/a>. Al pulsar el bot\u00f3n \u00abEnviar\u00bb declara que ha le\u00eddo y entiende la Pol\u00edtica de Privacidad de esta Web y c\u00f3mo ser\u00e1n tratados sus datos para la gesti\u00f3n de su consulta o petici\u00f3n.<\/p>\n<p>&nbsp;<\/p>\n","protected":false},"excerpt":{"rendered":"<p>Comparta con nosotros sus pensamientos y experiencias sobre la ense\u00f1anza STEM Uno de nuestros objetivos es actuar como punto de encuentro para los profesionales de la educaci\u00f3n cient\u00edfica de todo el mundo. La comunicaci\u00f3n entre los profesionales de la ense\u00f1anza STEM es para nosotros una prioridad. As\u00ed pues, si desea compartir sus reflexiones sobre la1<\/p>\n","protected":false},"author":2,"featured_media":0,"parent":0,"menu_order":0,"comment_status":"closed","ping_status":"closed","template":"","meta":{"footnotes":""},"class_list":["post-302","page","type-page","status-publish","hentry"],"_links":{"self":[{"href":"https:\/\/science-teaching.org\/es\/wp-json\/wp\/v2\/pages\/302","targetHints":{"allow":["GET"]}}],"collection":[{"href":"https:\/\/science-teaching.org\/es\/wp-json\/wp\/v2\/pages"}],"about":[{"href":"https:\/\/science-teaching.org\/es\/wp-json\/wp\/v2\/types\/page"}],"author":[{"embeddable":true,"href":"https:\/\/science-teaching.org\/es\/wp-json\/wp\/v2\/users\/2"}],"replies":[{"embeddable":true,"href":"https:\/\/science-teaching.org\/es\/wp-json\/wp\/v2\/comments?post=302"}],"version-history":[{"count":17,"href":"https:\/\/science-teaching.org\/es\/wp-json\/wp\/v2\/pages\/302\/revisions"}],"predecessor-version":[{"id":12638,"href":"https:\/\/science-teaching.org\/es\/wp-json\/wp\/v2\/pages\/302\/revisions\/12638"}],"wp:attachment":[{"href":"https:\/\/science-teaching.org\/es\/wp-json\/wp\/v2\/media?parent=302"}],"curies":[{"name":"wp","href":"https:\/\/api.w.org\/{rel}","templated":true}]}}