{"id":19776,"date":"2025-12-17T14:43:01","date_gmt":"2025-12-17T13:43:01","guid":{"rendered":"https:\/\/science-teaching.org\/?page_id=19776"},"modified":"2026-01-14T11:25:50","modified_gmt":"2026-01-14T10:25:50","slug":"inscripcion-ok","status":"publish","type":"page","link":"https:\/\/science-teaching.org\/es\/inscripcion-ok","title":{"rendered":"Solicitud de inscripci\u00f3n enviada"},"content":{"rendered":"\n<div class=\"wp-block-columns is-layout-flex wp-container-core-columns-is-layout-9d6595d7 wp-block-columns-is-layout-flex\">\n<div class=\"wp-block-column is-layout-flow wp-block-column-is-layout-flow\"><\/div>\n\n\n\n<div class=\"wp-block-column is-layout-flow wp-block-column-is-layout-flow\" style=\"flex-basis:75%\">\n<h2 class=\"wp-block-heading has-text-align-center has-large-font-size\"><strong>\u00a1Inscripci\u00f3n en el concurso <mark style=\"background-color:rgba(0, 0, 0, 0);color:#f9b202\" class=\"has-inline-color\">EUREKA<\/mark> Divulgadores recibida!<\/strong><\/h2>\n\n\n\n<h2 class=\"wp-block-heading has-text-align-center\" style=\"font-size:32px\"><strong>Los detalles del concurso han sido enviados a tu correo.<\/strong><br> Si no lo encuentras, comprueba tu carpeta de spam y, si est\u00e1 all\u00ed, m\u00e1rcalo como \u00abNo es spam\u00bb para asegurar que recibas futuras comunicaciones.<br>\u00a1Muchas gracias!<\/h2>\n<\/div>\n\n\n\n<div class=\"wp-block-column is-layout-flow wp-block-column-is-layout-flow\"><\/div>\n<\/div>\n\n\n\n<div class=\"wp-block-group\"><div class=\"wp-block-group__inner-container is-layout-constrained wp-block-group-is-layout-constrained\">\n<h2 class=\"wp-block-heading has-text-align-center\" style=\"font-size:22px\">Conoce los proyectos ganadores de las ediciones anteriores<\/h2>\n\n\n\n<div style=\"height:15px\" aria-hidden=\"true\" class=\"wp-block-spacer\"><\/div>\n\n\n\n<div class=\"wp-block-buttons is-content-justification-center is-layout-flex wp-container-core-buttons-is-layout-16018d1d wp-block-buttons-is-layout-flex\">\n<div class=\"wp-block-button\"><a class=\"wp-block-button__link has-black-color has-luminous-vivid-amber-background-color has-text-color has-background has-link-color wp-element-button\" href=\"https:\/\/science-teaching.org\/es\/ganadores-eureka-divulgadores-2025\" target=\"_blank\" rel=\"noreferrer noopener\"><strong>V\u00eddeos ganadores<\/strong><br> <strong>2025<\/strong><\/a><\/div>\n\n\n\n<div class=\"wp-block-button\"><a class=\"wp-block-button__link has-black-color has-luminous-vivid-amber-background-color has-text-color has-background has-link-color wp-element-button\" href=\"https:\/\/science-teaching.org\/es\/ciencia\/articulos\/el-tabaco-un-toxico-seductor\" target=\"_blank\" rel=\"noreferrer noopener\"><strong>Art\u00edculo ganador 2024<br>Estudiantes 1.\u00ba- 2.\u00ba ESO<\/strong><\/a><\/div>\n\n\n\n<div class=\"wp-block-button\"><a class=\"wp-block-button__link has-black-color has-luminous-vivid-amber-background-color has-text-color has-background has-link-color has-text-align-center wp-element-button\" href=\"https:\/\/science-teaching.org\/es\/ciencia\/articulos\/nanotecnologia-la-solucion-a-la-sequia\" target=\"_blank\" rel=\"noreferrer noopener\"><strong>Art\u00edculo ganador 2024<br>Estudiantes 3.\u00ba- 4.\u00ba ESO<\/strong><\/a><\/div>\n<\/div>\n\n\n\n<div style=\"height:40px\" aria-hidden=\"true\" class=\"wp-block-spacer\"><\/div>\n<\/div><\/div>\n\n\n\n<div class=\"wp-block-columns is-layout-flex wp-container-core-columns-is-layout-9d6595d7 wp-block-columns-is-layout-flex\">\n<div class=\"wp-block-column is-layout-flow wp-block-column-is-layout-flow\"><\/div>\n\n\n\n<div class=\"wp-block-column is-vertically-aligned-center is-layout-flow wp-block-column-is-layout-flow\" style=\"flex-basis:25%\">\n<figure class=\"wp-block-gallery has-nested-images columns-default is-cropped wp-block-gallery-1 is-layout-flex wp-block-gallery-is-layout-flex\">\n<figure class=\"wp-block-image size-full\"><img loading=\"lazy\" decoding=\"async\" width=\"678\" height=\"190\" data-id=\"6380\" src=\"https:\/\/science-teaching.org\/wp-content\/uploads\/2022\/06\/logo_istf_horizontal.png\" alt=\"logo_istf_horizontal\" class=\"wp-image-6380\" srcset=\"https:\/\/science-teaching.org\/wp-content\/uploads\/2022\/06\/logo_istf_horizontal.png 678w, https:\/\/science-teaching.org\/wp-content\/uploads\/2022\/06\/logo_istf_horizontal-300x84.png 300w\" sizes=\"auto, (max-width: 678px) 100vw, 678px\" \/><\/figure>\n<\/figure>\n<\/div>\n\n\n\n<div class=\"wp-block-column is-layout-flow wp-block-column-is-layout-flow\"><\/div>\n<\/div>\n\n\n\n<div style=\"height:100px\" aria-hidden=\"true\" class=\"wp-block-spacer\"><\/div>\n","protected":false},"excerpt":{"rendered":"<p>\u00a1Inscripci\u00f3n en el concurso EUREKA Divulgadores recibida! Los detalles del concurso han sido enviados a tu correo. Si no lo encuentras, comprueba tu carpeta de spam y, si est\u00e1 all\u00ed, m\u00e1rcalo como \u00abNo es spam\u00bb para asegurar que recibas futuras comunicaciones.\u00a1Muchas gracias! Conoce los proyectos ganadores de las ediciones anteriores<\/p>\n","protected":false},"author":2,"featured_media":0,"parent":0,"menu_order":0,"comment_status":"closed","ping_status":"closed","template":"","meta":{"footnotes":""},"class_list":["post-19776","page","type-page","status-publish","hentry"],"_links":{"self":[{"href":"https:\/\/science-teaching.org\/es\/wp-json\/wp\/v2\/pages\/19776","targetHints":{"allow":["GET"]}}],"collection":[{"href":"https:\/\/science-teaching.org\/es\/wp-json\/wp\/v2\/pages"}],"about":[{"href":"https:\/\/science-teaching.org\/es\/wp-json\/wp\/v2\/types\/page"}],"author":[{"embeddable":true,"href":"https:\/\/science-teaching.org\/es\/wp-json\/wp\/v2\/users\/2"}],"replies":[{"embeddable":true,"href":"https:\/\/science-teaching.org\/es\/wp-json\/wp\/v2\/comments?post=19776"}],"version-history":[{"count":24,"href":"https:\/\/science-teaching.org\/es\/wp-json\/wp\/v2\/pages\/19776\/revisions"}],"predecessor-version":[{"id":19993,"href":"https:\/\/science-teaching.org\/es\/wp-json\/wp\/v2\/pages\/19776\/revisions\/19993"}],"wp:attachment":[{"href":"https:\/\/science-teaching.org\/es\/wp-json\/wp\/v2\/media?parent=19776"}],"curies":[{"name":"wp","href":"https:\/\/api.w.org\/{rel}","templated":true}]}}