{"id":193,"date":"2016-01-30T18:08:12","date_gmt":"2016-01-30T17:08:12","guid":{"rendered":"http:\/\/blog.science-teaching.org\/wp\/es\/?page_id=193"},"modified":"2023-01-16T21:57:00","modified_gmt":"2023-01-16T20:57:00","slug":"science-bits-great","status":"publish","type":"page","link":"https:\/\/science-teaching.org\/es\/science-bits-great","title":{"rendered":"\u201cScience Bits nos proporciona una herramienta muy \u00fatil para despertar el inter\u00e9s en el alumnado en cualquiera de las disciplinas cient\u00edficas que se trabajan en el aula.\u00bb"},"content":{"rendered":"<p style=\"text-align: center;\">\u00abEl proyecto que plantea Science Bits nos llam\u00f3 la atenci\u00f3n desde el momento en el que nos lo presentaron. Una herramienta que crea la necesidad por parte del alumno de buscar respuestas es, como poco, interesante. Es un proyecto visualmente atractivo que nos ofrece la posibilidad de trabajar tanto en grupo como individualmente fomentando un aprendizaje aut\u00f3nomo.\u00bb<\/p>\n<p style=\"text-align: center;\"><span class=\"company-name\"><strong>S\u00cdLVIA CABEZA &#8211; ALEXANDRA HERN\u00c1NDEZ<\/strong>\u00a0\u00a0|\u00a0 PROFESORA DE BIOLOG\u00cdA-GEOLOG\u00cdA Y DE PROFESORA F\u00cdSICA-QU\u00cdMICA, COLEGIO DECROLY (MADRID)<\/span><\/p>\n","protected":false},"excerpt":{"rendered":"<p>\u00abEl proyecto que plantea Science Bits nos llam\u00f3 la atenci\u00f3n desde el momento en el que nos lo presentaron. Una herramienta que crea la necesidad por parte del alumno de buscar respuestas es, como poco, interesante. Es un proyecto visualmente atractivo que nos ofrece la posibilidad de trabajar tanto en grupo como individualmente fomentando un1<\/p>\n","protected":false},"author":2,"featured_media":0,"parent":0,"menu_order":0,"comment_status":"closed","ping_status":"closed","template":"","meta":{"footnotes":""},"class_list":["post-193","page","type-page","status-publish","hentry"],"_links":{"self":[{"href":"https:\/\/science-teaching.org\/es\/wp-json\/wp\/v2\/pages\/193","targetHints":{"allow":["GET"]}}],"collection":[{"href":"https:\/\/science-teaching.org\/es\/wp-json\/wp\/v2\/pages"}],"about":[{"href":"https:\/\/science-teaching.org\/es\/wp-json\/wp\/v2\/types\/page"}],"author":[{"embeddable":true,"href":"https:\/\/science-teaching.org\/es\/wp-json\/wp\/v2\/users\/2"}],"replies":[{"embeddable":true,"href":"https:\/\/science-teaching.org\/es\/wp-json\/wp\/v2\/comments?post=193"}],"version-history":[{"count":6,"href":"https:\/\/science-teaching.org\/es\/wp-json\/wp\/v2\/pages\/193\/revisions"}],"predecessor-version":[{"id":9169,"href":"https:\/\/science-teaching.org\/es\/wp-json\/wp\/v2\/pages\/193\/revisions\/9169"}],"wp:attachment":[{"href":"https:\/\/science-teaching.org\/es\/wp-json\/wp\/v2\/media?parent=193"}],"curies":[{"name":"wp","href":"https:\/\/api.w.org\/{rel}","templated":true}]}}