{"id":19069,"date":"2025-09-17T16:06:52","date_gmt":"2025-09-17T14:06:52","guid":{"rendered":"https:\/\/science-teaching.org\/?page_id=19069"},"modified":"2025-09-18T09:19:21","modified_gmt":"2025-09-18T07:19:21","slug":"ganadores-eureka-divulgadores-2025","status":"publish","type":"page","link":"https:\/\/science-teaching.org\/es\/ganadores-eureka-divulgadores-2025","title":{"rendered":"Ganadores Eureka Divulgadores 2025"},"content":{"rendered":"\n<div class=\"wp-block-group\"><div class=\"wp-block-group__inner-container is-layout-constrained wp-block-group-is-layout-constrained\">\n<p class=\"has-text-align-center has-x-large-font-size\"><strong>Ganadores EUREKA Divulgadores 2025<\/strong><\/p>\n\n\n\n<div style=\"height:13px\" aria-hidden=\"true\" class=\"wp-block-spacer\"><\/div>\n\n\n\n<p class=\"has-text-align-center\" style=\"font-size:22px\">El certamen impulsado por la <em>International Science Teaching Foundation<\/em>, en colaboraci\u00f3n con <a href=\"https:\/\/science-bits.es\/site\/es\/?utm_source=istf&amp;utm_medium=post&amp;utm_campaign=concurso-eureka\" target=\"_blank\" rel=\"noreferrer noopener\">Science Bits<\/a> y <a href=\"https:\/\/math-bits.es\/mb\/es\/?utm_source=istf&amp;utm_medium=post&amp;utm_campaign=concurso-eureka\" target=\"_blank\" rel=\"noreferrer noopener\">Math Bits<\/a>, invita a estudiantes de educaci\u00f3n secundaria a elaborar un v\u00eddeo de divulgaci\u00f3n cient\u00edfica con el prop\u00f3sito de fomentar la curiosidad, la creatividad y la capacidad de comunicar conceptos cient\u00edficos de manera clara y atractiva. A continuaci\u00f3n, compartimos los v\u00eddeos ganadores de la edici\u00f3n 2025.<\/p>\n\n\n\n<p class=\"postdate-to-change has-cyan-bluish-gray-color has-text-color has-link-color wp-elements-9d96b00bf9ee5d7f777d95a3b7c39ce5\" style=\"font-size:14px\">22 de febrero de 2024<\/p>\n\n\n\n<div style=\"height:10px\" aria-hidden=\"true\" class=\"wp-block-spacer\"><\/div>\n\n\n\n<figure class=\"wp-block-image size-full\"><img loading=\"lazy\" decoding=\"async\" width=\"1920\" height=\"1080\" src=\"https:\/\/science-teaching.org\/wp-content\/uploads\/2025\/09\/banner-ganadores-conc-eureka-2025-1920x1080-1.jpg\" alt=\"\" class=\"wp-image-19094\" srcset=\"https:\/\/science-teaching.org\/wp-content\/uploads\/2025\/09\/banner-ganadores-conc-eureka-2025-1920x1080-1.jpg 1920w, https:\/\/science-teaching.org\/wp-content\/uploads\/2025\/09\/banner-ganadores-conc-eureka-2025-1920x1080-1-300x169.jpg 300w, https:\/\/science-teaching.org\/wp-content\/uploads\/2025\/09\/banner-ganadores-conc-eureka-2025-1920x1080-1-1024x576.jpg 1024w, https:\/\/science-teaching.org\/wp-content\/uploads\/2025\/09\/banner-ganadores-conc-eureka-2025-1920x1080-1-768x432.jpg 768w, https:\/\/science-teaching.org\/wp-content\/uploads\/2025\/09\/banner-ganadores-conc-eureka-2025-1920x1080-1-1536x864.jpg 1536w, https:\/\/science-teaching.org\/wp-content\/uploads\/2025\/09\/banner-ganadores-conc-eureka-2025-1920x1080-1-700x394.jpg 700w\" sizes=\"auto, (max-width: 1920px) 100vw, 1920px\" \/><\/figure>\n\n\n\n<div style=\"height:39px\" aria-hidden=\"true\" class=\"wp-block-spacer\"><\/div>\n<\/div><\/div>\n\n\n\n<div class=\"wp-block-buttons is-content-justification-center is-layout-flex wp-container-core-buttons-is-layout-16018d1d wp-block-buttons-is-layout-flex\">\n<div class=\"wp-block-button\"><a class=\"wp-block-button__link has-white-color has-text-color has-background has-link-color has-custom-font-size wp-element-button\" href=\"#1\" style=\"background-color:#0071a1;font-size:18px\"><strong>Categor\u00eda 1<\/strong><\/a><\/div>\n\n\n\n<div class=\"wp-block-button\"><a class=\"wp-block-button__link has-white-color has-text-color has-background has-link-color has-custom-font-size wp-element-button\" href=\"#2\" style=\"background-color:#0071a1;font-size:18px\"><strong>Categor\u00eda 2<\/strong><\/a><\/div>\n<\/div>\n\n\n\n<div class=\"wp-block-group\"><div class=\"wp-block-group__inner-container is-layout-constrained wp-block-group-is-layout-constrained\">\n<h3 class=\"wp-block-heading has-text-color has-link-color wp-elements-b93bfb3474d7533b6e972a2260ca7428\" id=\"1\" style=\"color:#0071a1\">Categor\u00eda 1<\/h3>\n\n\n\n<p style=\"font-size:20px\">Estudiantes de 1er ciclo de la ESO (1\u00ba y 2\u00ba curso)<\/p>\n\n\n\n<hr class=\"wp-block-separator has-text-color has-cyan-bluish-gray-color has-alpha-channel-opacity has-cyan-bluish-gray-background-color has-background\"\/>\n\n\n\n<div style=\"height:34px\" aria-hidden=\"true\" class=\"wp-block-spacer\"><\/div>\n\n\n\n<div class=\"wp-block-columns is-layout-flex wp-container-core-columns-is-layout-9d6595d7 wp-block-columns-is-layout-flex\">\n<div class=\"wp-block-column is-layout-flow wp-block-column-is-layout-flow\" style=\"flex-basis:40%\">\n<p style=\"font-size:22px\"><strong>1\u00ba Premio<\/strong>: <strong>Microorganismos fermentadores<\/strong><\/p>\n\n\n\n<div style=\"height:13px\" aria-hidden=\"true\" class=\"wp-block-spacer\"><\/div>\n\n\n\n<p class=\"has-medium-font-size\" style=\"text-transform:none\"><strong>Autores:<\/strong> Luc\u00eda Raga Soler, Natalia Montoya Elizalde, Astrid Bl\u00e1zquez Ardaya, Ariadna Mora S\u00e1nchez y Alicia Fern\u00e1ndez Caro.<br><br><strong>Docente responsable: <\/strong>Adri\u00e1n Crespo.<br><br><strong>Colegio:<\/strong> IALE International School (Valencia)<br><br><strong>Curso:<\/strong> 1\u00ba de la ESO<\/p>\n<\/div>\n\n\n\n<div class=\"wp-block-column is-layout-flow wp-block-column-is-layout-flow\" style=\"flex-basis:60%\">\n<figure class=\"wp-block-embed is-type-video is-provider-youtube wp-block-embed-youtube wp-embed-aspect-16-9 wp-has-aspect-ratio\"><div class=\"wp-block-embed__wrapper\">\n<div class=\"videowrapper\"><iframe loading=\"lazy\" title=\"Microorganismos fermentadores (IALE International School)\" width=\"680\" height=\"383\" src=\"https:\/\/www.youtube.com\/embed\/-Ge_daWpM1o?feature=oembed\" frameborder=\"0\" allow=\"accelerometer; autoplay; clipboard-write; encrypted-media; gyroscope; picture-in-picture; web-share\" referrerpolicy=\"strict-origin-when-cross-origin\" allowfullscreen><\/iframe><\/div>\n<\/div><\/figure>\n<\/div>\n<\/div>\n\n\n\n<div style=\"height:25px\" aria-hidden=\"true\" class=\"wp-block-spacer\"><\/div>\n\n\n\n<div class=\"wp-block-columns is-layout-flex wp-container-core-columns-is-layout-9d6595d7 wp-block-columns-is-layout-flex\">\n<div class=\"wp-block-column is-layout-flow wp-block-column-is-layout-flow\" style=\"flex-basis:40%\">\n<p style=\"font-size:22px\"><strong>2\u00ba Premio<\/strong>: <strong>Las bacterias de tu d\u00eda a d\u00eda<\/strong><\/p>\n\n\n\n<div style=\"height:13px\" aria-hidden=\"true\" class=\"wp-block-spacer\"><\/div>\n\n\n\n<p class=\"has-medium-font-size\" style=\"text-transform:none\"><strong>Autores:<\/strong> Adolfo Taverner Garc\u00eda y M\u00e1ximo Kseiri Argente.<br><br><strong>Docente responsable: <\/strong>Adri\u00e1n Crespo.<br><br><strong>Colegio:<\/strong> IALE International School (Valencia)<br><br><strong>Curso:<\/strong> 1\u00ba de la ESO<\/p>\n<\/div>\n\n\n\n<div class=\"wp-block-column is-layout-flow wp-block-column-is-layout-flow\" style=\"flex-basis:60%\">\n<figure class=\"wp-block-embed is-type-video is-provider-youtube wp-block-embed-youtube wp-embed-aspect-16-9 wp-has-aspect-ratio\"><div class=\"wp-block-embed__wrapper\">\n<div class=\"videowrapper\"><iframe loading=\"lazy\" title=\"Bacterias de tu di?a a di?a (IALE International School)\" width=\"680\" height=\"383\" src=\"https:\/\/www.youtube.com\/embed\/WkkZJ-QYzsU?feature=oembed\" frameborder=\"0\" allow=\"accelerometer; autoplay; clipboard-write; encrypted-media; gyroscope; picture-in-picture; web-share\" referrerpolicy=\"strict-origin-when-cross-origin\" allowfullscreen><\/iframe><\/div>\n<\/div><\/figure>\n<\/div>\n<\/div>\n\n\n\n<div style=\"height:25px\" aria-hidden=\"true\" class=\"wp-block-spacer\"><\/div>\n\n\n\n<div class=\"wp-block-columns is-layout-flex wp-container-core-columns-is-layout-9d6595d7 wp-block-columns-is-layout-flex\">\n<div class=\"wp-block-column is-layout-flow wp-block-column-is-layout-flow\" style=\"flex-basis:40%\">\n<p style=\"font-size:22px\"><strong>3\u00ba Premio<\/strong>: <strong>La f\u00edsica del f\u00fatbol<\/strong><\/p>\n\n\n\n<div style=\"height:13px\" aria-hidden=\"true\" class=\"wp-block-spacer\"><\/div>\n\n\n\n<p class=\"has-medium-font-size\" style=\"text-transform:none\"><strong>Autor:<\/strong> Jasvinder Singh.<br><br><strong>Docente responsable: <\/strong>Eul\u00e0lia Janer.<br><br><strong>Colegio:<\/strong> Sagrat Cor de Jes\u00fas (Vic)<br><br><strong>Curso:<\/strong> 2\u00ba de la ESO<\/p>\n<\/div>\n\n\n\n<div class=\"wp-block-column is-layout-flow wp-block-column-is-layout-flow\" style=\"flex-basis:60%\">\n<figure class=\"wp-block-embed is-type-video is-provider-youtube wp-block-embed-youtube wp-embed-aspect-16-9 wp-has-aspect-ratio\"><div class=\"wp-block-embed__wrapper\">\n<div class=\"videowrapper\"><iframe loading=\"lazy\" title=\"La f\u00edsica del f\u00fatbol (Col\u00b7legi Sagrat Cor de Jes\u00fas)\" width=\"680\" height=\"383\" src=\"https:\/\/www.youtube.com\/embed\/SSiQVtL5B3w?feature=oembed\" frameborder=\"0\" allow=\"accelerometer; autoplay; clipboard-write; encrypted-media; gyroscope; picture-in-picture; web-share\" referrerpolicy=\"strict-origin-when-cross-origin\" allowfullscreen><\/iframe><\/div>\n<\/div><\/figure>\n<\/div>\n<\/div>\n\n\n\n<div style=\"height:25px\" aria-hidden=\"true\" class=\"wp-block-spacer\"><\/div>\n\n\n\n<div class=\"wp-block-columns is-layout-flex wp-container-core-columns-is-layout-9d6595d7 wp-block-columns-is-layout-flex\">\n<div class=\"wp-block-column is-layout-flow wp-block-column-is-layout-flow\" style=\"flex-basis:40%\">\n<p style=\"font-size:22px\"><strong>4\u00ba Premio<\/strong>: <strong><em>La for\u00e7a de l&#8217;aire<\/em> (La fuerza del aire)<\/strong><\/p>\n\n\n\n<div style=\"height:13px\" aria-hidden=\"true\" class=\"wp-block-spacer\"><\/div>\n\n\n\n<p class=\"has-medium-font-size\" style=\"text-transform:none\"><strong>Autor:<\/strong> Arnau P\u00e9rez Romera.<br><br><strong>Docente responsable: <\/strong>Eul\u00e0lia Janer.<br><br><strong>Colegio:<\/strong> Sagrat Cor de Jes\u00fas (Vic)<br><br><strong>Curso:<\/strong> 2\u00ba de la ESO<\/p>\n<\/div>\n\n\n\n<div class=\"wp-block-column is-layout-flow wp-block-column-is-layout-flow\" style=\"flex-basis:60%\">\n<figure class=\"wp-block-embed is-type-video is-provider-youtube wp-block-embed-youtube wp-embed-aspect-16-9 wp-has-aspect-ratio\"><div class=\"wp-block-embed__wrapper\">\n<div class=\"videowrapper\"><iframe loading=\"lazy\" title=\"La for\u00e7a de l&#039;aire (Col\u00b7legi Sagrat Cor de Jes\u00fas)\" width=\"680\" height=\"383\" src=\"https:\/\/www.youtube.com\/embed\/B3z25zuXSJw?feature=oembed\" frameborder=\"0\" allow=\"accelerometer; autoplay; clipboard-write; encrypted-media; gyroscope; picture-in-picture; web-share\" referrerpolicy=\"strict-origin-when-cross-origin\" allowfullscreen><\/iframe><\/div>\n<\/div><\/figure>\n<\/div>\n<\/div>\n\n\n\n<div style=\"height:25px\" aria-hidden=\"true\" class=\"wp-block-spacer\"><\/div>\n\n\n\n<div class=\"wp-block-columns is-layout-flex wp-container-core-columns-is-layout-9d6595d7 wp-block-columns-is-layout-flex\">\n<div class=\"wp-block-column is-layout-flow wp-block-column-is-layout-flow\" style=\"flex-basis:40%\">\n<p style=\"font-size:22px\"><strong>5\u00ba Premio<\/strong>: <strong>Los Cazavirus<\/strong><\/p>\n\n\n\n<div style=\"height:13px\" aria-hidden=\"true\" class=\"wp-block-spacer\"><\/div>\n\n\n\n<p class=\"has-medium-font-size\" id=\"2\" style=\"text-transform:none\"><strong>Autores:<\/strong> Juan Amo Monzon\u00eds, Jaume Blanquer Ordaz, Ori\u00f3n Mu\u00f1oz Aguilar, Javier Rakez Soria y Nicol\u00e1s Sorel Mena.<br><br><strong>Docente responsable: <\/strong>Adri\u00e1n Crespo.<br><br><strong>Colegio:<\/strong> IALE International School (Valencia)<br><br><strong>Curso:<\/strong> 1\u00ba de la ESO<\/p>\n<\/div>\n\n\n\n<div class=\"wp-block-column is-layout-flow wp-block-column-is-layout-flow\" style=\"flex-basis:60%\">\n<figure class=\"wp-block-embed is-type-video is-provider-youtube wp-block-embed-youtube wp-embed-aspect-16-9 wp-has-aspect-ratio\"><div class=\"wp-block-embed__wrapper\">\n<div class=\"videowrapper\"><iframe loading=\"lazy\" title=\"Los cazavirus (IALE International School)\" width=\"680\" height=\"383\" src=\"https:\/\/www.youtube.com\/embed\/i1zm4lR5gyM?feature=oembed\" frameborder=\"0\" allow=\"accelerometer; autoplay; clipboard-write; encrypted-media; gyroscope; picture-in-picture; web-share\" referrerpolicy=\"strict-origin-when-cross-origin\" allowfullscreen><\/iframe><\/div>\n<\/div><\/figure>\n<\/div>\n<\/div>\n<\/div><\/div>\n\n\n\n<div style=\"height:10px\" aria-hidden=\"true\" class=\"wp-block-spacer\"><\/div>\n\n\n\n<hr class=\"wp-block-separator has-alpha-channel-opacity is-style-dots\"\/>\n\n\n\n<div style=\"height:10px\" aria-hidden=\"true\" class=\"wp-block-spacer\"><\/div>\n\n\n\n<div class=\"wp-block-group\"><div class=\"wp-block-group__inner-container is-layout-constrained wp-block-group-is-layout-constrained\">\n<h3 class=\"wp-block-heading has-text-color has-link-color wp-elements-94e40cff859b63bab9543e76876d561f\" style=\"color:#0071a1\">Categor\u00eda 2<\/h3>\n\n\n\n<p style=\"font-size:20px\">Estudiantes de 2do ciclo de la ESO (3\u00ba y 4\u00ba curso).<\/p>\n\n\n\n<hr class=\"wp-block-separator has-text-color has-cyan-bluish-gray-color has-alpha-channel-opacity has-cyan-bluish-gray-background-color has-background\"\/>\n\n\n\n<div style=\"height:34px\" aria-hidden=\"true\" class=\"wp-block-spacer\"><\/div>\n\n\n\n<div class=\"wp-block-columns is-layout-flex wp-container-core-columns-is-layout-9d6595d7 wp-block-columns-is-layout-flex\">\n<div class=\"wp-block-column is-layout-flow wp-block-column-is-layout-flow\" style=\"flex-basis:40%\">\n<p style=\"font-size:22px\"><strong>1\u00ba Premio<\/strong>: <strong><em>Quan el cervell juga a estimar <\/em>(Cuando el cerebro juega a amar)<\/strong><\/p>\n\n\n\n<div style=\"height:13px\" aria-hidden=\"true\" class=\"wp-block-spacer\"><\/div>\n\n\n\n<p class=\"has-medium-font-size\" style=\"text-transform:none\"><strong>Autora:<\/strong> Nora Ruiz Sabat\u00e9.<br><br><strong>Docente responsable: <\/strong>S\u00edlvia Franc\u00e8s Vi\u00f1as.<br><br><strong>Colegio:<\/strong> Escola Vedruna El Carme (Sabadell)<br><br><strong>Curso:<\/strong> 3\u00ba de la ESO<\/p>\n<\/div>\n\n\n\n<div class=\"wp-block-column is-layout-flow wp-block-column-is-layout-flow\" style=\"flex-basis:60%\">\n<figure class=\"wp-block-embed is-type-video is-provider-youtube wp-block-embed-youtube wp-embed-aspect-16-9 wp-has-aspect-ratio\"><div class=\"wp-block-embed__wrapper\">\n<div class=\"videowrapper\"><iframe loading=\"lazy\" title=\"Quan el cervell juga a estimar (Escola Vedruna El Carme)\" width=\"680\" height=\"383\" src=\"https:\/\/www.youtube.com\/embed\/Z0WbaSbAq0o?feature=oembed\" frameborder=\"0\" allow=\"accelerometer; autoplay; clipboard-write; encrypted-media; gyroscope; picture-in-picture; web-share\" referrerpolicy=\"strict-origin-when-cross-origin\" allowfullscreen><\/iframe><\/div>\n<\/div><\/figure>\n<\/div>\n<\/div>\n\n\n\n<div style=\"height:25px\" aria-hidden=\"true\" class=\"wp-block-spacer\"><\/div>\n\n\n\n<div class=\"wp-block-columns is-layout-flex wp-container-core-columns-is-layout-9d6595d7 wp-block-columns-is-layout-flex\">\n<div class=\"wp-block-column is-layout-flow wp-block-column-is-layout-flow\" style=\"flex-basis:40%\">\n<p style=\"font-size:22px\"><strong>2\u00ba Premio<\/strong>: <strong><em>Model Cosmol\u00f2gic Est\u00e0ndard<\/em><\/strong> <strong>(Modelo Cosmol\u00f3gico Est\u00e1ndar)<\/strong><\/p>\n\n\n\n<div style=\"height:13px\" aria-hidden=\"true\" class=\"wp-block-spacer\"><\/div>\n\n\n\n<p class=\"has-medium-font-size\" style=\"text-transform:none\"><strong>Autora:<\/strong> Neus Lamolla Bartomeu.<br><br><strong>Docente responsable: <\/strong>Laura Vera.<br><br><strong>Colegio:<\/strong> Institut Jaume Mim\u00f3 (Cerdanyola del Vall\u00e8s)<br><br><strong>Curso:<\/strong> 3\u00ba de la ESO<\/p>\n<\/div>\n\n\n\n<div class=\"wp-block-column is-layout-flow wp-block-column-is-layout-flow\" style=\"flex-basis:60%\">\n<figure class=\"wp-block-embed is-type-video is-provider-youtube wp-block-embed-youtube wp-embed-aspect-16-9 wp-has-aspect-ratio\"><div class=\"wp-block-embed__wrapper\">\n<div class=\"videowrapper\"><iframe loading=\"lazy\" title=\"Model Cosmol\u00f2gic Est\u00e0ndard (Institut Jaume Mim\u00f3)\" width=\"680\" height=\"383\" src=\"https:\/\/www.youtube.com\/embed\/0dnzrSY11GY?feature=oembed\" frameborder=\"0\" allow=\"accelerometer; autoplay; clipboard-write; encrypted-media; gyroscope; picture-in-picture; web-share\" referrerpolicy=\"strict-origin-when-cross-origin\" allowfullscreen><\/iframe><\/div>\n<\/div><\/figure>\n<\/div>\n<\/div>\n\n\n\n<div style=\"height:25px\" aria-hidden=\"true\" class=\"wp-block-spacer\"><\/div>\n\n\n\n<div class=\"wp-block-columns is-layout-flex wp-container-core-columns-is-layout-9d6595d7 wp-block-columns-is-layout-flex\">\n<div class=\"wp-block-column is-layout-flow wp-block-column-is-layout-flow\" style=\"flex-basis:40%\">\n<p style=\"font-size:22px\"><strong>3\u00ba Premio<\/strong>: <strong>S\u00f3leo: el segundo coraz\u00f3n que late en tus piernas<\/strong><\/p>\n\n\n\n<div style=\"height:13px\" aria-hidden=\"true\" class=\"wp-block-spacer\"><\/div>\n\n\n\n<p class=\"has-medium-font-size\" style=\"text-transform:none\"><strong>Autora:<\/strong> Carla Mont\u00e9 Sihuro.<br><br><strong>Docente responsable: <\/strong>Inma Balcells.<br><br><strong>Colegio:<\/strong> La Vall Instituci\u00f3 (Sabadell)<br><br><strong>Curso:<\/strong> 3\u00ba de la ESO<\/p>\n<\/div>\n\n\n\n<div class=\"wp-block-column is-layout-flow wp-block-column-is-layout-flow\" style=\"flex-basis:60%\">\n<figure class=\"wp-block-embed is-type-video is-provider-youtube wp-block-embed-youtube wp-embed-aspect-16-9 wp-has-aspect-ratio\"><div class=\"wp-block-embed__wrapper\">\n<div class=\"videowrapper\"><iframe loading=\"lazy\" title=\"S\u00f3leo: el segundo coraz\u00f3n que late en tus piernas (La Vall Instituci\u00f3)\" width=\"680\" height=\"383\" src=\"https:\/\/www.youtube.com\/embed\/wdaPSXdWGIc?feature=oembed\" frameborder=\"0\" allow=\"accelerometer; autoplay; clipboard-write; encrypted-media; gyroscope; picture-in-picture; web-share\" referrerpolicy=\"strict-origin-when-cross-origin\" allowfullscreen><\/iframe><\/div>\n<\/div><\/figure>\n<\/div>\n<\/div>\n\n\n\n<div style=\"height:25px\" aria-hidden=\"true\" class=\"wp-block-spacer\"><\/div>\n\n\n\n<div class=\"wp-block-columns is-layout-flex wp-container-core-columns-is-layout-9d6595d7 wp-block-columns-is-layout-flex\">\n<div class=\"wp-block-column is-layout-flow wp-block-column-is-layout-flow\" style=\"flex-basis:40%\">\n<p style=\"font-size:22px\"><strong>4\u00ba Premio<\/strong>: <strong>Bacteri\u00f3polis, \u00bfser\u00e1 todo verdad?<\/strong><\/p>\n\n\n\n<div style=\"height:13px\" aria-hidden=\"true\" class=\"wp-block-spacer\"><\/div>\n\n\n\n<p class=\"has-medium-font-size\" style=\"text-transform:none\"><strong>Autores:<\/strong> Carlota Alem\u00e1n Rodr\u00edguez, Celeste Arango Arias, Jorge Cabrera Ramos, Maximilian Conde Coronado,<br>Noa Decorde Ballesteros, Leandro D\u00edaz Del Pino, Pablo Fern\u00e1ndez Rodr\u00edguez, Ismael Garc\u00eda Linares, Elena Garc\u00eda Quintana, Samuel Mac\u00edas Diepa, Benito Marrero Armas, Sarah Mart\u00ednez Cubas, Alan Navarro Cabez\u00f3n, Muriel P\u00e9rez Garc\u00eda, Carla Ram\u00edrez Langarica, Marta Ramos Gil, N\u00e9stor Rodr\u00edguez Dom\u00ednguez, Martina Rodr\u00edguez Zamorano, Alejandro Santana Ben\u00edtez, Giovanni Santana Guti\u00e9rrez, N\u00e9stor Santana Nuez, Alejandra Su\u00e1rez Hern\u00e1ndez y<br>Silas Su\u00e1rez Ugwu.<br><br><strong>Docente responsable: <\/strong>Beatriz Socorro Jorge.<br><br><strong>Colegio:<\/strong> CEIPS Enrique de Oss\u00f3 (Las Palmas)<br><br><strong>Curso:<\/strong> 4\u00ba de la ESO<\/p>\n<\/div>\n\n\n\n<div class=\"wp-block-column is-layout-flow wp-block-column-is-layout-flow\" style=\"flex-basis:60%\">\n<figure class=\"wp-block-embed is-type-video is-provider-youtube wp-block-embed-youtube wp-embed-aspect-16-9 wp-has-aspect-ratio\"><div class=\"wp-block-embed__wrapper\">\n<div class=\"videowrapper\"><iframe loading=\"lazy\" title=\"Bacteri\u00f3polis, \u00bfser\u00e1 todo verdad? (CEIPS Enrique de Oss\u00f3)\" width=\"680\" height=\"383\" src=\"https:\/\/www.youtube.com\/embed\/dNNu__Q5kcs?feature=oembed\" frameborder=\"0\" allow=\"accelerometer; autoplay; clipboard-write; encrypted-media; gyroscope; picture-in-picture; web-share\" referrerpolicy=\"strict-origin-when-cross-origin\" allowfullscreen><\/iframe><\/div>\n<\/div><\/figure>\n<\/div>\n<\/div>\n\n\n\n<div style=\"height:25px\" aria-hidden=\"true\" class=\"wp-block-spacer\"><\/div>\n\n\n\n<div class=\"wp-block-columns is-layout-flex wp-container-core-columns-is-layout-9d6595d7 wp-block-columns-is-layout-flex\">\n<div class=\"wp-block-column is-layout-flow wp-block-column-is-layout-flow\" style=\"flex-basis:40%\">\n<p style=\"font-size:22px\"><strong>5\u00ba Premio<\/strong>: <strong><em>L&#8217;Osmosi de l&#8217;ou <\/em>(La Osmosis del huevo)<\/strong><\/p>\n\n\n\n<div style=\"height:13px\" aria-hidden=\"true\" class=\"wp-block-spacer\"><\/div>\n\n\n\n<p class=\"has-medium-font-size\" style=\"text-transform:none\"><strong>Autores:<\/strong> Muzzammil Nisa, Alexis Castillo, Laia Graus y Ainoa Monserrate.<br><br><strong>Docente responsable: <\/strong>Eul\u00e0lia Janer.<br><br><strong>Colegio:<\/strong> Sagrat Cor de Jes\u00fas (Vic)<br><br><strong>Curso:<\/strong> 4\u00ba de la ESO<\/p>\n<\/div>\n\n\n\n<div class=\"wp-block-column is-layout-flow wp-block-column-is-layout-flow\" style=\"flex-basis:60%\">\n<figure class=\"wp-block-embed is-type-video is-provider-youtube wp-block-embed-youtube wp-embed-aspect-16-9 wp-has-aspect-ratio\"><div class=\"wp-block-embed__wrapper\">\n<div class=\"videowrapper\"><iframe loading=\"lazy\" title=\"L\u2019Osmosi de l\u2019ou (Sagrat Cor de Jes\u00fas)\" width=\"680\" height=\"383\" src=\"https:\/\/www.youtube.com\/embed\/fFNTM1b3T6g?feature=oembed\" frameborder=\"0\" allow=\"accelerometer; autoplay; clipboard-write; encrypted-media; gyroscope; picture-in-picture; web-share\" referrerpolicy=\"strict-origin-when-cross-origin\" allowfullscreen><\/iframe><\/div>\n<\/div><\/figure>\n<\/div>\n<\/div>\n<\/div><\/div>\n","protected":false},"excerpt":{"rendered":"<p>Ganadores EUREKA Divulgadores 2025 El certamen impulsado por la International Science Teaching Foundation, en colaboraci\u00f3n con Science Bits y Math Bits, invita a estudiantes de educaci\u00f3n secundaria a elaborar un v\u00eddeo de divulgaci\u00f3n cient\u00edfica con el prop\u00f3sito de fomentar la curiosidad, la creatividad y la capacidad de comunicar conceptos cient\u00edficos de manera clara y atractiva.1<\/p>\n","protected":false},"author":2,"featured_media":19094,"parent":0,"menu_order":0,"comment_status":"closed","ping_status":"closed","template":"","meta":{"footnotes":""},"class_list":["post-19069","page","type-page","status-publish","has-post-thumbnail","hentry"],"_links":{"self":[{"href":"https:\/\/science-teaching.org\/es\/wp-json\/wp\/v2\/pages\/19069","targetHints":{"allow":["GET"]}}],"collection":[{"href":"https:\/\/science-teaching.org\/es\/wp-json\/wp\/v2\/pages"}],"about":[{"href":"https:\/\/science-teaching.org\/es\/wp-json\/wp\/v2\/types\/page"}],"author":[{"embeddable":true,"href":"https:\/\/science-teaching.org\/es\/wp-json\/wp\/v2\/users\/2"}],"replies":[{"embeddable":true,"href":"https:\/\/science-teaching.org\/es\/wp-json\/wp\/v2\/comments?post=19069"}],"version-history":[{"count":30,"href":"https:\/\/science-teaching.org\/es\/wp-json\/wp\/v2\/pages\/19069\/revisions"}],"predecessor-version":[{"id":19107,"href":"https:\/\/science-teaching.org\/es\/wp-json\/wp\/v2\/pages\/19069\/revisions\/19107"}],"wp:featuredmedia":[{"embeddable":true,"href":"https:\/\/science-teaching.org\/es\/wp-json\/wp\/v2\/media\/19094"}],"wp:attachment":[{"href":"https:\/\/science-teaching.org\/es\/wp-json\/wp\/v2\/media?parent=19069"}],"curies":[{"name":"wp","href":"https:\/\/api.w.org\/{rel}","templated":true}]}}