{"id":1567,"date":"2020-05-24T15:00:00","date_gmt":"2020-05-24T14:00:00","guid":{"rendered":"https:\/\/science-teaching.org\/?page_id=1567"},"modified":"2023-11-28T21:40:02","modified_gmt":"2023-11-28T20:40:02","slug":"conoce-tu-cerebro-para-aprender-a-aprender","status":"publish","type":"page","link":"https:\/\/science-teaching.org\/es\/conoce-tu-cerebro-para-aprender-a-aprender","title":{"rendered":"Conoce tu cerebro para APRENDER A APRENDER"},"content":{"rendered":"\n<figure class=\"wp-block-gallery has-nested-images columns-default is-cropped wp-block-gallery-1 is-layout-flex wp-block-gallery-is-layout-flex\">\n<figure class=\"wp-block-image size-large\"><img loading=\"lazy\" decoding=\"async\" width=\"806\" height=\"278\" data-id=\"1618\" src=\"https:\/\/science-teaching.org\/wp-content\/uploads\/2020\/05\/Capcalera-mailing-llibre-Aprender_v2_BLANC_CAST2.jpg\" alt=\"\" class=\"wp-image-1618\" srcset=\"https:\/\/science-teaching.org\/wp-content\/uploads\/2020\/05\/Capcalera-mailing-llibre-Aprender_v2_BLANC_CAST2.jpg 806w, https:\/\/science-teaching.org\/wp-content\/uploads\/2020\/05\/Capcalera-mailing-llibre-Aprender_v2_BLANC_CAST2-300x103.jpg 300w, https:\/\/science-teaching.org\/wp-content\/uploads\/2020\/05\/Capcalera-mailing-llibre-Aprender_v2_BLANC_CAST2-768x265.jpg 768w, https:\/\/science-teaching.org\/wp-content\/uploads\/2020\/05\/Capcalera-mailing-llibre-Aprender_v2_BLANC_CAST2-700x241.jpg 700w\" sizes=\"auto, (max-width: 806px) 100vw, 806px\" \/><\/figure>\n<\/figure>\n\n\n\n<p><strong><em>Conoce tu cerebro para APRENDER A APRENDER<\/em><\/strong> es el libro que el experto en neurociencia y psicolog\u00eda educativas H\u00e9ctor Ruiz Mart\u00edn ha escrito para ayudar a los estudiantes de secundaria a desarrollar buenas estrategias de aprendizaje: aquellas que se basan en la evidencia cient\u00edfica sobre c\u00f3mo aprende el cerebro.<\/p>\n\n\n\n<h4 class=\"wp-block-heading\"><strong>SOBRE EL LIBRO<\/strong><\/h4>\n\n\n<div class=\"wp-block-image is-style-circle-mask\">\n<figure class=\"alignright size-large is-resized\"><img loading=\"lazy\" decoding=\"async\" src=\"https:\/\/science-teaching.org\/wp-content\/uploads\/2020\/05\/MockupAprender_esp.jpg\" alt=\"\" class=\"wp-image-1568\" width=\"345\" height=\"345\" srcset=\"https:\/\/science-teaching.org\/wp-content\/uploads\/2020\/05\/MockupAprender_esp.jpg 800w, https:\/\/science-teaching.org\/wp-content\/uploads\/2020\/05\/MockupAprender_esp-300x300.jpg 300w, https:\/\/science-teaching.org\/wp-content\/uploads\/2020\/05\/MockupAprender_esp-150x150.jpg 150w, https:\/\/science-teaching.org\/wp-content\/uploads\/2020\/05\/MockupAprender_esp-768x768.jpg 768w, https:\/\/science-teaching.org\/wp-content\/uploads\/2020\/05\/MockupAprender_esp-525x525.jpg 525w, https:\/\/science-teaching.org\/wp-content\/uploads\/2020\/05\/MockupAprender_esp-120x120.jpg 120w, https:\/\/science-teaching.org\/wp-content\/uploads\/2020\/05\/MockupAprender_esp-125x125.jpg 125w\" sizes=\"auto, (max-width: 345px) 100vw, 345px\" \/><\/figure>\n<\/div>\n\n\n<p>Una de las claves del aprendizaje autorregulado es el conocimiento de buenas estrategias metacognitivas que promuevan aprendizajes significativos, duraderos y transferibles. De hecho, la investigaci\u00f3n refleja que este es uno de los factores con m\u00e1s impacto para el desempe\u00f1o de los estudiantes y, en consecuencia, para su motivaci\u00f3n y autonom\u00eda.<\/p>\n\n\n\n<p>En este libro, H\u00e9ctor Ruiz Mart\u00edn comparte con los m\u00e1s j\u00f3venes sus conocimientos sobre c\u00f3mo aprendemos y, en concreto, sobre las acciones y circunstancias que nos ayudan a aprender mejor.<\/p>\n\n\n\n<p>Con un estilo directo y muy ameno, los estudiantes de 12 a\u00f1os en adelante aprender\u00e1n estrategias como la pr\u00e1ctica de la evocaci\u00f3n, la pr\u00e1ctica entrelazada o el estudio elaborativo, descubrir\u00e1n la importancia de planificarse y no dejarlo todo para el \u00faltimo momento, y apreciar\u00e1n los beneficios de colaborar para aprender. En otras palabras, aprender\u00e1n a aprender.<\/p>\n\n\n\n<p>Un libro <strong>ideal para introducir la competencia de aprender a aprender en las tutor\u00edas<\/strong> desde una perspectiva cient\u00edfica fundamentada sobre c\u00f3mo funciona el cerebro.<\/p>\n\n\n\n<h4 class=\"wp-block-heading\"><strong>TEXTO DE LA CONTRAPORTADA<\/strong><\/h4>\n\n\n\n<p>En este libro, un cient\u00edfico te explica de manera sencilla y muy amena c\u00f3mo aprende tu cerebro y qu\u00e9 puedes hacer para sacar partido a todo su potencial.<\/p>\n\n\n\n<p><strong>Entre sus p\u00e1ginas descubrir\u00e1s&#8230;<\/strong><\/p>\n\n\n\n<ul class=\"wp-block-list\"><li>Que tanto las personas que tienen facilidad para aprender como las que no, pueden mejorar su desempe\u00f1o enormemente si emplean las estrategias de aprendizaje adecuadas: \u00a1aquellas que se alinean con la forma en que el cerebro aprende mejor!<\/li><\/ul>\n\n\n\n<ul class=\"wp-block-list\"><li>Que la mayor\u00eda de estudiantes no conocen estas estrategias y los que las desarrollan espont\u00e1neamente obtienen una enorme ventaja sin ni siquiera saberlo.<\/li><\/ul>\n\n\n\n<ul class=\"wp-block-list\"><li>Que tu cerebro es mucho m\u00e1s poderoso de lo que crees por lo que respecta a su capacidad de aprender. \u00a1Cada vez que aprendes algo modifica su estructura!<\/li><\/ul>\n\n\n\n<p class=\"has-text-color\" style=\"color:#097cbf\">Cuando aprendes sobre c\u00f3mo aprende el cerebro, \u00a1aprendes a aprender!<\/p>\n\n\n\n<h4 class=\"wp-block-heading\"><strong>OPCIONES DE COMPRA<\/strong><\/h4>\n\n\n\n<div class=\"wp-block-button aligncenter\"><a class=\"wp-block-button__link has-text-color has-very-light-gray-color has-background botonescuelas\" style=\"background-color: #0071a1;\" href=\"https:\/\/forms.gle\/upL47fdQBSNSjGZU7\" target=\"_blank\" rel=\"noreferrer noopener\"><strong>Escuelas<\/strong> (a partir de 25 ejemplares)<\/a><\/div>\n\n\n\n<hr class=\"wp-block-separator has-text-color has-css-opacity has-background is-style-dots\" style=\"background-color:#ffffff;color:#ffffff\"\/>\n\n\n\n<div class=\"wp-block-button aligncenter\"><strong><a class=\"wp-block-button__link has-text-color has-very-light-gray-color has-background botones\" style=\"background-color: #0071a1;\" href=\"http:\/\/www.arcobaleno2000.com\/busqueda\/detalle.php?codigo=conoce-tu-cerebro-para-aprender-a-aprender_114491\" target=\"_blank\" rel=\"noreferrer noopener\"><strong>Particulares papel en color <\/strong>(Europa y Australia)<\/a><\/div>\n\n\n\n<hr class=\"wp-block-separator has-text-color has-css-opacity has-background is-style-dots\" style=\"background-color:#ffffff;color:#ffffff\"\/>\n\n\n<div class=\"wp-block-button aligncenter\"><a class=\"wp-block-button__link has-text-color has-very-light-gray-color has-background botones\" style=\"background-color: #0071a1;\" href=\"https:\/\/amzn.to\/2X8fzKR\" target=\"_blank\" rel=\"noreferrer noopener\"><strong>Particulares papel blanco y negro <\/strong>(Amazon Espa\u00f1a)<\/a><\/div>\n<p><!-- \/wp:post-content --><\/p>\n<p><!-- wp:separator {\"customColor\":\"#ffffff\",\"className\":\"is-style-dots\"} --><\/p>\n<hr class=\"wp-block-separator has-text-color has-background is-style-dots\" style=\"background-color: #ffffff; color: #ffffff;\"><!-- \/wp:separator --><p><\/p>\n<p><!-- wp:button {\"textColor\":\"very-light-gray\",\"customBackgroundColor\":\"#0071a1\",\"align\":\"center\"} --><\/p>\n<div class=\"wp-block-button aligncenter\"><a class=\"wp-block-button__link has-text-color has-very-light-gray-color has-background botonlatam\" style=\"background-color: #0071a1;\" href=\"https:\/\/amzn.to\/3c9inLO\" target=\"_blank\" rel=\"noreferrer noopener\"><strong>Particulares papel <\/strong>(Amazon Latinoam\u00e9rica)<\/a><\/div>\n<p><!-- \/wp:button --><\/p>\n<p><!-- wp:separator {\"customColor\":\"#ffffff\",\"className\":\"is-style-dots\"} --><\/p>\n<hr class=\"wp-block-separator has-text-color has-background is-style-dots\" style=\"background-color: #ffffff; color: #ffffff;\"><!-- \/wp:separator --><p><\/p>\n<p><!-- wp:button {\"textColor\":\"very-light-gray\",\"customBackgroundColor\":\"#0071a1\",\"align\":\"center\"} --><\/p>\n<div class=\"wp-block-button aligncenter\"><a class=\"wp-block-button__link has-text-color has-very-light-gray-color has-background botonebook\" style=\"background-color: #0071a1;\" href=\"https:\/\/amzn.to\/2BM0lTu\" target=\"_blank\" rel=\"noreferrer noopener\"><strong>eBook Kindle<\/strong><\/a><\/div>\n<p><!-- \/wp:button --><\/p>\n<p><!-- wp:heading {\"level\":4} --><\/p>\n<h4><strong>WEB DEL LIBRO EN CATAL\u00c1N<\/strong>:<\/h4>\n<p><!-- \/wp:heading --><\/p>\n<p><!-- wp:button {\"backgroundColor\":\"pale-cyan-blue\",\"textColor\":\"very-dark-gray\",\"borderRadius\":50,\"align\":\"center\"} --><\/p>\n<div class=\"wp-block-button aligncenter\"><a class=\"wp-block-button__link has-text-color has-very-dark-gray-color has-background has-pale-cyan-blue-background-color\" style=\"border-radius: 50px;\" href=\"https:\/\/science-teaching.org\/coneix-el-teu-cervell-per-aprendre-a-aprendre\/\" target=\"_blank\" rel=\"noreferrer noopener\"><strong>Llibre en catal\u00e0<\/strong><\/a><\/div>\n<p><!-- \/wp:button --><\/p>\n<p><!-- wp:image {\"id\":1580,\"width\":596,\"height\":331,\"sizeSlug\":\"large\"} --><\/p>\n<figure class=\"wp-block-image size-large is-resized\"><img loading=\"lazy\" decoding=\"async\" class=\"wp-image-1580\" src=\"https:\/\/science-teaching.org\/wp-content\/uploads\/2020\/05\/dibu8.png\" alt=\"\" width=\"596\" height=\"331\" srcset=\"https:\/\/science-teaching.org\/wp-content\/uploads\/2020\/05\/dibu8.png 914w, https:\/\/science-teaching.org\/wp-content\/uploads\/2020\/05\/dibu8-300x167.png 300w, https:\/\/science-teaching.org\/wp-content\/uploads\/2020\/05\/dibu8-768x427.png 768w, https:\/\/science-teaching.org\/wp-content\/uploads\/2020\/05\/dibu8-700x389.png 700w\" sizes=\"auto, (max-width: 596px) 100vw, 596px\" \/><\/figure>\n<p><!-- \/wp:image --><\/p>","protected":false},"excerpt":{"rendered":"<p>Conoce tu cerebro para APRENDER A APRENDER es el libro que el experto en neurociencia y psicolog\u00eda educativas H\u00e9ctor Ruiz Mart\u00edn ha escrito para ayudar a los estudiantes de secundaria a desarrollar buenas estrategias de aprendizaje: aquellas que se basan en la evidencia cient\u00edfica sobre c\u00f3mo aprende el cerebro. SOBRE EL LIBRO Una de las1<\/p>\n","protected":false},"author":2,"featured_media":1677,"parent":0,"menu_order":0,"comment_status":"closed","ping_status":"closed","template":"","meta":{"footnotes":""},"class_list":["post-1567","page","type-page","status-publish","has-post-thumbnail","hentry"],"_links":{"self":[{"href":"https:\/\/science-teaching.org\/es\/wp-json\/wp\/v2\/pages\/1567","targetHints":{"allow":["GET"]}}],"collection":[{"href":"https:\/\/science-teaching.org\/es\/wp-json\/wp\/v2\/pages"}],"about":[{"href":"https:\/\/science-teaching.org\/es\/wp-json\/wp\/v2\/types\/page"}],"author":[{"embeddable":true,"href":"https:\/\/science-teaching.org\/es\/wp-json\/wp\/v2\/users\/2"}],"replies":[{"embeddable":true,"href":"https:\/\/science-teaching.org\/es\/wp-json\/wp\/v2\/comments?post=1567"}],"version-history":[{"count":48,"href":"https:\/\/science-teaching.org\/es\/wp-json\/wp\/v2\/pages\/1567\/revisions"}],"predecessor-version":[{"id":8893,"href":"https:\/\/science-teaching.org\/es\/wp-json\/wp\/v2\/pages\/1567\/revisions\/8893"}],"wp:featuredmedia":[{"embeddable":true,"href":"https:\/\/science-teaching.org\/es\/wp-json\/wp\/v2\/media\/1677"}],"wp:attachment":[{"href":"https:\/\/science-teaching.org\/es\/wp-json\/wp\/v2\/media?parent=1567"}],"curies":[{"name":"wp","href":"https:\/\/api.w.org\/{rel}","templated":true}]}}