{"id":1454,"date":"2020-02-27T14:24:06","date_gmt":"2020-02-27T14:24:06","guid":{"rendered":"https:\/\/science-teaching.org\/?page_id=1454"},"modified":"2020-06-04T13:58:09","modified_gmt":"2020-06-04T12:58:09","slug":"cursbcn","status":"publish","type":"page","link":"https:\/\/science-teaching.org\/es\/cursbcn","title":{"rendered":"CURS PRESENCIAL"},"content":{"rendered":"\n<h2 class=\"wp-block-heading\">Principis de neuroci\u00e8ncia i psicologia de l&#8217;aprenentatge per a docents<\/h2>\n\n\n\n<h4 class=\"wp-block-heading\"><strong>Descripci\u00f3 de l&#8217;activitat<\/strong><\/h4>\n\n\n\n<p>Aquest curs presencial pret\u00e9n apropar els docents a alguns dels descobriments cient\u00edfics en el camp de la psicologia cognitiva i la neurobiologia de la mem\u00f2ria i l\u2019aprenentatge, amb l&#8217;objectiu de proveir-los de coneixements que puguin contribuir a fonamentar les seves pr\u00e0ctiques amb base en l&#8217;evid\u00e8ncia.<\/p>\n\n\n\n<p>El curs va dirigit a mestres i professors d\u2019Educaci\u00f3 Infantil, Prim\u00e0ria, Secund\u00e0ria i Batxillerat que estiguin interessats a obtenir una visi\u00f3 \u00e0mplia de les principals conclusions que la recerca ha revelat sobre com aprenen les persones que poden ser transferides a les aules.<\/p>\n\n\n\n<h4 class=\"wp-block-heading\"><strong>Objectius<\/strong><\/h4>\n\n\n\n<ul class=\"wp-block-list\"><li>Obtenir un coneixement b\u00e0sic sobre els fonaments de les ci\u00e8ncies de l&#8217;aprenentatge i les principals l\u00ednies de recerca educativa, en l&#8217;\u00e0mbit de la psicologia cognitiva, la psicologia del desenvolupament i la neurobiologia.<\/li><li>Realitzar una aproximaci\u00f3 als principals descobriments de la neuroci\u00e8ncia i la psicologia de l&#8217;aprenentatge que poden tenir aplicaci\u00f3 pr\u00e0ctica en el context escolar.<\/li><li>Identificar algunes pr\u00e0ctiques docents que es recolzen sobre coneixements amb base cient\u00edfica sobre com aprenen les persones i que potencien un aprenentatge significatiu i durador en els alumnes.<\/li><li>Identificar algunes estrat\u00e8gies i teories educatives que no compten amb suport cient\u00edfic (mites educatius).<\/li><\/ul>\n\n\n\n<h4 class=\"wp-block-heading\"><strong>Programa<\/strong><\/h4>\n\n\n\n<p><strong>M\u00f2dul 1. Els processos cognitius de l&#8217;aprenentatge<\/strong><\/p>\n\n\n\n<ul class=\"wp-block-list\"><li>Entendre qu\u00e8 \u00e9s la mem\u00f2ria i quins tipus d&#8217;aprenentatges suporta.&nbsp;<\/li><li>Comprendre com s&#8217;organitza i com es construeix la mem\u00f2ria.<\/li><li>Identificar les pr\u00e0ctiques educatives que s\u00f3n coherents amb la naturalesa de la mem\u00f2ria i amb els mecanismes que regeixen l&#8217;aprenentatge significatiu.<\/li><\/ul>\n\n\n\n<p><strong>M\u00f2dul 2. Els factors socio-emocionals de l&#8217;aprenentatge<\/strong><\/p>\n\n\n\n<ul class=\"wp-block-list\"><li>Identificar el paper dels factors emocionals en l&#8217;aprenentatge.<\/li><li>Comprendre les bases de la motivaci\u00f3.<\/li><li>Con\u00e8ixer les estrat\u00e8gies educatives que potencien l&#8217;aprenentatge per mitj\u00e0 de la gesti\u00f3 de les emocions i dels factors que determinen la motivaci\u00f3.<\/li><\/ul>\n\n\n\n<p><strong>M\u00f2dul 3. Les bases biol\u00f2giques de l&#8217;aprenentatge<\/strong><\/p>\n\n\n\n<ul class=\"wp-block-list\"><li>Obtenir unes nocions b\u00e0siques sobre les estructures i els fen\u00f2mens neurol\u00f2gics principals que sustenten l&#8217;aprenentatge i la mem\u00f2ria.&nbsp;<\/li><li>Con\u00e8ixer els principals factors biol\u00f2gics que poden condicionar l&#8217;aprenentatge en les diverses etapes de la vida.<\/li><li>Comprendre les principals etapes del desenvolupament del cervell des de la primera inf\u00e0ncia fins a l\u2019adolesc\u00e8ncia i la seva relaci\u00f3 amb els diferents tipus d\u2019aprenentatges.<\/li><\/ul>\n\n\n\n<p><strong>M\u00f2dul 4. Mites i evid\u00e8ncies en el camp educatiu<\/strong><\/p>\n\n\n\n<ul class=\"wp-block-list\"><li>Con\u00e8ixer quines pr\u00e0ctiques educatives reben el recolzament d&#8217;evid\u00e8ncies neurobiol\u00f2giques i els principals mites pseudocient\u00edfics presents en el camp educatiu.<\/li><li>Promoure el pensament cr\u00edtic i una actitud reflexiva davant les metodologies d\u2019aprenentatge.&nbsp;<\/li><\/ul>\n\n\n\n<h4 class=\"wp-block-heading\"><strong>Metodologia de treball<\/strong><\/h4>\n\n\n\n<p>Aquest \u00e9s un curs presencial amb una part telem\u00e0tica (activitat final). La part presencial inclou l&#8217;exposici\u00f3 de conceptes i el treball en grup en diverses activitats, aix\u00ed com debats amb el grup classe al complet. L&#8217;activitat final consisteix en un treball de reflexi\u00f3 a realitzar per cada participant que ser\u00e0 corregit pels tutors.&nbsp;<\/p>\n\n\n\n<h4 class=\"wp-block-heading\"><strong>Tutors del curs<\/strong><\/h4>\n\n\n\n<ul class=\"wp-block-list\"><li>Marta Portero Tresserra (Universitat Aut\u00f2noma de Barcelona)<\/li><li>H\u00e9ctor Ruiz Mart\u00edn (International Science Teaching Foundation)<\/li><\/ul>\n\n\n\n<h4 class=\"wp-block-heading\"><strong>Caracter\u00edstiques<\/strong><\/h4>\n\n\n\n<ul class=\"wp-block-list\"><li>Destinataris: Docents d&#8217;Infantil, Prim\u00e0ria, ESO i Batxillerat.<\/li><li>Modalitat: Presencial + 4 hores telem\u00e0tiques<\/li><li>Hores de durada: 20 hores.<\/li><li>Horari: Del 6 al 9 de juliol de 2020, de 9.30h a 13.30h.<\/li><li>Lloc: Facultat de Medicina UB (C\/ Casanova 143)<\/li><li>Nombre de places m\u00e0ximes per edici\u00f3: 40<\/li><\/ul>\n\n\n\n<h4 class=\"wp-block-heading\"><strong>Cost de la matr\u00edcula<\/strong><\/h4>\n\n\n\n<p>El cost de la matr\u00edcula \u00e9s de 195\u20ac.<\/p>\n\n\n\n<h4 class=\"wp-block-heading\"><strong>Bibliografia<\/strong><\/h4>\n\n\n\n<p>Carballo, A. &amp; Portero, M. (2018).&nbsp;<em>10 ideas clave. Neurociencia y educaci\u00f3n: Aportaciones para el aula<\/em>&nbsp;(Vol. 27). Barcelona: Editorial Gra\u00f3.<\/p>\n\n\n\n<p>Ruiz-Mart\u00edn, H. (2020). <em>\u00bfC\u00f3mo aprendemos? Una aproximaci\u00f3n cient\u00edfica al aprendizaje y la ense\u00f1anza<\/em>. Educaci\u00f3n basada en evidencias (Vol. 1). Barcelona: Editorial Gra\u00f3.&nbsp;<\/p>\n\n\n\n<h3 class=\"wp-block-heading\">Reconegut pel Departament d&#8217;Educaci\u00f3 com a curs de formaci\u00f3 del professorat.<\/h3>\n\n\n\n<h2 class=\"wp-block-heading\"><strong>Places limitades!<\/strong><\/h2>\n\n\n\n<h2 class=\"has-luminous-vivid-orange-color has-text-color has-text-align-center wp-block-heading\"><strong>CURS CANCEL\u00b7LAT<\/strong><\/h2>\n","protected":false},"excerpt":{"rendered":"<p>Principis de neuroci\u00e8ncia i psicologia de l&#8217;aprenentatge per a docents Descripci\u00f3 de l&#8217;activitat Aquest curs presencial pret\u00e9n apropar els docents a alguns dels descobriments cient\u00edfics en el camp de la psicologia cognitiva i la neurobiologia de la mem\u00f2ria i l\u2019aprenentatge, amb l&#8217;objectiu de proveir-los de coneixements que puguin contribuir a fonamentar les seves pr\u00e0ctiques amb1<\/p>\n","protected":false},"author":2,"featured_media":0,"parent":0,"menu_order":0,"comment_status":"closed","ping_status":"closed","template":"","meta":{"footnotes":""},"class_list":["post-1454","page","type-page","status-publish","hentry"],"_links":{"self":[{"href":"https:\/\/science-teaching.org\/es\/wp-json\/wp\/v2\/pages\/1454","targetHints":{"allow":["GET"]}}],"collection":[{"href":"https:\/\/science-teaching.org\/es\/wp-json\/wp\/v2\/pages"}],"about":[{"href":"https:\/\/science-teaching.org\/es\/wp-json\/wp\/v2\/types\/page"}],"author":[{"embeddable":true,"href":"https:\/\/science-teaching.org\/es\/wp-json\/wp\/v2\/users\/2"}],"replies":[{"embeddable":true,"href":"https:\/\/science-teaching.org\/es\/wp-json\/wp\/v2\/comments?post=1454"}],"version-history":[{"count":16,"href":"https:\/\/science-teaching.org\/es\/wp-json\/wp\/v2\/pages\/1454\/revisions"}],"predecessor-version":[{"id":1684,"href":"https:\/\/science-teaching.org\/es\/wp-json\/wp\/v2\/pages\/1454\/revisions\/1684"}],"wp:attachment":[{"href":"https:\/\/science-teaching.org\/es\/wp-json\/wp\/v2\/media?parent=1454"}],"curies":[{"name":"wp","href":"https:\/\/api.w.org\/{rel}","templated":true}]}}