{"id":1433,"date":"2020-01-30T11:35:29","date_gmt":"2020-01-30T11:35:29","guid":{"rendered":"https:\/\/science-teaching.org\/?page_id=1433"},"modified":"2023-11-28T21:27:08","modified_gmt":"2023-11-28T20:27:08","slug":"modelo-constructivista-de-las-5e","status":"publish","type":"page","link":"https:\/\/science-teaching.org\/es\/modelo-constructivista-de-las-5e","title":{"rendered":"MODELO CONSTRUCTIVISTA DE LAS 5E"},"content":{"rendered":"\n<h3 class=\"wp-block-heading\">\u00bfQu\u00e9 es el modelo 5E de aprendizaje?<\/h3>\n\n\n\n<p>El modelo de ense\u00f1anza 5E es un modelo constructivista basado en 5 fases: Engage, Explore, Explain, Elaborate y Evaluate.<br><br>El modelo se basa en empezar movilizando los conocimientos previos de los alumnos; proceder conectando sus ideas con nuevos conocimientos adquiridos a trav\u00e9s de la investigaci\u00f3n y el descubrimiento; proveer de explicaciones formales de aquellos conceptos que ser\u00edan dif\u00edciles de descubrir intuitivamente; y proveer de oportunidades para demostrar los aprendizajes comprensivos mediante su aplicaci\u00f3n pr\u00e1ctica.<br><br>Desarrollado por el equipo del Biological Science Curriculum Study (BSCS), el modelo 5E ha sido usado desde los a\u00f1os 80 en m\u00faltiples escuelas de primaria y secundaria de los Estados Unidos. Los estudios han demostrado una mejora significativa en los aprendizajes conceptuales, en el desarrollo de competencias y un incremento del inter\u00e9s por la ciencia en los estudiantes.<\/p>\n\n\n\n<h3 class=\"wp-block-heading\">\u00bfQu\u00e9 es el constructivismo?<\/h3>\n\n\n\n<p>El constructivismo es un modelo de ense\u00f1anza y aprendizaje que parte de reconocer que toda persona cuenta con unos conocimientos, concepciones e ideas previas que ser\u00e1n su base para comprender e integrar nuevos aprendizajes. Por ello, el modelo constructivista requiere de unos aprendices activos, que movilicen sus conocimientos e ideas previos, los contrasten con las nuevas informaciones y construyan con ambos nuevos modelos de comprensi\u00f3n de la realidad.<br><br>El constructivismo implica un aprendizaje comprensivo a trav\u00e9s de la experiencia, que permita al alumno aplicar lo aprendido en nuevos contextos y situaciones, y rehuye de la mera memorizaci\u00f3n sin comprensi\u00f3n de los contenidos, propia del modelo \u201ctransmisivo\u201d.<\/p>\n\n\n\n<div style=\"height:30px\" aria-hidden=\"true\" class=\"wp-block-spacer\"><\/div>\n","protected":false},"excerpt":{"rendered":"<p>\u00bfQu\u00e9 es el modelo 5E de aprendizaje? El modelo de ense\u00f1anza 5E es un modelo constructivista basado en 5 fases: Engage, Explore, Explain, Elaborate y Evaluate. El modelo se basa en empezar movilizando los conocimientos previos de los alumnos; proceder conectando sus ideas con nuevos conocimientos adquiridos a trav\u00e9s de la investigaci\u00f3n y el descubrimiento;1<\/p>\n","protected":false},"author":2,"featured_media":0,"parent":0,"menu_order":0,"comment_status":"closed","ping_status":"closed","template":"","meta":{"footnotes":""},"class_list":["post-1433","page","type-page","status-publish","hentry"],"_links":{"self":[{"href":"https:\/\/science-teaching.org\/es\/wp-json\/wp\/v2\/pages\/1433","targetHints":{"allow":["GET"]}}],"collection":[{"href":"https:\/\/science-teaching.org\/es\/wp-json\/wp\/v2\/pages"}],"about":[{"href":"https:\/\/science-teaching.org\/es\/wp-json\/wp\/v2\/types\/page"}],"author":[{"embeddable":true,"href":"https:\/\/science-teaching.org\/es\/wp-json\/wp\/v2\/users\/2"}],"replies":[{"embeddable":true,"href":"https:\/\/science-teaching.org\/es\/wp-json\/wp\/v2\/comments?post=1433"}],"version-history":[{"count":3,"href":"https:\/\/science-teaching.org\/es\/wp-json\/wp\/v2\/pages\/1433\/revisions"}],"predecessor-version":[{"id":9107,"href":"https:\/\/science-teaching.org\/es\/wp-json\/wp\/v2\/pages\/1433\/revisions\/9107"}],"wp:attachment":[{"href":"https:\/\/science-teaching.org\/es\/wp-json\/wp\/v2\/media?parent=1433"}],"curies":[{"name":"wp","href":"https:\/\/api.w.org\/{rel}","templated":true}]}}