{"id":11815,"date":"2023-12-15T14:13:08","date_gmt":"2023-12-15T13:13:08","guid":{"rendered":"https:\/\/science-teaching.org\/?page_id=11815"},"modified":"2023-12-17T20:22:24","modified_gmt":"2023-12-17T19:22:24","slug":"webinar-analisis-de-preguntas-y-mediciones-de-habilidades-en-la-paes","status":"publish","type":"page","link":"https:\/\/science-teaching.org\/es\/webinar-analisis-de-preguntas-y-mediciones-de-habilidades-en-la-paes","title":{"rendered":"WEBINAR. An\u00e1lisis de la PAES en ciencias"},"content":{"rendered":"\n<div style=\"height:18px\" aria-hidden=\"true\" class=\"wp-block-spacer\"><\/div>\n\n\n\n<figure class=\"wp-block-image size-full\"><img loading=\"lazy\" decoding=\"async\" width=\"1920\" height=\"1080\" src=\"https:\/\/science-teaching.org\/wp-content\/uploads\/2023\/12\/banner-landing-ok.jpg\" alt=\"\" class=\"wp-image-11835\" srcset=\"https:\/\/science-teaching.org\/wp-content\/uploads\/2023\/12\/banner-landing-ok.jpg 1920w, https:\/\/science-teaching.org\/wp-content\/uploads\/2023\/12\/banner-landing-ok-300x169.jpg 300w, https:\/\/science-teaching.org\/wp-content\/uploads\/2023\/12\/banner-landing-ok-1024x576.jpg 1024w, https:\/\/science-teaching.org\/wp-content\/uploads\/2023\/12\/banner-landing-ok-768x432.jpg 768w, https:\/\/science-teaching.org\/wp-content\/uploads\/2023\/12\/banner-landing-ok-1536x864.jpg 1536w, https:\/\/science-teaching.org\/wp-content\/uploads\/2023\/12\/banner-landing-ok-700x394.jpg 700w\" sizes=\"auto, (max-width: 1920px) 100vw, 1920px\" \/><\/figure>\n\n\n\n<div style=\"height:30px\" aria-hidden=\"true\" class=\"wp-block-spacer\"><\/div>\n\n\n\n<p class=\"has-text-align-center\" style=\"font-size:25px\"><strong>MARTES 19 DE DICIEMBRE 2023 &#8211; 11:00 AM<\/strong><\/p>\n\n\n\n<p class=\"has-text-align-center\"><mark style=\"background-color: rgba(0, 0, 0, 0); color: #686f75;\" class=\"has-inline-color\"><strong>REGISTRO GRATUITO &#8211; REQUIERE INSCRIPCI\u00d3N PREVIA<\/strong><\/mark><\/p>\n\n\n\n<hr class=\"wp-block-separator has-text-color has-cyan-bluish-gray-color has-css-opacity has-cyan-bluish-gray-background-color has-background is-style-default\"\/>\n\n\n\n<div style=\"height:24px\" aria-hidden=\"true\" class=\"wp-block-spacer\"><\/div>\n\n\n\n<p style=\"font-size:21px\">Chile ha experimentado un cambio significativo en su sistema de evaluaci\u00f3n universitaria, marcado por la implementaci\u00f3n de la <strong>Prueba de Acceso a la Educaci\u00f3n Superior (PAES)<\/strong>. Con tres rondas ya completadas, hemos observado una evoluci\u00f3n notable en la estructura y enfoque de las preguntas, especialmente en el \u00e1mbito de Ciencias Naturales.<\/p>\n\n\n\n<p style=\"font-size:21px\">Conoce con <strong>Eduardo Benavides<\/strong> el impacto de las nuevas metodolog\u00edas de evaluaci\u00f3n, y descubre c\u00f3mo las escuelas y los profesores pueden ajustar sus m\u00e9todos de ense\u00f1anza para alinearlos con las demandas de la PAES.<\/p>\n\n\n\n<hr class=\"wp-block-separator has-text-color has-cyan-bluish-gray-color has-css-opacity has-cyan-bluish-gray-background-color has-background is-style-default\"\/>\n\n\n\n<div style=\"height:20px\" aria-hidden=\"true\" class=\"wp-block-spacer\"><\/div>\n\n\n\n<p class=\"has-text-align-center\" id=\"elformulario\" style=\"font-size:19px\">Rellena este formulario* y te haremos llegar un enlace que te permitir\u00e1 acceder al webinar de <strong>Eduardo Benavides.<\/strong><\/p>\n\n\n\n<div style=\"height:10px\" aria-hidden=\"true\" class=\"wp-block-spacer\"><\/div>\n\n\n\n<div style=\"height:15px\" aria-hidden=\"true\" class=\"wp-block-spacer\"><\/div>\n\n\n\n<script data-b24-form=\"inline\/257\/0rvwes\" data-skip-moving=\"true\">(function(w,d,u){var s=d.createElement('script');s.async=true;s.src=u+'?'+(Date.now()\/180000|0);var h=d.getElementsByTagName('script')[0];h.parentNode.insertBefore(s,h);})(window,document,'https:\/\/cdn.bitrix24.eu\/b16802787\/crm\/form\/loader_257.js');<\/script>\n\n\n\n<div style=\"height:25px\" aria-hidden=\"true\" class=\"wp-block-spacer\"><\/div>\n\n\n\n<p class=\"has-text-align-center\" style=\"font-size:16px\">*Si tienes alg\u00fan problema para ver el formulario, por favor contacta con nosotros en <a href=\"mailto:webinars@science-bits.com\" target=\"_blank\" rel=\"noreferrer noopener\"><mark class=\"has-inline-color\" style=\"background-color: rgba(0, 0, 0, 0); color: #6ba214;\"><strong>webinars@science-bits.com<\/strong><\/mark><\/a><\/p>\n\n\n\n<div style=\"height:12px\" aria-hidden=\"true\" class=\"wp-block-spacer\"><\/div>\n\n\n\n<hr class=\"wp-block-separator has-text-color has-cyan-bluish-gray-color has-alpha-channel-opacity has-cyan-bluish-gray-background-color has-background is-style-default\"\/>\n\n\n\n<h1 class=\"wp-block-heading\">CONTENIDO<\/h1>\n\n\n\n<p style=\"font-size:19px\">Este <strong>webinar <\/strong>est\u00e1 dise\u00f1ado para sumergirte en un an\u00e1lisis detallado de las preguntas m\u00e1s recientes de la PAES en Ciencias Naturales. <strong>Nuestro objetivo es identificar y comprender el impacto de los cambios curriculares en los resultados del proceso de admisi\u00f3n universitaria<\/strong>.<\/p>\n\n\n\n<p style=\"font-size:19px\">Exploraremos c\u00f3mo estas modificaciones afectan no solo a los estudiantes sino tambi\u00e9n a los profesores y colegios, quienes juegan un papel crucial en la preparaci\u00f3n para estas evaluaciones.<\/p>\n\n\n\n<div style=\"height:5px\" aria-hidden=\"true\" class=\"wp-block-spacer\"><\/div>\n\n\n\n<hr class=\"wp-block-separator has-text-color has-cyan-bluish-gray-color has-css-opacity has-cyan-bluish-gray-background-color has-background is-style-default\"\/>\n\n\n\n<h1 class=\"wp-block-heading\">PRESENTADO POR<\/h1>\n\n\n\n<div style=\"height:7px\" aria-hidden=\"true\" class=\"wp-block-spacer\"><\/div>\n\n\n<div class=\"wp-block-image\">\n<figure class=\"alignleft size-medium\"><img loading=\"lazy\" decoding=\"async\" width=\"300\" height=\"300\" src=\"https:\/\/science-teaching.org\/wp-content\/uploads\/2023\/09\/eduardo-low-300x300.jpg\" alt=\"\" class=\"wp-image-10985\" srcset=\"https:\/\/science-teaching.org\/wp-content\/uploads\/2023\/09\/eduardo-low-300x300.jpg 300w, https:\/\/science-teaching.org\/wp-content\/uploads\/2023\/09\/eduardo-low-150x150.jpg 150w, https:\/\/science-teaching.org\/wp-content\/uploads\/2023\/09\/eduardo-low-120x120.jpg 120w, https:\/\/science-teaching.org\/wp-content\/uploads\/2023\/09\/eduardo-low-125x125.jpg 125w, https:\/\/science-teaching.org\/wp-content\/uploads\/2023\/09\/eduardo-low.jpg 400w\" sizes=\"auto, (max-width: 300px) 100vw, 300px\" \/><\/figure>\n<\/div>\n\n\n<p style=\"font-size:22px\"><strong>Eduardo Benavides<\/strong><\/p>\n\n\n\n<p class=\"has-medium-font-size\">Consultor Educativo y Asesor Pedag\u00f3gico de Science Bits para Chile.<\/p>\n\n\n\n<p style=\"font-size:17px\"><strong>&gt;&nbsp;<\/strong>Docente de Biolog\u00eda y Qu\u00edmica.<br><strong>&gt;&nbsp;<\/strong>Profesor de <em>Streaming <\/em>y creador de material did\u00e1ctico. Participa en programas de ense\u00f1anza libre para estudiantes de todo Chile.<br><em><strong>&gt;&nbsp;<\/strong>Siempre quiso ser futbolista y es m\u00fasico de Blues.<\/em><\/p>\n\n\n\n<div style=\"height:15px\" aria-hidden=\"true\" class=\"wp-block-spacer\"><\/div>\n\n\n\n<div class=\"wp-block-buttons is-content-justification-center is-layout-flex wp-container-core-buttons-is-layout-16018d1d wp-block-buttons-is-layout-flex\">\n<div class=\"wp-block-button\"><a class=\"wp-block-button__link has-white-color has-text-color has-background has-text-align-center wp-element-button\" href=\"#elformulario\" style=\"background-color:#6ba214\"><strong>OBT\u00c9N ACCESO AL WEBINAR<\/strong><\/a><\/div>\n<\/div>\n\n\n\n<div style=\"height:46px\" aria-hidden=\"true\" class=\"wp-block-spacer\"><\/div>\n\n\n\n<hr class=\"wp-block-separator has-text-color has-cyan-bluish-gray-color has-css-opacity has-cyan-bluish-gray-background-color has-background is-style-wide\"\/>\n\n\n\n<div style=\"height:41px\" aria-hidden=\"true\" class=\"wp-block-spacer\"><\/div>\n\n\n\n<figure class=\"wp-block-image size-medium is-resized is-style-default\"><a href=\"https:\/\/science-teaching.org\/wp-content\/uploads\/2022\/04\/SB-banner-logo-landing-form-webinar-raul-febles.png\"><img loading=\"lazy\" decoding=\"async\" width=\"300\" height=\"125\" src=\"https:\/\/science-teaching.org\/wp-content\/uploads\/2022\/04\/SB-banner-logo-landing-form-webinar-raul-febles-300x125.png\" alt=\"\" class=\"wp-image-5866\" style=\"object-fit:cover;width:251px;height:105px\" srcset=\"https:\/\/science-teaching.org\/wp-content\/uploads\/2022\/04\/SB-banner-logo-landing-form-webinar-raul-febles-300x125.png 300w, https:\/\/science-teaching.org\/wp-content\/uploads\/2022\/04\/SB-banner-logo-landing-form-webinar-raul-febles.png 501w\" sizes=\"auto, (max-width: 300px) 100vw, 300px\" \/><\/a><\/figure>\n\n\n\n<div style=\"height:15px\" aria-hidden=\"true\" class=\"wp-block-spacer\"><\/div>\n\n\n\n<p><strong><a rel=\"noreferrer noopener\" href=\"https:\/\/science-bits.cl\/site\/es\/descubre-science-bits\/?utm_source=istf&amp;utm_medium=post&amp;utm_campaign=web-mas-alla-curriculum\" target=\"_blank\">Science Bits<\/a><\/strong>, el proyecto curricular de ciencias de la ISTF, ofrece a los profesores un conjunto de propuestas did\u00e1cticas que les ayudan a ense\u00f1ar ciencias de una forma que motiva a sus estudiantes. El objetivo de Science Bits es proporcionar herramientas a los docentes para promover una educaci\u00f3n cient\u00edfico-tecnol\u00f3gica de calidad.<\/p>\n\n\n\n<div style=\"height:10px\" aria-hidden=\"true\" class=\"wp-block-spacer\"><\/div>\n\n\n\n<figure class=\"wp-block-image size-full\"><img loading=\"lazy\" decoding=\"async\" width=\"240\" height=\"115\" src=\"https:\/\/science-teaching.org\/wp-content\/uploads\/2022\/03\/ISTF-ok-banner-logo-landing-form-webinar-pablo-fracciones-decimales.png\" alt=\"\" class=\"wp-image-4976\"\/><\/figure>\n\n\n\n<p style=\"font-size:17px\">La&nbsp;<strong><a rel=\"noreferrer noopener\" href=\"https:\/\/science-teaching.org\/es\/\" target=\"_blank\">International Science Teaching Foundation (ISTF)<\/a><\/strong>&nbsp;es una organizaci\u00f3n sin \u00e1nimo de lucro con sede en Londres, Reino Unido. Somos una entidad global comprometida con la mejora de la educaci\u00f3n de las materias cient\u00edfico-tecnol\u00f3gicas a escala planetaria. Colaboramos con docentes y educadores expertos en las materias cient\u00edfico-tecnol\u00f3gicas con diferentes bagajes. Nuestra intenci\u00f3n es crear una comunidad internacional de profesionales de la educaci\u00f3n cient\u00edfico-tecnol\u00f3gica con dedicaci\u00f3n activa y compromiso.<\/p>\n\n\n\n<div style=\"height:24px\" aria-hidden=\"true\" class=\"wp-block-spacer\"><\/div>\n\n\n\n<div class=\"wp-block-buttons is-content-justification-center is-layout-flex wp-container-core-buttons-is-layout-16018d1d wp-block-buttons-is-layout-flex\">\n<div class=\"wp-block-button\"><a class=\"wp-block-button__link has-white-color has-text-color has-background wp-element-button\" href=\"https:\/\/science-bits.cl\/site\/es\/descubre-science-bits\/?utm_source=istf&amp;utm_medium=post&amp;utm_campaign=web-analisis-paes\" style=\"background-color:#6ba214\" target=\"_blank\" rel=\"noreferrer noopener\"><strong>QUIERO SABER M\u00c1S SOBRE SCIENCE BITS<\/strong><\/a><\/div>\n<\/div>\n\n\n\n<div style=\"height:30px\" aria-hidden=\"true\" class=\"wp-block-spacer\"><\/div>\n\n\n\n<p>&nbsp;<\/p>\n","protected":false},"excerpt":{"rendered":"<p>MARTES 19 DE DICIEMBRE 2023 &#8211; 11:00 AM REGISTRO GRATUITO &#8211; REQUIERE INSCRIPCI\u00d3N PREVIA Chile ha experimentado un cambio significativo en su sistema de evaluaci\u00f3n universitaria, marcado por la implementaci\u00f3n de la Prueba de Acceso a la Educaci\u00f3n Superior (PAES). Con tres rondas ya completadas, hemos observado una evoluci\u00f3n notable en la estructura y enfoque1<\/p>\n","protected":false},"author":2,"featured_media":0,"parent":0,"menu_order":0,"comment_status":"closed","ping_status":"closed","template":"","meta":{"footnotes":""},"class_list":["post-11815","page","type-page","status-publish","hentry"],"_links":{"self":[{"href":"https:\/\/science-teaching.org\/es\/wp-json\/wp\/v2\/pages\/11815","targetHints":{"allow":["GET"]}}],"collection":[{"href":"https:\/\/science-teaching.org\/es\/wp-json\/wp\/v2\/pages"}],"about":[{"href":"https:\/\/science-teaching.org\/es\/wp-json\/wp\/v2\/types\/page"}],"author":[{"embeddable":true,"href":"https:\/\/science-teaching.org\/es\/wp-json\/wp\/v2\/users\/2"}],"replies":[{"embeddable":true,"href":"https:\/\/science-teaching.org\/es\/wp-json\/wp\/v2\/comments?post=11815"}],"version-history":[{"count":14,"href":"https:\/\/science-teaching.org\/es\/wp-json\/wp\/v2\/pages\/11815\/revisions"}],"predecessor-version":[{"id":11838,"href":"https:\/\/science-teaching.org\/es\/wp-json\/wp\/v2\/pages\/11815\/revisions\/11838"}],"wp:attachment":[{"href":"https:\/\/science-teaching.org\/es\/wp-json\/wp\/v2\/media?parent=11815"}],"curies":[{"name":"wp","href":"https:\/\/api.w.org\/{rel}","templated":true}]}}