{"id":1152,"date":"2019-01-25T11:54:35","date_gmt":"2019-01-25T10:54:35","guid":{"rendered":"http:\/\/blog.science-teaching.org\/?page_id=1152"},"modified":"2024-05-27T17:02:08","modified_gmt":"2024-05-27T15:02:08","slug":"nosotros","status":"publish","type":"page","link":"https:\/\/science-teaching.org\/es\/nosotros","title":{"rendered":"Qui\u00e9nes somos"},"content":{"rendered":"<p><span style=\"font-weight: 400;\"><img loading=\"lazy\" decoding=\"async\" class=\"wp-image-1109 alignright\" src=\"https:\/\/science-teaching.org\/wp-content\/uploads\/2019\/01\/about_us-300x169.jpg\" alt=\"\" width=\"394\" height=\"222\" srcset=\"https:\/\/science-teaching.org\/wp-content\/uploads\/2019\/01\/about_us-300x169.jpg 300w, https:\/\/science-teaching.org\/wp-content\/uploads\/2019\/01\/about_us.jpg 350w\" sizes=\"auto, (max-width: 394px) 100vw, 394px\" \/>La educaci\u00f3n STEM debe ser una parte central de cualquier sistema educativo. Creemos que la alfabetizaci\u00f3n cient\u00edfica es m\u00e1s importante que nunca para que los ciudadanos de hoy participen de manera efectiva en los debates p\u00fablicos y basen muchas de sus decisiones personales sobre salud, medio ambiente y tecnolog\u00eda, por nombrar algunas. Por lo tanto, necesitamos asegurar la calidad de la educaci\u00f3n STEM para construir una sociedad m\u00e1s alfabetizada y responsable.<\/span><\/p>\n<p><span style=\"font-weight: 400;\">La Fundaci\u00f3n Internacional para la Ense\u00f1anza de las Ciencias est\u00e1 compuesta por un equipo multidisciplinario de investigadores, profesores de ciencias, desarrolladores de TI, educadores, editores de video y profesionales multimedia de todo el mundo, que comparten la misi\u00f3n de contribuir a la mejora de la educaci\u00f3n STEM.<\/span><\/p>\n<p><span style=\"font-weight: 400;\">Para ello, la International Science Teaching Foundation se centra en promover y fomentar el uso de la investigaci\u00f3n cient\u00edfica como base de la educaci\u00f3n STEM. En este sentido, la investigaci\u00f3n en el campo de la educaci\u00f3n en ciencias proporciona evidencia s\u00f3lida sobre la efectividad del <strong><a href=\"https:\/\/science-teaching.org\/es\/modelo-constructivista-de-las-5e\">modelo de aprendizaje 5E<\/a><\/strong>, un modelo que usamos para crear recursos que ayudan a los maestros a ense\u00f1ar Ciencias y Matem\u00e1ticas en las escuelas de todo el mundo. <\/span><span style=\"font-weight: 400;\">Dise\u00f1ado por el equipo de Rodger W. Bybee en la d\u00e9cada de 1980 y respaldado por investigaciones desde entonces, el modelo 5E ofrece una perspectiva constructivista sobre la educaci\u00f3n STEM centrada en la investigaci\u00f3n guiada, la construcci\u00f3n de conocimientos a trav\u00e9s de la comprensi\u00f3n y la transferencia del aprendizaje a nuevas situaciones.<\/span><\/p>\n<p>&nbsp;<\/p>\n","protected":false},"excerpt":{"rendered":"<p>La educaci\u00f3n STEM debe ser una parte central de cualquier sistema educativo. Creemos que la alfabetizaci\u00f3n cient\u00edfica es m\u00e1s importante que nunca para que los ciudadanos de hoy participen de manera efectiva en los debates p\u00fablicos y basen muchas de sus decisiones personales sobre salud, medio ambiente y tecnolog\u00eda, por nombrar algunas. Por lo tanto,1<\/p>\n","protected":false},"author":2,"featured_media":0,"parent":0,"menu_order":0,"comment_status":"closed","ping_status":"closed","template":"","meta":{"footnotes":""},"class_list":["post-1152","page","type-page","status-publish","hentry"],"_links":{"self":[{"href":"https:\/\/science-teaching.org\/es\/wp-json\/wp\/v2\/pages\/1152","targetHints":{"allow":["GET"]}}],"collection":[{"href":"https:\/\/science-teaching.org\/es\/wp-json\/wp\/v2\/pages"}],"about":[{"href":"https:\/\/science-teaching.org\/es\/wp-json\/wp\/v2\/types\/page"}],"author":[{"embeddable":true,"href":"https:\/\/science-teaching.org\/es\/wp-json\/wp\/v2\/users\/2"}],"replies":[{"embeddable":true,"href":"https:\/\/science-teaching.org\/es\/wp-json\/wp\/v2\/comments?post=1152"}],"version-history":[{"count":30,"href":"https:\/\/science-teaching.org\/es\/wp-json\/wp\/v2\/pages\/1152\/revisions"}],"predecessor-version":[{"id":9102,"href":"https:\/\/science-teaching.org\/es\/wp-json\/wp\/v2\/pages\/1152\/revisions\/9102"}],"wp:attachment":[{"href":"https:\/\/science-teaching.org\/es\/wp-json\/wp\/v2\/media?parent=1152"}],"curies":[{"name":"wp","href":"https:\/\/api.w.org\/{rel}","templated":true}]}}