{"id":11508,"date":"2023-11-13T16:15:16","date_gmt":"2023-11-13T15:15:16","guid":{"rendered":"https:\/\/science-teaching.org\/?page_id=11508"},"modified":"2023-11-13T19:17:02","modified_gmt":"2023-11-13T18:17:02","slug":"science-bits-a-la-carta","status":"publish","type":"page","link":"https:\/\/science-teaching.org\/es\/science-bits-a-la-carta","title":{"rendered":"Science Bits a la carta"},"content":{"rendered":"\n<div style=\"height:19px\" aria-hidden=\"true\" class=\"wp-block-spacer\"><\/div>\n\n\n\n<figure class=\"wp-block-image size-full\"><img loading=\"lazy\" decoding=\"async\" width=\"2048\" height=\"501\" src=\"https:\/\/science-teaching.org\/wp-content\/uploads\/2023\/11\/web-sb-a-la-carta-banner-landing-2.jpg\" alt=\"\" class=\"wp-image-11524\" srcset=\"https:\/\/science-teaching.org\/wp-content\/uploads\/2023\/11\/web-sb-a-la-carta-banner-landing-2.jpg 2048w, https:\/\/science-teaching.org\/wp-content\/uploads\/2023\/11\/web-sb-a-la-carta-banner-landing-2-300x73.jpg 300w, https:\/\/science-teaching.org\/wp-content\/uploads\/2023\/11\/web-sb-a-la-carta-banner-landing-2-1024x251.jpg 1024w, https:\/\/science-teaching.org\/wp-content\/uploads\/2023\/11\/web-sb-a-la-carta-banner-landing-2-768x188.jpg 768w, https:\/\/science-teaching.org\/wp-content\/uploads\/2023\/11\/web-sb-a-la-carta-banner-landing-2-1536x376.jpg 1536w, https:\/\/science-teaching.org\/wp-content\/uploads\/2023\/11\/web-sb-a-la-carta-banner-landing-2-700x171.jpg 700w\" sizes=\"auto, (max-width: 2048px) 100vw, 2048px\" \/><\/figure>\n\n\n\n<div style=\"height:20px\" aria-hidden=\"true\" class=\"wp-block-spacer\"><\/div>\n\n\n\n<p class=\"has-text-align-center has-black-color has-text-color has-link-color wp-elements-fea9b885eb822fa5c4ade9b6b4f4cf0c\" style=\"font-size:20px\"><strong><mark style=\"background-color: rgba(0, 0, 0, 0)\" class=\"has-inline-color has-black-color\">MI\u00c9RCOLES, 22 DE SEPTIEMBRE &#8211; 4 PM (CDMX) y 5 PM (CO y EC)<\/mark><\/strong><\/p>\n\n\n\n<div style=\"height:19px\" aria-hidden=\"true\" class=\"wp-block-spacer\"><\/div>\n\n\n\n<p style=\"font-size:21px\">En Science Bits, entendemos la importancia de una educaci\u00f3n adaptada al profesor y a las vicisitudes de cada aula. <\/p>\n\n\n\n<p style=\"font-size:21px\">En este webinar <strong>descubrir\u00e1s c\u00f3mo nuestro proyecto de ciencias puede ser personalizado para tus clases, enriqueciendo as\u00ed la experiencia de aprendizaje de tu alumnado.<\/strong><\/p>\n\n\n\n<div style=\"height:10px\" aria-hidden=\"true\" class=\"wp-block-spacer\"><\/div>\n\n\n\n<hr class=\"wp-block-separator has-text-color has-cyan-bluish-gray-color has-css-opacity has-cyan-bluish-gray-background-color has-background is-style-default\"\/>\n\n\n\n<div style=\"height:9px\" aria-hidden=\"true\" class=\"wp-block-spacer\"><\/div>\n\n\n\n<p class=\"has-text-align-center\" style=\"font-size:23px\"><strong><mark style=\"background-color: rgba(0, 0, 0, 0)\" class=\"has-inline-color has-black-color\">\u00a1Reg\u00edstrate ahora!<\/mark><\/strong><\/p>\n\n\n\n<p class=\"has-text-align-center\" style=\"font-size:23px\">Transforma tu ense\u00f1anza con <strong><mark style=\"background-color:rgba(0, 0, 0, 0);color:#6ba214\" class=\"has-inline-color\">Science Bits<\/mark><\/strong><\/p>\n\n\n\n<p class=\"has-text-align-center\" id=\"elformulario\" style=\"font-size:17px\">Rellena este formulario* y te haremos llegar un enlace que te permitir\u00e1 acceder al webinar.<\/p>\n\n\n\n<div style=\"height:15px\" aria-hidden=\"true\" class=\"wp-block-spacer\"><\/div>\n\n\n\n<script data-b24-form=\"inline\/248\/6lpbk1\" data-skip-moving=\"true\">(function(w,d,u){var s=d.createElement('script');s.async=true;s.src=u+'?'+(Date.now()\/180000|0);var h=d.getElementsByTagName('script')[0];h.parentNode.insertBefore(s,h);})(window,document,'https:\/\/cdn.bitrix24.eu\/b16802787\/crm\/form\/loader_248.js');<\/script>\n\n\n\n<div style=\"height:25px\" aria-hidden=\"true\" class=\"wp-block-spacer\"><\/div>\n\n\n\n<p class=\"has-text-align-center\" style=\"font-size:16px\">*Si tienes alg\u00fan problema para ver el formulario, por favor contacta con nosotros en <a href=\"mailto:webinars@science-bits.com\" target=\"_blank\" rel=\"noreferrer noopener\"><mark class=\"has-inline-color\" style=\"background-color: rgba(0, 0, 0, 0); color: #6ba214;\"><strong>webinars@science-bits.com<\/strong><\/mark><\/a><\/p>\n\n\n\n<div style=\"height:12px\" aria-hidden=\"true\" class=\"wp-block-spacer\"><\/div>\n\n\n\n<hr class=\"wp-block-separator has-text-color has-cyan-bluish-gray-color has-alpha-channel-opacity has-cyan-bluish-gray-background-color has-background is-style-default\"\/>\n\n\n\n<h1 class=\"wp-block-heading\">CONTENIDO<\/h1>\n\n\n\n<p style=\"font-size:19px\">Profundizaremos en c\u00f3mo adaptar las unidades de Science Bits a la singularidad de cada aula.<\/p>\n\n\n\n<h3 class=\"wp-block-heading\">Qu\u00e9 aprender\u00e1s:<\/h3>\n\n\n\n<ul class=\"wp-block-list\">\n<li style=\"font-size:19px\"><strong>Gesti\u00f3n de Contenidos: <\/strong>Alinea nuestro curr\u00edculum con tus necesidades y las de tus estudiantes.<\/li>\n\n\n\n<li style=\"font-size:19px\"><strong>Actividades a Medida: <\/strong>Dise\u00f1a actividades adaptadas al perfil de tus grupos.<\/li>\n\n\n\n<li style=\"font-size:19px\"><strong>Criterios de Evaluaci\u00f3n Personalizados:<\/strong> Establece tus propias metas educativas en Science Bits.<\/li>\n<\/ul>\n\n\n\n<div style=\"height:5px\" aria-hidden=\"true\" class=\"wp-block-spacer\"><\/div>\n\n\n\n<hr class=\"wp-block-separator has-text-color has-cyan-bluish-gray-color has-css-opacity has-cyan-bluish-gray-background-color has-background is-style-default\"\/>\n\n\n\n<h1 class=\"wp-block-heading\">RELATORA<\/h1>\n\n\n\n<div style=\"height:7px\" aria-hidden=\"true\" class=\"wp-block-spacer\"><\/div>\n\n\n<div class=\"wp-block-image\">\n<figure class=\"alignleft size-medium\"><img loading=\"lazy\" decoding=\"async\" width=\"300\" height=\"300\" src=\"https:\/\/science-teaching.org\/wp-content\/uploads\/2023\/10\/mariza-webinar-nem-landing-istf-300x300.jpg\" alt=\"\" class=\"wp-image-11306\" srcset=\"https:\/\/science-teaching.org\/wp-content\/uploads\/2023\/10\/mariza-webinar-nem-landing-istf-300x300.jpg 300w, https:\/\/science-teaching.org\/wp-content\/uploads\/2023\/10\/mariza-webinar-nem-landing-istf-150x150.jpg 150w, https:\/\/science-teaching.org\/wp-content\/uploads\/2023\/10\/mariza-webinar-nem-landing-istf-120x120.jpg 120w, https:\/\/science-teaching.org\/wp-content\/uploads\/2023\/10\/mariza-webinar-nem-landing-istf-125x125.jpg 125w, https:\/\/science-teaching.org\/wp-content\/uploads\/2023\/10\/mariza-webinar-nem-landing-istf.jpg 400w\" sizes=\"auto, (max-width: 300px) 100vw, 300px\" \/><\/figure>\n<\/div>\n\n\n<p style=\"font-size:22px\"><strong>Mariza Cant\u00fa<\/strong><\/p>\n\n\n\n<p style=\"font-size:20px\">Consultora Pedag\u00f3gica en Science Bits para M\u00e9xico.<\/p>\n\n\n\n<p style=\"font-size:17px\"><em>&gt; <\/em>Ingeniera Qu\u00edmica Administradora y dra. en Evaluaci\u00f3n Educativa.<br><em>&gt; <\/em>Profesora en la Facultad de Ingenier\u00eda de la Universidad An\u00e1huac.<br><\/p>\n\n\n\n<div style=\"height:19px\" aria-hidden=\"true\" class=\"wp-block-spacer\"><\/div>\n\n\n\n<hr class=\"wp-block-separator has-text-color has-cyan-bluish-gray-color has-css-opacity has-cyan-bluish-gray-background-color has-background is-style-default\"\/>\n\n\n\n<h1 class=\"wp-block-heading\">DIRIGIDO A:<\/h1>\n\n\n\n<ul class=\"wp-block-list\">\n<li style=\"font-size:19px\">Directores y coordinadores de ciencias.<\/li>\n\n\n\n<li style=\"font-size:19px\">Profesores de ciencias de colegios en M\u00e9xico, Colombia y Ecuador.<\/li>\n<\/ul>\n\n\n\n<p style=\"font-size:19px\">Para registrarte y asegurar tu lugar en este evento de alto valor educativo, simplemente haz clic en el siguiente bot\u00f3n.<\/p>\n\n\n\n<div style=\"height:12px\" aria-hidden=\"true\" class=\"wp-block-spacer\"><\/div>\n\n\n\n<div class=\"wp-block-buttons is-content-justification-center is-layout-flex wp-container-core-buttons-is-layout-16018d1d wp-block-buttons-is-layout-flex\">\n<div class=\"wp-block-button\"><a class=\"wp-block-button__link has-white-color has-text-color has-background has-text-align-center wp-element-button\" href=\"#elformulario\" style=\"background-color:#6ba214\"><strong>INSCR\u00cdBETE<\/strong><\/a><\/div>\n<\/div>\n\n\n\n<div style=\"height:31px\" aria-hidden=\"true\" class=\"wp-block-spacer\"><\/div>\n\n\n\n<hr class=\"wp-block-separator has-text-color has-cyan-bluish-gray-color has-css-opacity has-cyan-bluish-gray-background-color has-background is-style-wide\"\/>\n\n\n\n<div style=\"height:46px\" aria-hidden=\"true\" class=\"wp-block-spacer\"><\/div>\n\n\n\n<figure class=\"wp-block-image size-full is-resized is-style-default\"><a href=\"https:\/\/science-teaching.org\/wp-content\/uploads\/2022\/04\/SB-banner-logo-landing-form-webinar-raul-febles.png\"><img loading=\"lazy\" decoding=\"async\" width=\"501\" height=\"209\" src=\"https:\/\/science-teaching.org\/wp-content\/uploads\/2022\/04\/SB-banner-logo-landing-form-webinar-raul-febles.png\" alt=\"\" class=\"wp-image-5866\" style=\"object-fit:cover;width:251px;height:105px\" srcset=\"https:\/\/science-teaching.org\/wp-content\/uploads\/2022\/04\/SB-banner-logo-landing-form-webinar-raul-febles.png 501w, https:\/\/science-teaching.org\/wp-content\/uploads\/2022\/04\/SB-banner-logo-landing-form-webinar-raul-febles-300x125.png 300w\" sizes=\"auto, (max-width: 501px) 100vw, 501px\" \/><\/a><\/figure>\n\n\n\n<div style=\"height:15px\" aria-hidden=\"true\" class=\"wp-block-spacer\"><\/div>\n\n\n\n<p><strong><a href=\"https:\/\/science-bits.mx\/site\/es\/descubre-science-bits\/?utm_source=istf&amp;utm_medium=post&amp;utm_campaign=web-nem\" target=\"_blank\" rel=\"noreferrer noopener\">Science Bits<\/a><\/strong>, el proyecto curricular de ciencias de la ISTF, ofrece a los profesores un conjunto de propuestas did\u00e1cticas que les ayudan a ense\u00f1ar ciencias de una forma que motiva a sus estudiantes. El objetivo de Science Bits es proporcionar herramientas a los docentes para promover una educaci\u00f3n cient\u00edfico-tecnol\u00f3gica de calidad.<\/p>\n\n\n\n<div style=\"height:15px\" aria-hidden=\"true\" class=\"wp-block-spacer\"><\/div>\n\n\n\n<figure class=\"wp-block-image size-full\"><img loading=\"lazy\" decoding=\"async\" width=\"240\" height=\"115\" src=\"https:\/\/science-teaching.org\/wp-content\/uploads\/2022\/03\/ISTF-ok-banner-logo-landing-form-webinar-pablo-fracciones-decimales.png\" alt=\"\" class=\"wp-image-4976\"\/><\/figure>\n\n\n\n<p style=\"font-size:17px\">La&nbsp;<strong><a rel=\"noreferrer noopener\" href=\"https:\/\/science-teaching.org\/es\/\" target=\"_blank\">International Science Teaching Foundation (ISTF)<\/a><\/strong>&nbsp;es una organizaci\u00f3n sin \u00e1nimo de lucro con sede en Londres, Reino Unido. Somos una entidad global comprometida con la mejora de la educaci\u00f3n de las materias cient\u00edfico-tecnol\u00f3gicas a escala planetaria. Colaboramos con docentes y educadores expertos en las materias cient\u00edfico-tecnol\u00f3gicas con diferentes bagajes. Nuestra intenci\u00f3n es crear una comunidad internacional de profesionales de la educaci\u00f3n cient\u00edfico-tecnol\u00f3gica con dedicaci\u00f3n activa y compromiso.<\/p>\n\n\n\n<div style=\"height:24px\" aria-hidden=\"true\" class=\"wp-block-spacer\"><\/div>\n\n\n\n<div class=\"wp-block-buttons is-content-justification-center is-layout-flex wp-container-core-buttons-is-layout-16018d1d wp-block-buttons-is-layout-flex\">\n<div class=\"wp-block-button\"><a class=\"wp-block-button__link has-white-color has-text-color has-background wp-element-button\" href=\"https:\/\/science-bits.mx\/site\/es\/descubre-science-bits\/?utm_source=istf&amp;utm_medium=post&amp;utm_campaign=web-a-la-carta\" style=\"background-color:#6ba214\" target=\"_blank\" rel=\"noreferrer noopener\"><strong>QUIERO SABER M\u00c1S SOBRE SCIENCE BITS<\/strong><\/a><\/div>\n<\/div>\n\n\n\n<div style=\"height:30px\" aria-hidden=\"true\" class=\"wp-block-spacer\"><\/div>\n\n\n\n<p>&nbsp;<\/p>\n","protected":false},"excerpt":{"rendered":"<p>MI\u00c9RCOLES, 22 DE SEPTIEMBRE &#8211; 4 PM (CDMX) y 5 PM (CO y EC) En Science Bits, entendemos la importancia de una educaci\u00f3n adaptada al profesor y a las vicisitudes de cada aula. En este webinar descubrir\u00e1s c\u00f3mo nuestro proyecto de ciencias puede ser personalizado para tus clases, enriqueciendo as\u00ed la experiencia de aprendizaje de1<\/p>\n","protected":false},"author":2,"featured_media":11510,"parent":0,"menu_order":0,"comment_status":"closed","ping_status":"closed","template":"","meta":{"footnotes":""},"class_list":["post-11508","page","type-page","status-publish","has-post-thumbnail","hentry"],"_links":{"self":[{"href":"https:\/\/science-teaching.org\/es\/wp-json\/wp\/v2\/pages\/11508","targetHints":{"allow":["GET"]}}],"collection":[{"href":"https:\/\/science-teaching.org\/es\/wp-json\/wp\/v2\/pages"}],"about":[{"href":"https:\/\/science-teaching.org\/es\/wp-json\/wp\/v2\/types\/page"}],"author":[{"embeddable":true,"href":"https:\/\/science-teaching.org\/es\/wp-json\/wp\/v2\/users\/2"}],"replies":[{"embeddable":true,"href":"https:\/\/science-teaching.org\/es\/wp-json\/wp\/v2\/comments?post=11508"}],"version-history":[{"count":8,"href":"https:\/\/science-teaching.org\/es\/wp-json\/wp\/v2\/pages\/11508\/revisions"}],"predecessor-version":[{"id":11528,"href":"https:\/\/science-teaching.org\/es\/wp-json\/wp\/v2\/pages\/11508\/revisions\/11528"}],"wp:featuredmedia":[{"embeddable":true,"href":"https:\/\/science-teaching.org\/es\/wp-json\/wp\/v2\/media\/11510"}],"wp:attachment":[{"href":"https:\/\/science-teaching.org\/es\/wp-json\/wp\/v2\/media?parent=11508"}],"curies":[{"name":"wp","href":"https:\/\/api.w.org\/{rel}","templated":true}]}}