{"id":11301,"date":"2023-10-26T15:00:52","date_gmt":"2023-10-26T13:00:52","guid":{"rendered":"https:\/\/science-teaching.org\/?page_id=11301"},"modified":"2023-11-10T12:21:05","modified_gmt":"2023-11-10T11:21:05","slug":"nueva-escuela-mexicana-y-science-bits","status":"publish","type":"page","link":"https:\/\/science-teaching.org\/es\/nueva-escuela-mexicana-y-science-bits","title":{"rendered":"Nueva Escuela Mexicana y Science Bits"},"content":{"rendered":"\n<div style=\"height:19px\" aria-hidden=\"true\" class=\"wp-block-spacer\"><\/div>\n\n\n\n<figure class=\"wp-block-image size-full\"><img loading=\"lazy\" decoding=\"async\" width=\"2048\" height=\"501\" src=\"https:\/\/science-teaching.org\/wp-content\/uploads\/2023\/10\/banner-webinar-nem-landing-istf-1.jpg\" alt=\"Nueva Escuela Mexicana y Science Bits\" class=\"wp-image-11334\" srcset=\"https:\/\/science-teaching.org\/wp-content\/uploads\/2023\/10\/banner-webinar-nem-landing-istf-1.jpg 2048w, https:\/\/science-teaching.org\/wp-content\/uploads\/2023\/10\/banner-webinar-nem-landing-istf-1-300x73.jpg 300w, https:\/\/science-teaching.org\/wp-content\/uploads\/2023\/10\/banner-webinar-nem-landing-istf-1-1024x251.jpg 1024w, https:\/\/science-teaching.org\/wp-content\/uploads\/2023\/10\/banner-webinar-nem-landing-istf-1-768x188.jpg 768w, https:\/\/science-teaching.org\/wp-content\/uploads\/2023\/10\/banner-webinar-nem-landing-istf-1-1536x376.jpg 1536w, https:\/\/science-teaching.org\/wp-content\/uploads\/2023\/10\/banner-webinar-nem-landing-istf-1-700x171.jpg 700w\" sizes=\"auto, (max-width: 2048px) 100vw, 2048px\" \/><\/figure>\n\n\n\n<p style=\"font-size:21px\">Este <em><strong>workshop <\/strong><\/em>explorar\u00e1 <strong>las bases de la Nueva Escuela Mexicana, sus programas sint\u00e9ticos y ejes articulares en el campo formativo de Saberes y Pensamiento Cient\u00edfico. <\/strong>Nuestro objetivo es proporcionar las herramientas necesarias para que puedas planear tus clases de manera efectiva y promover aprendizajes significativos en tus estudiantes.<\/p>\n\n\n\n<div style=\"height:10px\" aria-hidden=\"true\" class=\"wp-block-spacer\"><\/div>\n\n\n\n<hr class=\"wp-block-separator has-text-color has-cyan-bluish-gray-color has-css-opacity has-cyan-bluish-gray-background-color has-background is-style-default\"\/>\n\n\n\n<div style=\"height:15px\" aria-hidden=\"true\" class=\"wp-block-spacer\"><\/div>\n\n\n\n<p class=\"has-text-align-center\" style=\"font-size:20px\"><mark style=\"background-color: rgba(0, 0, 0, 0); color: #686f75;\" class=\"has-inline-color\"><strong>REGISTRO GRATUITO &#8211; REQUIERE INSCRIPCI\u00d3N PREVIA<\/strong><\/mark><\/p>\n\n\n\n<div style=\"height:20px\" aria-hidden=\"true\" class=\"wp-block-spacer\"><\/div>\n\n\n\n<p class=\"has-text-align-center\" style=\"font-size:17px\">Rellena este formulario* y te haremos llegar un enlace que te permitir\u00e1 acceder al webinar.<\/p>\n\n\n\n<div style=\"height:15px\" aria-hidden=\"true\" class=\"wp-block-spacer\"><\/div>\n\n\n\n<script data-b24-form=\"inline\/246\/emot1h\" data-skip-moving=\"true\">(function(w,d,u){var s=d.createElement('script');s.async=true;s.src=u+'?'+(Date.now()\/180000|0);var h=d.getElementsByTagName('script')[0];h.parentNode.insertBefore(s,h);})(window,document,'https:\/\/cdn.bitrix24.eu\/b16802787\/crm\/form\/loader_246.js');<\/script>\n\n\n\n<div style=\"height:25px\" aria-hidden=\"true\" class=\"wp-block-spacer\"><\/div>\n\n\n\n<p class=\"has-text-align-center\" style=\"font-size:16px\">*Si tienes alg\u00fan problema para ver el formulario, por favor contacta con nosotros en <a href=\"mailto:webinars@science-bits.com\" target=\"_blank\" rel=\"noreferrer noopener\"><mark class=\"has-inline-color\" style=\"background-color: rgba(0, 0, 0, 0); color: #6ba214;\"><strong>webinars@science-bits.com<\/strong><\/mark><\/a><\/p>\n\n\n\n<div style=\"height:12px\" aria-hidden=\"true\" class=\"wp-block-spacer\"><\/div>\n\n\n\n<hr class=\"wp-block-separator has-text-color has-cyan-bluish-gray-color has-alpha-channel-opacity has-cyan-bluish-gray-background-color has-background is-style-default\"\/>\n\n\n\n<h1 class=\"wp-block-heading\">CONTENIDO<\/h1>\n\n\n\n<p style=\"font-size:19px\">Aprovecha esta ocasi\u00f3n para descubrir c\u00f3mo <strong>Science Bits puede ser tu aliado en la implementaci\u00f3n de la NEM y en la ense\u00f1anza de ciencias de manera efectiva.<\/strong> Aprende de expertos y fortalece tus habilidades como docente de ciencias.<\/p>\n\n\n\n<h3 class=\"wp-block-heading\">\u00bfQu\u00e9 aprender\u00e1s?<\/h3>\n\n\n\n<ul class=\"wp-block-list\">\n<li style=\"font-size:19px\">Una metodolog\u00eda constructivista aplicada a las ciencias.<\/li>\n\n\n\n<li style=\"font-size:19px\">Estrategias y herramientas para abordar el desarrollo de habilidades transversales propuestas en los ejes articulares de la NEM.<\/li>\n<\/ul>\n\n\n\n<div style=\"height:5px\" aria-hidden=\"true\" class=\"wp-block-spacer\"><\/div>\n\n\n\n<hr class=\"wp-block-separator has-text-color has-cyan-bluish-gray-color has-css-opacity has-cyan-bluish-gray-background-color has-background is-style-default\"\/>\n\n\n\n<h1 class=\"wp-block-heading\">RELATORA<\/h1>\n\n\n\n<div style=\"height:7px\" aria-hidden=\"true\" class=\"wp-block-spacer\"><\/div>\n\n\n<div class=\"wp-block-image\">\n<figure class=\"alignleft size-medium\"><img loading=\"lazy\" decoding=\"async\" width=\"300\" height=\"300\" src=\"https:\/\/science-teaching.org\/wp-content\/uploads\/2023\/10\/mariza-webinar-nem-landing-istf-300x300.jpg\" alt=\"\" class=\"wp-image-11306\" srcset=\"https:\/\/science-teaching.org\/wp-content\/uploads\/2023\/10\/mariza-webinar-nem-landing-istf-300x300.jpg 300w, https:\/\/science-teaching.org\/wp-content\/uploads\/2023\/10\/mariza-webinar-nem-landing-istf-150x150.jpg 150w, https:\/\/science-teaching.org\/wp-content\/uploads\/2023\/10\/mariza-webinar-nem-landing-istf-120x120.jpg 120w, https:\/\/science-teaching.org\/wp-content\/uploads\/2023\/10\/mariza-webinar-nem-landing-istf-125x125.jpg 125w, https:\/\/science-teaching.org\/wp-content\/uploads\/2023\/10\/mariza-webinar-nem-landing-istf.jpg 400w\" sizes=\"auto, (max-width: 300px) 100vw, 300px\" \/><\/figure>\n<\/div>\n\n\n<p style=\"font-size:22px\"><strong>Mariza Cant\u00fa<\/strong><\/p>\n\n\n\n<p style=\"font-size:19px\">Consultora Pedag\u00f3gica en Science Bits para M\u00e9xico.<\/p>\n\n\n\n<p style=\"font-size:17px\"><em>&gt; <\/em>Ingeniera Qu\u00edmica Administradora y dra. en Evaluaci\u00f3n Educativa.<br><em>&gt; <\/em>Profesora en la Facultad de Ingenier\u00eda de la Universidad An\u00e1huac.<br><\/p>\n\n\n\n<div style=\"height:19px\" aria-hidden=\"true\" class=\"wp-block-spacer\"><\/div>\n\n\n\n<hr class=\"wp-block-separator has-text-color has-cyan-bluish-gray-color has-css-opacity has-cyan-bluish-gray-background-color has-background is-style-default\"\/>\n\n\n\n<h1 class=\"wp-block-heading\">DIRIGIDO A:<\/h1>\n\n\n\n<ul class=\"wp-block-list\">\n<li style=\"font-size:19px\">Directores y coordinadores de ciencias.<\/li>\n\n\n\n<li style=\"font-size:19px\">Profesores de ciencias de colegios en M\u00e9xico.<\/li>\n<\/ul>\n\n\n\n<p style=\"font-size:19px\">Para registrarte y asegurar tu lugar en este evento de alto valor educativo, simplemente haz clic en el siguiente bot\u00f3n.<\/p>\n\n\n\n<div style=\"height:12px\" aria-hidden=\"true\" class=\"wp-block-spacer\"><\/div>\n\n\n\n<div class=\"wp-block-buttons is-content-justification-center is-layout-flex wp-container-core-buttons-is-layout-16018d1d wp-block-buttons-is-layout-flex\">\n<div class=\"wp-block-button\"><a class=\"wp-block-button__link has-white-color has-text-color has-background has-text-align-center wp-element-button\" href=\"#elformulario\" style=\"background-color:#6ba214\"><strong>OBT\u00c9N ACCESO AL WEBINAR<\/strong><\/a><\/div>\n<\/div>\n\n\n\n<div style=\"height:31px\" aria-hidden=\"true\" class=\"wp-block-spacer\"><\/div>\n\n\n\n<hr class=\"wp-block-separator has-text-color has-cyan-bluish-gray-color has-css-opacity has-cyan-bluish-gray-background-color has-background is-style-wide\"\/>\n\n\n\n<div style=\"height:46px\" aria-hidden=\"true\" class=\"wp-block-spacer\"><\/div>\n\n\n\n<figure class=\"wp-block-image size-full is-resized is-style-default\"><a href=\"https:\/\/science-teaching.org\/wp-content\/uploads\/2022\/04\/SB-banner-logo-landing-form-webinar-raul-febles.png\"><img loading=\"lazy\" decoding=\"async\" width=\"501\" height=\"209\" src=\"https:\/\/science-teaching.org\/wp-content\/uploads\/2022\/04\/SB-banner-logo-landing-form-webinar-raul-febles.png\" alt=\"\" class=\"wp-image-5866\" style=\"object-fit:cover;width:251px;height:105px\" srcset=\"https:\/\/science-teaching.org\/wp-content\/uploads\/2022\/04\/SB-banner-logo-landing-form-webinar-raul-febles.png 501w, https:\/\/science-teaching.org\/wp-content\/uploads\/2022\/04\/SB-banner-logo-landing-form-webinar-raul-febles-300x125.png 300w\" sizes=\"auto, (max-width: 501px) 100vw, 501px\" \/><\/a><\/figure>\n\n\n\n<div style=\"height:15px\" aria-hidden=\"true\" class=\"wp-block-spacer\"><\/div>\n\n\n\n<p><strong><a href=\"https:\/\/science-bits.mx\/site\/es\/descubre-science-bits\/?utm_source=istf&amp;utm_medium=post&amp;utm_campaign=web-nem\" target=\"_blank\" rel=\"noreferrer noopener\">Science Bits<\/a><\/strong>, el proyecto curricular de ciencias de la ISTF, ofrece a los profesores un conjunto de propuestas did\u00e1cticas que les ayudan a ense\u00f1ar ciencias de una forma que motiva a sus estudiantes. El objetivo de Science Bits es proporcionar herramientas a los docentes para promover una educaci\u00f3n cient\u00edfico-tecnol\u00f3gica de calidad.<\/p>\n\n\n\n<div style=\"height:15px\" aria-hidden=\"true\" class=\"wp-block-spacer\"><\/div>\n\n\n\n<figure class=\"wp-block-image size-full\"><img loading=\"lazy\" decoding=\"async\" width=\"240\" height=\"115\" src=\"https:\/\/science-teaching.org\/wp-content\/uploads\/2022\/03\/ISTF-ok-banner-logo-landing-form-webinar-pablo-fracciones-decimales.png\" alt=\"\" class=\"wp-image-4976\"\/><\/figure>\n\n\n\n<p style=\"font-size:17px\">La&nbsp;<strong><a rel=\"noreferrer noopener\" href=\"https:\/\/science-teaching.org\/es\/\" target=\"_blank\">International Science Teaching Foundation (ISTF)<\/a><\/strong>&nbsp;es una organizaci\u00f3n sin \u00e1nimo de lucro con sede en Londres, Reino Unido. Somos una entidad global comprometida con la mejora de la educaci\u00f3n de las materias cient\u00edfico-tecnol\u00f3gicas a escala planetaria. Colaboramos con docentes y educadores expertos en las materias cient\u00edfico-tecnol\u00f3gicas con diferentes bagajes. Nuestra intenci\u00f3n es crear una comunidad internacional de profesionales de la educaci\u00f3n cient\u00edfico-tecnol\u00f3gica con dedicaci\u00f3n activa y compromiso.<\/p>\n\n\n\n<div style=\"height:24px\" aria-hidden=\"true\" class=\"wp-block-spacer\"><\/div>\n\n\n\n<div class=\"wp-block-buttons is-content-justification-center is-layout-flex wp-container-core-buttons-is-layout-16018d1d wp-block-buttons-is-layout-flex\">\n<div class=\"wp-block-button\"><a class=\"wp-block-button__link has-white-color has-text-color has-background wp-element-button\" href=\"https:\/\/science-bits.mx\/site\/es\/descubre-science-bits\/?utm_source=istf&amp;utm_medium=post&amp;utm_campaign=web-nem\" style=\"background-color:#6ba214\" target=\"_blank\" rel=\"noreferrer noopener\"><strong>QUIERO SABER M\u00c1S SOBRE SCIENCE BITS<\/strong><\/a><\/div>\n<\/div>\n\n\n\n<div style=\"height:30px\" aria-hidden=\"true\" class=\"wp-block-spacer\"><\/div>\n\n\n\n<p>&nbsp;<\/p>\n","protected":false},"excerpt":{"rendered":"<p>Este workshop explorar\u00e1 las bases de la Nueva Escuela Mexicana, sus programas sint\u00e9ticos y ejes articulares en el campo formativo de Saberes y Pensamiento Cient\u00edfico. Nuestro objetivo es proporcionar las herramientas necesarias para que puedas planear tus clases de manera efectiva y promover aprendizajes significativos en tus estudiantes. REGISTRO GRATUITO &#8211; REQUIERE INSCRIPCI\u00d3N PREVIA Rellena1<\/p>\n","protected":false},"author":2,"featured_media":11331,"parent":0,"menu_order":0,"comment_status":"closed","ping_status":"closed","template":"","meta":{"footnotes":""},"class_list":["post-11301","page","type-page","status-publish","has-post-thumbnail","hentry"],"_links":{"self":[{"href":"https:\/\/science-teaching.org\/es\/wp-json\/wp\/v2\/pages\/11301","targetHints":{"allow":["GET"]}}],"collection":[{"href":"https:\/\/science-teaching.org\/es\/wp-json\/wp\/v2\/pages"}],"about":[{"href":"https:\/\/science-teaching.org\/es\/wp-json\/wp\/v2\/types\/page"}],"author":[{"embeddable":true,"href":"https:\/\/science-teaching.org\/es\/wp-json\/wp\/v2\/users\/2"}],"replies":[{"embeddable":true,"href":"https:\/\/science-teaching.org\/es\/wp-json\/wp\/v2\/comments?post=11301"}],"version-history":[{"count":17,"href":"https:\/\/science-teaching.org\/es\/wp-json\/wp\/v2\/pages\/11301\/revisions"}],"predecessor-version":[{"id":11493,"href":"https:\/\/science-teaching.org\/es\/wp-json\/wp\/v2\/pages\/11301\/revisions\/11493"}],"wp:featuredmedia":[{"embeddable":true,"href":"https:\/\/science-teaching.org\/es\/wp-json\/wp\/v2\/media\/11331"}],"wp:attachment":[{"href":"https:\/\/science-teaching.org\/es\/wp-json\/wp\/v2\/media?parent=11301"}],"curies":[{"name":"wp","href":"https:\/\/api.w.org\/{rel}","templated":true}]}}