{"id":10959,"date":"2023-09-28T11:45:10","date_gmt":"2023-09-28T09:45:10","guid":{"rendered":"https:\/\/science-teaching.org\/?page_id=10959"},"modified":"2023-10-05T07:46:54","modified_gmt":"2023-10-05T05:46:54","slug":"webinar-mas-alla-del-curriculum","status":"publish","type":"page","link":"https:\/\/science-teaching.org\/es\/webinar-mas-alla-del-curriculum","title":{"rendered":"Desarrollo de habilidades en ciencias"},"content":{"rendered":"\n<div style=\"height:18px\" aria-hidden=\"true\" class=\"wp-block-spacer\"><\/div>\n\n\n\n<figure class=\"wp-block-image size-full\"><img loading=\"lazy\" decoding=\"async\" width=\"2048\" height=\"501\" src=\"https:\/\/science-teaching.org\/wp-content\/uploads\/2023\/10\/banner-landing-istf-mas-alla-sb-1.jpg\" alt=\"WEBINAR. M\u00e1s all\u00e1 del curr\u00edculum\" class=\"wp-image-11086\" srcset=\"https:\/\/science-teaching.org\/wp-content\/uploads\/2023\/10\/banner-landing-istf-mas-alla-sb-1.jpg 2048w, https:\/\/science-teaching.org\/wp-content\/uploads\/2023\/10\/banner-landing-istf-mas-alla-sb-1-300x73.jpg 300w, https:\/\/science-teaching.org\/wp-content\/uploads\/2023\/10\/banner-landing-istf-mas-alla-sb-1-1024x251.jpg 1024w, https:\/\/science-teaching.org\/wp-content\/uploads\/2023\/10\/banner-landing-istf-mas-alla-sb-1-768x188.jpg 768w, https:\/\/science-teaching.org\/wp-content\/uploads\/2023\/10\/banner-landing-istf-mas-alla-sb-1-1536x376.jpg 1536w, https:\/\/science-teaching.org\/wp-content\/uploads\/2023\/10\/banner-landing-istf-mas-alla-sb-1-700x171.jpg 700w\" sizes=\"auto, (max-width: 2048px) 100vw, 2048px\" \/><\/figure>\n\n\n\n<div style=\"height:30px\" aria-hidden=\"true\" class=\"wp-block-spacer\"><\/div>\n\n\n\n<p style=\"font-size:21px\">Conoce con <strong>Eduardo Benavides<\/strong>, <strong>Irina Busowsky<\/strong> y <strong>Soledad Guida<\/strong> c\u00f3mo potenciar la ense\u00f1anza de las ciencias para promover aprendizajes significativos.<\/p>\n\n\n\n<div style=\"height:10px\" aria-hidden=\"true\" class=\"wp-block-spacer\"><\/div>\n\n\n\n<hr class=\"wp-block-separator has-text-color has-cyan-bluish-gray-color has-css-opacity has-cyan-bluish-gray-background-color has-background is-style-default\" id=\"elformulario\"\/>\n\n\n\n<div style=\"height:15px\" aria-hidden=\"true\" class=\"wp-block-spacer\"><\/div>\n\n\n\n<p class=\"has-text-align-center\" style=\"font-size:27px\"><strong>Jueves 19 de octubre <\/strong><\/p>\n\n\n\n<p class=\"has-text-align-center\" style=\"font-size:22px\"><strong>17:00h (ARG, PY y UY) \/ 16:00h (REP.DOM) \/ 15:00h (PE, CO, EC y PA ) \/ 14:00h (MX, GTM y CR)<\/strong><\/p>\n\n\n\n<p class=\"has-text-align-center\"><mark style=\"background-color: rgba(0, 0, 0, 0); color: #686f75;\" class=\"has-inline-color\"><strong>REGISTRO GRATUITO &#8211; REQUIERE INSCRIPCI\u00d3N PREVIA<\/strong><\/mark><\/p>\n\n\n\n<hr class=\"wp-block-separator has-text-color has-cyan-bluish-gray-color has-css-opacity has-cyan-bluish-gray-background-color has-background is-style-default\" id=\"elformulario\"\/>\n\n\n\n<div style=\"height:20px\" aria-hidden=\"true\" class=\"wp-block-spacer\"><\/div>\n\n\n\n<p class=\"has-text-align-center\" style=\"font-size:17px\">Rellena este formulario* y te haremos llegar un enlace que te permitir\u00e1 acceder al webinar.<\/p>\n\n\n\n<div style=\"height:15px\" aria-hidden=\"true\" class=\"wp-block-spacer\"><\/div>\n\n\n\n<p><script data-b24-form=\"inline\/238\/rwwzm1\" data-skip-moving=\"true\">(function(w,d,u){var s=d.createElement('script');s.async=true;s.src=u+'?'+(Date.now()\/180000|0);var h=d.getElementsByTagName('script')[0];h.parentNode.insertBefore(s,h);})(window,document,'https:\/\/cdn.bitrix24.eu\/b16802787\/crm\/form\/loader_238.js');<\/script><\/p>\n\n\n\n<div style=\"height:25px\" aria-hidden=\"true\" class=\"wp-block-spacer\"><\/div>\n\n\n\n<p class=\"has-text-align-center\" style=\"font-size:16px\">*Si tienes alg\u00fan problema para ver el formulario, por favor contacta con nosotros en <a href=\"mailto:webinars@science-bits.com\" target=\"_blank\" rel=\"noreferrer noopener\"><mark class=\"has-inline-color\" style=\"background-color: rgba(0, 0, 0, 0); color: #6ba214;\"><strong>webinars@science-bits.com<\/strong><\/mark><\/a><\/p>\n\n\n\n<div style=\"height:12px\" aria-hidden=\"true\" class=\"wp-block-spacer\"><\/div>\n\n\n\n<hr class=\"wp-block-separator has-text-color has-cyan-bluish-gray-color has-alpha-channel-opacity has-cyan-bluish-gray-background-color has-background is-style-default\"\/>\n\n\n\n<h1 class=\"wp-block-heading\">CONTENIDO<\/h1>\n\n\n\n<p style=\"font-size:19px\">En este <strong>webinar en directo<\/strong>, abordaremos de manera exhaustiva y detallada estrategias y recomendaciones destinadas a la articulaci\u00f3n efectiva de contenidos en ciencias, todo ello con el claro prop\u00f3sito de fomentar y facilitar aprendizajes significativos.<\/p>\n\n\n\n<p style=\"font-size:19px\">Adem\u00e1s, <strong>desde Science Bits, te guiaremos en un an\u00e1lisis pr\u00e1ctico profundo de una metodolog\u00eda constructivista especialmente dise\u00f1ada para la disciplina de ciencias naturales.<\/strong> As\u00ed, presentaremos una valiosa propuesta de estrategias y herramientas que te permitir\u00e1n abordar el desarrollo integral de habilidades transversales, <strong>enriqueciendo as\u00ed tu enfoque pedag\u00f3gico y mejorando la experiencia educativa de tus estudiantes.<\/strong><\/p>\n\n\n\n<div style=\"height:5px\" aria-hidden=\"true\" class=\"wp-block-spacer\"><\/div>\n\n\n\n<hr class=\"wp-block-separator has-text-color has-cyan-bluish-gray-color has-css-opacity has-cyan-bluish-gray-background-color has-background is-style-default\"\/>\n\n\n\n<h1 class=\"wp-block-heading\">PRESENTADO POR<\/h1>\n\n\n\n<div style=\"height:7px\" aria-hidden=\"true\" class=\"wp-block-spacer\"><\/div>\n\n\n<div class=\"wp-block-image\">\n<figure class=\"alignleft size-medium\"><img loading=\"lazy\" decoding=\"async\" width=\"300\" height=\"300\" src=\"https:\/\/science-teaching.org\/wp-content\/uploads\/2023\/09\/eduardo-low-300x300.jpg\" alt=\"\" class=\"wp-image-10985\" srcset=\"https:\/\/science-teaching.org\/wp-content\/uploads\/2023\/09\/eduardo-low-300x300.jpg 300w, https:\/\/science-teaching.org\/wp-content\/uploads\/2023\/09\/eduardo-low-150x150.jpg 150w, https:\/\/science-teaching.org\/wp-content\/uploads\/2023\/09\/eduardo-low-120x120.jpg 120w, https:\/\/science-teaching.org\/wp-content\/uploads\/2023\/09\/eduardo-low-125x125.jpg 125w, https:\/\/science-teaching.org\/wp-content\/uploads\/2023\/09\/eduardo-low.jpg 400w\" sizes=\"auto, (max-width: 300px) 100vw, 300px\" \/><\/figure>\n<\/div>\n\n\n<p style=\"font-size:22px\"><strong>Eduardo Benavides<\/strong><\/p>\n\n\n\n<p style=\"font-size:20px\">Consultor Educativo y Asesor Pedag\u00f3gico de Science Bits para Chile, Per\u00fa y Centroam\u00e9rica<\/p>\n\n\n\n<p style=\"font-size:17px\"><em>&gt; <\/em>Docente de Biolog\u00eda y Qu\u00edmica.<br><em>&gt; <\/em>Profesor de <em>Streaming <\/em>y creador de material did\u00e1ctico. Participa en programas de ense\u00f1anza libre para estudiantes de todo Chile.<br><em>&gt; Siempre quiso ser futbolista y es m\u00fasico de Blues.<\/em><\/p>\n\n\n\n<div style=\"height:15px\" aria-hidden=\"true\" class=\"wp-block-spacer\"><\/div>\n\n\n<div class=\"wp-block-image\">\n<figure class=\"alignleft size-full\"><img loading=\"lazy\" decoding=\"async\" width=\"300\" height=\"300\" src=\"https:\/\/science-teaching.org\/wp-content\/uploads\/2023\/07\/irina-busowsky-foto.jpg\" alt=\"\" class=\"wp-image-10306\" srcset=\"https:\/\/science-teaching.org\/wp-content\/uploads\/2023\/07\/irina-busowsky-foto.jpg 300w, https:\/\/science-teaching.org\/wp-content\/uploads\/2023\/07\/irina-busowsky-foto-150x150.jpg 150w, https:\/\/science-teaching.org\/wp-content\/uploads\/2023\/07\/irina-busowsky-foto-120x120.jpg 120w, https:\/\/science-teaching.org\/wp-content\/uploads\/2023\/07\/irina-busowsky-foto-125x125.jpg 125w\" sizes=\"auto, (max-width: 300px) 100vw, 300px\" \/><\/figure>\n<\/div>\n\n\n<p style=\"font-size:22px\"><strong>Irina Busowsky<\/strong><\/p>\n\n\n\n<p style=\"font-size:20px\">Consultora acad\u00e9mica en Science Bits Argentina.<br>Licenciada en Biotecnolog\u00eda.<\/p>\n\n\n\n<p style=\"font-size:17px\">&gt; Docente de Biolog\u00eda y Qu\u00edmica en nivel secundario en la Universidad de Buenos Aires. Examinadora del Programa Diploma del Bachiller Internacional en Biolog\u00eda. <\/p>\n\n\n\n<p style=\"font-size:17px\">&gt; Creadora de proyectos educativos reconocidos a nivel internacional.<\/p>\n\n\n\n<div style=\"height:16px\" aria-hidden=\"true\" class=\"wp-block-spacer\"><\/div>\n\n\n<div class=\"wp-block-image\">\n<figure class=\"alignleft size-full\"><img loading=\"lazy\" decoding=\"async\" width=\"300\" height=\"300\" src=\"https:\/\/science-teaching.org\/wp-content\/uploads\/2023\/07\/soledad-guida-foto.jpg\" alt=\"\" class=\"wp-image-10309\" srcset=\"https:\/\/science-teaching.org\/wp-content\/uploads\/2023\/07\/soledad-guida-foto.jpg 300w, https:\/\/science-teaching.org\/wp-content\/uploads\/2023\/07\/soledad-guida-foto-150x150.jpg 150w, https:\/\/science-teaching.org\/wp-content\/uploads\/2023\/07\/soledad-guida-foto-120x120.jpg 120w, https:\/\/science-teaching.org\/wp-content\/uploads\/2023\/07\/soledad-guida-foto-125x125.jpg 125w\" sizes=\"auto, (max-width: 300px) 100vw, 300px\" \/><\/figure>\n<\/div>\n\n\n<p style=\"font-size:22px\"><strong>Soledad Guida<\/strong><\/p>\n\n\n\n<p class=\"has-medium-font-size\">Consultora acad\u00e9mica en Science Bits Argentina.<\/p>\n\n\n\n<p style=\"font-size:17px\">&gt; Profesora de Ciencias Naturales, actualmente profesora de biolog\u00eda y docente impulsora de innovaci\u00f3n en el colegio San Jos\u00e9.<\/p>\n\n\n\n<p style=\"font-size:17px\">&gt; Capacitadora docente y disertante en seminarios relacionados con neurociencias.<\/p>\n\n\n\n<div style=\"height:46px\" aria-hidden=\"true\" class=\"wp-block-spacer\"><\/div>\n\n\n\n<div class=\"wp-block-buttons is-content-justification-center is-layout-flex wp-container-core-buttons-is-layout-16018d1d wp-block-buttons-is-layout-flex\">\n<div class=\"wp-block-button\"><a class=\"wp-block-button__link has-white-color has-text-color has-background has-text-align-center wp-element-button\" href=\"#elformulario\" style=\"background-color:#6ba214\"><strong>OBT\u00c9N ACCESO AL WEBINAR<\/strong><\/a><\/div>\n<\/div>\n\n\n\n<div style=\"height:13px\" aria-hidden=\"true\" class=\"wp-block-spacer\"><\/div>\n\n\n\n<hr class=\"wp-block-separator has-text-color has-cyan-bluish-gray-color has-css-opacity has-cyan-bluish-gray-background-color has-background is-style-wide\"\/>\n\n\n\n<div style=\"height:46px\" aria-hidden=\"true\" class=\"wp-block-spacer\"><\/div>\n\n\n\n<figure class=\"wp-block-image size-full is-resized is-style-default\"><a href=\"https:\/\/science-teaching.org\/wp-content\/uploads\/2022\/04\/SB-banner-logo-landing-form-webinar-raul-febles.png\"><img loading=\"lazy\" decoding=\"async\" src=\"https:\/\/science-teaching.org\/wp-content\/uploads\/2022\/04\/SB-banner-logo-landing-form-webinar-raul-febles.png\" alt=\"\" class=\"wp-image-5866\" style=\"object-fit:cover;width:251px;height:105px\" width=\"251\" height=\"105\" srcset=\"https:\/\/science-teaching.org\/wp-content\/uploads\/2022\/04\/SB-banner-logo-landing-form-webinar-raul-febles.png 501w, https:\/\/science-teaching.org\/wp-content\/uploads\/2022\/04\/SB-banner-logo-landing-form-webinar-raul-febles-300x125.png 300w\" sizes=\"auto, (max-width: 251px) 100vw, 251px\" \/><\/a><\/figure>\n\n\n\n<div style=\"height:15px\" aria-hidden=\"true\" class=\"wp-block-spacer\"><\/div>\n\n\n\n<p><strong><a rel=\"noreferrer noopener\" href=\"https:\/\/science-bits.com\/site\/es\/descubre-science-bits\/?utm_source=istf&amp;utm_medium=post&amp;utm_campaign=web-mas-alla-curriculum\" target=\"_blank\">Science Bits<\/a><\/strong>, el proyecto curricular de ciencias de la ISTF, ofrece a los profesores un conjunto de propuestas did\u00e1cticas que les ayudan a ense\u00f1ar ciencias de una forma que motiva a sus estudiantes. El objetivo de Science Bits es proporcionar herramientas a los docentes para promover una educaci\u00f3n cient\u00edfico-tecnol\u00f3gica de calidad.<\/p>\n\n\n\n<div style=\"height:15px\" aria-hidden=\"true\" class=\"wp-block-spacer\"><\/div>\n\n\n\n<figure class=\"wp-block-image size-full\"><img loading=\"lazy\" decoding=\"async\" width=\"240\" height=\"115\" src=\"https:\/\/science-teaching.org\/wp-content\/uploads\/2022\/03\/ISTF-ok-banner-logo-landing-form-webinar-pablo-fracciones-decimales.png\" alt=\"\" class=\"wp-image-4976\"\/><\/figure>\n\n\n\n<p style=\"font-size:17px\">La&nbsp;<strong><a rel=\"noreferrer noopener\" href=\"https:\/\/science-teaching.org\/es\/\" target=\"_blank\">International Science Teaching Foundation (ISTF)<\/a><\/strong>&nbsp;es una organizaci\u00f3n sin \u00e1nimo de lucro con sede en Londres, Reino Unido. Somos una entidad global comprometida con la mejora de la educaci\u00f3n de las materias cient\u00edfico-tecnol\u00f3gicas a escala planetaria. Colaboramos con docentes y educadores expertos en las materias cient\u00edfico-tecnol\u00f3gicas con diferentes bagajes. Nuestra intenci\u00f3n es crear una comunidad internacional de profesionales de la educaci\u00f3n cient\u00edfico-tecnol\u00f3gica con dedicaci\u00f3n activa y compromiso.<\/p>\n\n\n\n<div style=\"height:24px\" aria-hidden=\"true\" class=\"wp-block-spacer\"><\/div>\n\n\n\n<div class=\"wp-block-buttons is-content-justification-center is-layout-flex wp-container-core-buttons-is-layout-16018d1d wp-block-buttons-is-layout-flex\">\n<div class=\"wp-block-button\"><a class=\"wp-block-button__link has-white-color has-text-color has-background wp-element-button\" href=\"https:\/\/science-bits.com\/site\/es\/descubre-science-bits\/?utm_source=istf&amp;utm_medium=post&amp;utm_campaign=web-mas-alla-curriculum\" style=\"background-color:#6ba214\" target=\"_blank\" rel=\"noreferrer noopener\"><strong>QUIERO SABER M\u00c1S SOBRE SCIENCE BITS<\/strong><\/a><\/div>\n<\/div>\n\n\n\n<div style=\"height:30px\" aria-hidden=\"true\" class=\"wp-block-spacer\"><\/div>\n\n\n\n<p>&nbsp;<\/p>\n","protected":false},"excerpt":{"rendered":"<p>Conoce con Eduardo Benavides, Irina Busowsky y Soledad Guida c\u00f3mo potenciar la ense\u00f1anza de las ciencias para promover aprendizajes significativos. Jueves 19 de octubre 17:00h (ARG, PY y UY) \/ 16:00h (REP.DOM) \/ 15:00h (PE, CO, EC y PA ) \/ 14:00h (MX, GTM y CR) REGISTRO GRATUITO &#8211; REQUIERE INSCRIPCI\u00d3N PREVIA Rellena este formulario*1<\/p>\n","protected":false},"author":2,"featured_media":11086,"parent":0,"menu_order":0,"comment_status":"closed","ping_status":"closed","template":"","meta":{"footnotes":""},"class_list":["post-10959","page","type-page","status-publish","has-post-thumbnail","hentry"],"_links":{"self":[{"href":"https:\/\/science-teaching.org\/es\/wp-json\/wp\/v2\/pages\/10959","targetHints":{"allow":["GET"]}}],"collection":[{"href":"https:\/\/science-teaching.org\/es\/wp-json\/wp\/v2\/pages"}],"about":[{"href":"https:\/\/science-teaching.org\/es\/wp-json\/wp\/v2\/types\/page"}],"author":[{"embeddable":true,"href":"https:\/\/science-teaching.org\/es\/wp-json\/wp\/v2\/users\/2"}],"replies":[{"embeddable":true,"href":"https:\/\/science-teaching.org\/es\/wp-json\/wp\/v2\/comments?post=10959"}],"version-history":[{"count":31,"href":"https:\/\/science-teaching.org\/es\/wp-json\/wp\/v2\/pages\/10959\/revisions"}],"predecessor-version":[{"id":11139,"href":"https:\/\/science-teaching.org\/es\/wp-json\/wp\/v2\/pages\/10959\/revisions\/11139"}],"wp:featuredmedia":[{"embeddable":true,"href":"https:\/\/science-teaching.org\/es\/wp-json\/wp\/v2\/media\/11086"}],"wp:attachment":[{"href":"https:\/\/science-teaching.org\/es\/wp-json\/wp\/v2\/media?parent=10959"}],"curies":[{"name":"wp","href":"https:\/\/api.w.org\/{rel}","templated":true}]}}