{"id":1095,"date":"2019-01-23T14:44:44","date_gmt":"2019-01-23T13:44:44","guid":{"rendered":"http:\/\/blog.science-teaching.org\/?page_id=1095"},"modified":"2025-12-17T15:46:56","modified_gmt":"2025-12-17T14:46:56","slug":"inicio","status":"publish","type":"page","link":"https:\/\/science-teaching.org\/es\/inicio","title":{"rendered":"Inicio"},"content":{"rendered":"\r\n<div>\r\n<p><img loading=\"lazy\" decoding=\"async\" class=\"alignright wp-image-2599\" src=\"https:\/\/science-teaching.org\/wp-content\/uploads\/2021\/06\/montaje_aproximaciones-complementarias_ISTF_logos.jpg\" alt=\"Science Bits and Math Bits projects\" width=\"726\" height=\"339\" srcset=\"https:\/\/science-teaching.org\/wp-content\/uploads\/2021\/06\/montaje_aproximaciones-complementarias_ISTF_logos.jpg 580w, https:\/\/science-teaching.org\/wp-content\/uploads\/2021\/06\/montaje_aproximaciones-complementarias_ISTF_logos-300x140.jpg 300w\" sizes=\"auto, (max-width: 726px) 100vw, 726px\" \/>El objetivo de los proyectos <a href=\"https:\/\/science-bits.com\/site\/es\/\" target=\"_blank\" rel=\"noopener\"><strong>Science Bits<\/strong><\/a> y <a href=\"https:\/\/math-bits.com\/mb\/es\/\" target=\"_blank\" rel=\"noopener\"><strong>Math Bits<\/strong><\/a> <span style=\"font-weight: 400;\">es proporcionar a los docentes recursos y herramientas que promuevan una educaci\u00f3n en Ciencias y Matem\u00e1ticas de alta calidad, basada en la investigaci\u00f3n en la ense\u00f1anza de las ciencias y las matem\u00e1ticas, as\u00ed como en la psicolog\u00eda cognitiva. Este objetivo com\u00fan es compartido por todos los involucrados en estos proyectos, un equipo multidisciplinario de investigadores, profesores de ciencias y matem\u00e1ticas, desarrolladores de IT y profesionales multimedia de todo el mundo que trabajan en el marco de la Fundaci\u00f3n Internacional para la Ense\u00f1anza de las Ciencias.<\/span><\/p>\r\n\r\n\r\n\r\n<p><strong><span style=\"font-weight: 400;\">Los equipos de Science Bits y Math Bits han centrado todas sus energ\u00edas y creatividad en un <strong>excelente repositorio de lecciones multimedia de ciencias y matem\u00e1ticas para profesores de secundaria y preparatoria.\u00a0<\/strong><\/span><\/strong><\/p>\r\n<p><span style=\"font-weight: 400;\">Science Bits y Math Bits se adhieren al <strong>modelo de aprendizaje constructivista 5E, que promueve una comprensi\u00f3n real e involucra a los estudiantes en el aprendizaje mientras los ayuda a comprender la relevancia de las ciencias y las matem\u00e1ticas en sus vidas<\/strong>. Sus lecciones est\u00e1n claramente estructuradas en torno al modelo 5E, meticulosamente fundamentadas a nivel pedag\u00f3gico y enriquecidas con una amplia gama de objetos de aprendizaje interactivos y multimedia dise\u00f1ados para mejorar la experiencia de aprendizaje de los estudiantes.<\/span><\/p>\r\n<p><span style=\"font-weight: 400;\">Science Bits y Math Bits quieren jugar un papel activo en la promoci\u00f3n del cambio de un modelo educativo de transmisi\u00f3n, basado en la transmisi\u00f3n de hechos de profesor a alumno, a uno constructivista, basado en la reflexi\u00f3n, la indagaci\u00f3n guiada y el aprender haciendo. Y <strong>la mejor manera de lograr este cambio es empoderar a los docentes con herramientas f\u00e1ciles de usar y de gran potencial educativo, y hacerlo a nivel internacional.<\/strong><\/span><\/p>\r\n<h4 style=\"color: #26808c;\"><strong>\u00abPorque las Ciencias y las Matem\u00e1ticas no son un cuerpo de hechos inmutables que deban ser memorizados, sino una forma emocionante de obtener nuevos conocimientos y comprender el mundo que nos rodea.\u00bb<\/strong><\/h4>\r\n<h4>M\u00e1s informaci\u00f3n:<br \/><strong><a href=\"https:\/\/science-teaching.org\/es\/ciencia\/didactica-ciencia\/activa-tus-clases-de-ciencias\">Science Bits, activa tus clases de ciencias<\/a><\/strong> I <a href=\"https:\/\/science-teaching.org\/es\/matematicas\/didactica-matematicas\/activa-tus-clases-de-matematicas\"><strong>Math Bits, activa tus clases de matem\u00e1ticas<\/strong><\/a><\/h4>\r\n<p>&nbsp;<\/p>\r\n<\/div><!-- \/wp:column --><!-- wp:post-content --><!-- wp:heading {\"level\":1} -->\r\n<h1><span style=\"font-weight: 400;\"><strong>La International Science Teaching Foundation<\/strong> <\/span><\/h1>\r\n<p><span style=\"font-weight: 400;\">La International Science Teaching Foundation es una organizaci\u00f3n sin \u00e1nimo de lucro con sede en Londres (Reino Unido) y Barcelona (Espa\u00f1a). Somos una entidad comprometida con la mejora de la educaci\u00f3n STEM (Ciencia, Tecnolog\u00eda, Ingenier\u00eda y Matem\u00e1ticas) a escala global. Nuestra misi\u00f3n es fomentar las mejores pr\u00e1cticas en la educaci\u00f3n STEM escolar, entendiendo estas mejores pr\u00e1cticas como aquellas que se basan en la investigaci\u00f3n sobre c\u00f3mo aprenden las personas.\u00a0<\/span><\/p>\r\n<p><span style=\"font-weight: 400;\">Creemos que la educaci\u00f3n STEM es m\u00e1s importante que nunca para que los ciudadanos participen activamente en debates p\u00fablicos y tomen las decisiones personales correspondientes relacionadas con la salud, el medio ambiente y la tecnolog\u00eda, entre otros, con base en una s\u00f3lida comprensi\u00f3n cient\u00edfica.<\/span><\/p>\r\n<p><span style=\"font-weight: 400;\">Por ello, la International Science Teaching Foundation (ISTF) se consolida como un punto de encuentro para docentes, educadores y otros profesionales del \u00e1mbito de la ense\u00f1anza STEM que comparten los mismos objetivos y valores.<\/span><\/p>\r\n<!-- \/wp:heading -->\r\n<p>&nbsp;<\/p>\r\n<!-- wp:columns {\"className\":\"segcolor padding1020\"} -->\r\n<div class=\"wp-block-columns segcolor padding1020\"><!-- wp:column -->\r\n<div class=\"wp-block-column\"><!-- wp:image {\"id\":1105,\"sizeSlug\":\"large\",\"linkDestination\":\"media\"} -->\r\n<figure class=\"wp-block-image size-large\"><img loading=\"lazy\" decoding=\"async\" width=\"235\" height=\"164\" class=\"wp-image-1105\" src=\"https:\/\/science-teaching.org\/wp-content\/uploads\/2019\/01\/teaching.jpg\" alt=\"\" \/><\/figure>\r\n<!-- \/wp:image -->\r\n\r\n<!-- wp:heading -->\r\n<h2>Transformar y mejorar la educaci\u00f3n STEM<\/h2>\r\n<!-- \/wp:heading -->\r\n\r\n<!-- wp:paragraph -->\r\n<p>La ISTF se esfuerza por transformar la ense\u00f1anza STEM. Lograr este cambio en la educaci\u00f3n implica estar en contacto tanto con los docentes como con los proveedores de contenidos.<\/p>\r\n<!-- \/wp:paragraph --><\/div>\r\n<!-- \/wp:column -->\r\n\r\n<!-- wp:column -->\r\n<div class=\"wp-block-column\"><!-- wp:image {\"id\":1106,\"sizeSlug\":\"large\",\"linkDestination\":\"media\"} -->\r\n<figure class=\"wp-block-image size-large\"><img loading=\"lazy\" decoding=\"async\" width=\"235\" height=\"164\" class=\"wp-image-1106\" src=\"https:\/\/science-teaching.org\/wp-content\/uploads\/2019\/01\/research.jpg\" alt=\"\" \/><\/figure>\r\n<!-- \/wp:image -->\r\n\r\n<!-- wp:heading -->\r\n<h2>Investigaci\u00f3n Cient\u00edfica sobre la ense\u00f1anza y el aprendizaje<\/h2>\r\n<!-- \/wp:heading -->\r\n\r\n<!-- wp:paragraph -->\r\n<p>La investigaci\u00f3n es uno de los pilares de la educaci\u00f3n. Para brindar a los estudiantes la instrucci\u00f3n m\u00e1s eficiente posible, la ISTF promueve las \u00faltimas investigaciones en la ense\u00f1anza STEM.<\/p>\r\n<!-- \/wp:paragraph --><\/div>\r\n<!-- \/wp:column -->\r\n\r\n<!-- wp:column -->\r\n<div class=\"wp-block-column\"><!-- wp:image {\"id\":1107,\"sizeSlug\":\"large\",\"linkDestination\":\"media\"} -->\r\n<figure class=\"wp-block-image size-large\"><img loading=\"lazy\" decoding=\"async\" width=\"235\" height=\"164\" class=\"wp-image-1107\" src=\"https:\/\/science-teaching.org\/wp-content\/uploads\/2019\/01\/students.jpg\" alt=\"\" \/><\/figure>\r\n<!-- \/wp:image -->\r\n\r\n<!-- wp:heading -->\r\n<h2>Acceso Universal a una Educaci\u00f3n de Calidad<\/h2>\r\n<!-- \/wp:heading -->\r\n\r\n<!-- wp:paragraph -->\r\n<p>Los estudiantes de todo el mundo tienen derecho a recibir una educaci\u00f3n de alta calidad. Para garantizar este derecho, la ISTF se dirige a ellos y a los educadores de todo el mundo.<\/p>\r\n<!-- \/wp:paragraph --><\/div>\r\n<!-- \/wp:column --><\/div>\r\n<!-- \/wp:columns -->\r\n\r\n<!-- wp:heading {\"level\":1} -->\r\n<h1>Los proyectos Science Bits y Math Bits<\/h1>\r\n<!-- \/wp:heading -->\r\n\r\n<!-- wp:column -->\r\n<div><!-- wp:paragraph -->\r\n<p><img loading=\"lazy\" decoding=\"async\" class=\"alignright wp-image-2599\" src=\"https:\/\/science-teaching.org\/wp-content\/uploads\/2021\/06\/montaje_aproximaciones-complementarias_ISTF_logos.jpg\" alt=\"Science Bits and Math Bits projects\" width=\"726\" height=\"339\" srcset=\"https:\/\/science-teaching.org\/wp-content\/uploads\/2021\/06\/montaje_aproximaciones-complementarias_ISTF_logos.jpg 580w, https:\/\/science-teaching.org\/wp-content\/uploads\/2021\/06\/montaje_aproximaciones-complementarias_ISTF_logos-300x140.jpg 300w\" sizes=\"auto, (max-width: 726px) 100vw, 726px\" \/>El objetivo de los proyectos <a href=\"https:\/\/science-bits.com\/site\/es\/\" target=\"_blank\" rel=\"noopener\"><strong>Science Bits<\/strong><\/a> y <a href=\"https:\/\/math-bits.com\/mb\/es\/\" target=\"_blank\" rel=\"noopener\"><strong>Math Bits<\/strong><\/a> <span style=\"font-weight: 400;\">es proporcionar a los docentes recursos y herramientas que promuevan una educaci\u00f3n en Ciencias y Matem\u00e1ticas de alta calidad, basada en la investigaci\u00f3n en la ense\u00f1anza de las ciencias y las matem\u00e1ticas, as\u00ed como en la psicolog\u00eda cognitiva. Este objetivo com\u00fan es compartido por todos los involucrados en estos proyectos, un equipo multidisciplinario de investigadores, profesores de ciencias y matem\u00e1ticas, desarrolladores de IT y profesionales multimedia de todo el mundo que trabajan en el marco de la Fundaci\u00f3n Internacional para la Ense\u00f1anza de las Ciencias.<\/span><\/p>\r\n<!-- \/wp:paragraph -->\r\n\r\n<!-- wp:paragraph -->\r\n<p><strong><span style=\"font-weight: 400;\">Los equipos de Science Bits y Math Bits han centrado todas sus energ\u00edas y creatividad en un <strong>excelente repositorio de lecciones multimedia de ciencias y matem\u00e1ticas para profesores de secundaria y preparatoria.\u00a0<\/strong><\/span><\/strong><\/p>\r\n<p><span style=\"font-weight: 400;\">Science Bits y Math Bits se adhieren al <strong>modelo de aprendizaje constructivista 5E, que promueve una comprensi\u00f3n real e involucra a los estudiantes en el aprendizaje mientras los ayuda a comprender la relevancia de las ciencias y las matem\u00e1ticas en sus vidas<\/strong>. Sus lecciones est\u00e1n claramente estructuradas en torno al modelo 5E, meticulosamente fundamentadas a nivel pedag\u00f3gico y enriquecidas con una amplia gama de objetos de aprendizaje interactivos y multimedia dise\u00f1ados para mejorar la experiencia de aprendizaje de los estudiantes.<\/span><\/p>\r\n<p><span style=\"font-weight: 400;\">Science Bits y Math Bits quieren jugar un papel activo en la promoci\u00f3n del cambio de un modelo educativo de transmisi\u00f3n, basado en la transmisi\u00f3n de hechos de profesor a alumno, a uno constructivista, basado en la reflexi\u00f3n, la indagaci\u00f3n guiada y el aprender haciendo. Y <strong>la mejor manera de lograr este cambio es empoderar a los docentes con herramientas f\u00e1ciles de usar y de gran potencial educativo, y hacerlo a nivel internacional.<\/strong><\/span><\/p>\r\n<h4 style=\"color: #26808c;\"><strong>\u00abPorque las Ciencias y las Matem\u00e1ticas no son un cuerpo de hechos inmutables que deban ser memorizados, sino una forma emocionante de obtener nuevos conocimientos y comprender el mundo que nos rodea.\u00bb<\/strong><\/h4>\r\n<h4>M\u00e1s informaci\u00f3n:<br \/><strong><a href=\"https:\/\/science-teaching.org\/es\/ciencia\/didactica-ciencia\/activa-tus-clases-de-ciencias\">Science Bits, activa tus clases de ciencias<\/a><\/strong> I <a href=\"https:\/\/science-teaching.org\/es\/matematicas\/didactica-matematicas\/activa-tus-clases-de-matematicas\"><strong>Math Bits, activa tus clases de matem\u00e1ticas<\/strong><\/a><\/h4>\r\n<p>&nbsp;<\/p>\r\n<\/div><!-- \/wp:post-content -->","protected":false},"excerpt":{"rendered":"<p>La International Science Teaching Foundation La International Science Teaching Foundation es una organizaci\u00f3n sin \u00e1nimo de lucro con sede en Londres (Reino Unido) y Barcelona (Espa\u00f1a). Somos una entidad comprometida con la mejora de la educaci\u00f3n STEM (Ciencia, Tecnolog\u00eda, Ingenier\u00eda y Matem\u00e1ticas) a escala global. Nuestra misi\u00f3n es fomentar las mejores pr\u00e1cticas en la educaci\u00f3n1<\/p>\n","protected":false},"author":2,"featured_media":7212,"parent":0,"menu_order":0,"comment_status":"closed","ping_status":"closed","template":"","meta":{"footnotes":""},"class_list":["post-1095","page","type-page","status-publish","has-post-thumbnail","hentry"],"_links":{"self":[{"href":"https:\/\/science-teaching.org\/es\/wp-json\/wp\/v2\/pages\/1095","targetHints":{"allow":["GET"]}}],"collection":[{"href":"https:\/\/science-teaching.org\/es\/wp-json\/wp\/v2\/pages"}],"about":[{"href":"https:\/\/science-teaching.org\/es\/wp-json\/wp\/v2\/types\/page"}],"author":[{"embeddable":true,"href":"https:\/\/science-teaching.org\/es\/wp-json\/wp\/v2\/users\/2"}],"replies":[{"embeddable":true,"href":"https:\/\/science-teaching.org\/es\/wp-json\/wp\/v2\/comments?post=1095"}],"version-history":[{"count":167,"href":"https:\/\/science-teaching.org\/es\/wp-json\/wp\/v2\/pages\/1095\/revisions"}],"predecessor-version":[{"id":19821,"href":"https:\/\/science-teaching.org\/es\/wp-json\/wp\/v2\/pages\/1095\/revisions\/19821"}],"wp:featuredmedia":[{"embeddable":true,"href":"https:\/\/science-teaching.org\/es\/wp-json\/wp\/v2\/media\/7212"}],"wp:attachment":[{"href":"https:\/\/science-teaching.org\/es\/wp-json\/wp\/v2\/media?parent=1095"}],"curies":[{"name":"wp","href":"https:\/\/api.w.org\/{rel}","templated":true}]}}